{"id":1347,"date":"2018-05-30T18:59:07","date_gmt":"2018-05-30T15:59:07","guid":{"rendered":"https:\/\/www.vengrup.com\/?page_id=1347"},"modified":"2018-07-02T15:30:20","modified_gmt":"2018-07-02T12:30:20","slug":"damperler","status":"publish","type":"page","link":"https:\/\/www.vengrup.com\/?page_id=1347","title":{"rendered":"Damperler"},"content":{"rendered":"<p>[vc_row el_class=&#8221;mobil-no&#8221;][vc_column width=&#8221;1\/4&#8243;][vc_widget_sidebar show_bg=&#8221;false&#8221; sidebar_id=&#8221;sidebar_5&#8243; el_class=&#8221;ozel-sidebar&#8221;][vc_widget_sidebar show_bg=&#8221;false&#8221; sidebar_id=&#8221;sidebar_6&#8243;][\/vc_column][vc_column width=&#8221;3\/4&#8243;][vc_row_inner][vc_column_inner width=&#8221;1\/3&#8243;][vc_single_image image=&#8221;1530&#8243; img_size=&#8221;full&#8221; alignment=&#8221;center&#8221; image_hovers=&#8221;false&#8221;][\/vc_column_inner][vc_column_inner width=&#8221;2\/3&#8243;][vc_column_text]<strong>VVCD&nbsp;&#8211; D\u0130KD\u00d6RTGEN KES\u0130TL\u0130 DEB\u0130 REGLAJ DAMPERLER\u0130<\/strong><br \/>\nVenGrup VVCD model dikd\u00f6rtgen kesitli debi reglaj damperleri havaland\u0131rma sistemlerinde dikd\u00f6rtgen hava ayar eleman\u0131 olarak kullan\u0131l\u0131r. Kanatlar \u00f6zel olarak haddelemi\u015f 6063 al\u00fcminyum profil, kasa ise galvaniz sacdan imal edilmektedir. Montaj\u0131 c\u0131vatal\u0131 olarak yap\u0131lmaktad\u0131r. Kumanda motoru aksesuar\u0131d\u0131r.[\/vc_column_text][\/vc_column_inner][\/vc_row_inner][vc_separator style=&#8221;double&#8221; css=&#8221;.vc_custom_1527940207342{padding-top: 35px !important;padding-bottom: 35px !important;}&#8221;][vc_row_inner][vc_column_inner width=&#8221;1\/3&#8243;][vc_single_image image=&#8221;1531&#8243; img_size=&#8221;full&#8221; alignment=&#8221;center&#8221; image_hovers=&#8221;false&#8221;][\/vc_column_inner][vc_column_inner width=&#8221;2\/3&#8243;][vc_column_text]<strong>VVCY &#8211; DA\u0130RESEL KES\u0130TL\u0130 DEB\u0130 REGLAJ DAMPERLER\u0130<\/strong><br \/>\nVenGrup VVCY model dairesle kesitli debi reglaj damperi havaland\u0131rma sistemlerinde yuvarlak hava kanallar\u0131nda hava ayar eleman\u0131 olarak kullan\u0131lmaktad\u0131r. Galvaniz sacdan imal edilmektedir, klape \u00fczerine s\u0131zd\u0131rmazl\u0131k contas\u0131 uygulan\u0131r. Montaj\u0131 c\u0131vatal\u0131 olarak yap\u0131lmaktad\u0131r. Kumanda motoru aksesuar\u0131d\u0131r.[\/vc_column_text][\/vc_column_inner][\/vc_row_inner][vc_separator style=&#8221;double&#8221; css=&#8221;.vc_custom_1527940207342{padding-top: 35px !important;padding-bottom: 35px !important;}&#8221;][vc_row_inner][vc_column_inner width=&#8221;1\/3&#8243;][vc_single_image image=&#8221;1532&#8243; img_size=&#8221;full&#8221; alignment=&#8221;center&#8221; image_hovers=&#8221;false&#8221;][\/vc_column_inner][vc_column_inner width=&#8221;2\/3&#8243;][vc_column_text]<strong>VJK&nbsp;&#8211; JALUZ\u0130 KLAPELER<\/strong><br \/>\nVenGrup VJK model jaluzi klapeler tek y\u00f6nl\u00fc hava ak\u0131\u015f\u0131n\u0131 ger\u00e7ekle\u015ftiren elemanlard\u0131r. Kanala monte edilen, d\u0131\u015f duvar at\u0131\u015f k\u0131sm\u0131na monte edilen ve d\u0131\u015f duvar emi\u015f k\u0131sm\u0131na monte edilen olmak \u00fczere 3 tipi vard\u0131r. Kanatlar senkronize hareket i\u00e7in birbirine ba\u011flanm\u0131\u015flard\u0131r.[\/vc_column_text][\/vc_column_inner][\/vc_row_inner][vc_separator style=&#8221;double&#8221; css=&#8221;.vc_custom_1527940207342{padding-top: 35px !important;padding-bottom: 35px !important;}&#8221;][vc_row_inner][vc_column_inner width=&#8221;1\/3&#8243;][vc_single_image image=&#8221;1533&#8243; img_size=&#8221;full&#8221; alignment=&#8221;center&#8221; image_hovers=&#8221;false&#8221;][\/vc_column_inner][vc_column_inner width=&#8221;2\/3&#8243;][vc_column_text]<strong>VFD&nbsp;&#8211; YANGIN DAMPERLER\u0130<\/strong><br \/>\nVenGrup VFD model yang\u0131n damperleri havaland\u0131rma sistemlerinde yang\u0131n\u0131n etrafa yay\u0131lmas\u0131n\u0131 \u00f6nlemek amac\u0131 ile yang\u0131n alan\u0131n\u0131 s\u0131n\u0131rlamak i\u00e7in kullan\u0131l\u0131r. G\u00f6vde ve kanatlar \u0131s\u0131ya dayan\u0131kl\u0131 olacak \u015fekilde izole edilmekte ve talebe g\u00f6re yang\u0131n an\u0131nda otomatik kapamal\u0131 veya kontroll\u00fc olarak \u00fcretilmektedir.[\/vc_column_text][\/vc_column_inner][\/vc_row_inner][vc_separator style=&#8221;double&#8221; css=&#8221;.vc_custom_1527940207342{padding-top: 35px !important;padding-bottom: 35px !important;}&#8221;][vc_row_inner][vc_column_inner width=&#8221;1\/3&#8243;][vc_single_image image=&#8221;1534&#8243; img_size=&#8221;full&#8221; alignment=&#8221;center&#8221; image_hovers=&#8221;false&#8221;][\/vc_column_inner][vc_column_inner width=&#8221;2\/3&#8243;][vc_column_text]<strong>VKTF &#8211; KANAL T\u0130P\u0130 F\u0130LTRELER<\/strong><br \/>\nVenGrup VKTF model kanal tipi filtreler uygulamada kanal \u00fczerine monte edilebilecek tarzda tasarlanm\u0131\u015ft\u0131r. Her iki ucunda montaj flan\u015flar bulunmaktad\u0131r. Filtrelerin tamam\u0131 kolay s\u00f6k\u00fcl\u00fcp tak\u0131labilmeleri i\u00e7in k\u0131zaklar \u00fczerine yerle\u015ftirilmi\u015ftir.[\/vc_column_text][\/vc_column_inner][\/vc_row_inner][\/vc_column][\/vc_row][vc_row el_class=&#8221;desktop-no&#8221;][vc_column][vc_row_inner][vc_column_inner width=&#8221;1\/3&#8243;][vc_single_image image=&#8221;1530&#8243; img_size=&#8221;full&#8221; alignment=&#8221;center&#8221; image_hovers=&#8221;false&#8221;][\/vc_column_inner][vc_column_inner width=&#8221;2\/3&#8243;][vc_column_text]<strong>VVCD&nbsp;&#8211; D\u0130KD\u00d6RTGEN KES\u0130TL\u0130 DEB\u0130 REGLAJ DAMPERLER\u0130<\/strong><br \/>\nVenGrup VVCD model dikd\u00f6rtgen kesitli debi reglaj damperleri havaland\u0131rma sistemlerinde dikd\u00f6rtgen hava ayar eleman\u0131 olarak kullan\u0131l\u0131r. Kanatlar \u00f6zel olarak haddelemi\u015f 6063 al\u00fcminyum profil, kasa ise galvaniz sacdan imal edilmektedir. Montaj\u0131 c\u0131vatal\u0131 olarak yap\u0131lmaktad\u0131r. Kumanda motoru aksesuar\u0131d\u0131r.[\/vc_column_text][\/vc_column_inner][\/vc_row_inner][vc_separator style=&#8221;double&#8221; css=&#8221;.vc_custom_1527940207342{padding-top: 35px !important;padding-bottom: 35px !important;}&#8221;][vc_row_inner][vc_column_inner width=&#8221;1\/3&#8243;][vc_single_image image=&#8221;1531&#8243; img_size=&#8221;full&#8221; alignment=&#8221;center&#8221; image_hovers=&#8221;false&#8221;][\/vc_column_inner][vc_column_inner width=&#8221;2\/3&#8243;][vc_column_text]<strong>VVCY &#8211; DA\u0130RESEL KES\u0130TL\u0130 DEB\u0130 REGLAJ DAMPERLER\u0130<\/strong><br \/>\nVenGrup VVCY model dairesle kesitli debi reglaj damperi havaland\u0131rma sistemlerinde yuvarlak hava kanallar\u0131nda hava ayar eleman\u0131 olarak kullan\u0131lmaktad\u0131r. Galvaniz sacdan imal edilmektedir, klape \u00fczerine s\u0131zd\u0131rmazl\u0131k contas\u0131 uygulan\u0131r. Montaj\u0131 c\u0131vatal\u0131 olarak yap\u0131lmaktad\u0131r. Kumanda motoru aksesuar\u0131d\u0131r.[\/vc_column_text][\/vc_column_inner][\/vc_row_inner][vc_separator style=&#8221;double&#8221; css=&#8221;.vc_custom_1527940207342{padding-top: 35px !important;padding-bottom: 35px !important;}&#8221;][vc_row_inner][vc_column_inner width=&#8221;1\/3&#8243;][vc_single_image image=&#8221;1532&#8243; img_size=&#8221;full&#8221; alignment=&#8221;center&#8221; image_hovers=&#8221;false&#8221;][\/vc_column_inner][vc_column_inner width=&#8221;2\/3&#8243;][vc_column_text]<strong>VJK&nbsp;&#8211; JALUZ\u0130 KLAPELER<\/strong><br \/>\nVenGrup VJK model jaluzi klapeler tek y\u00f6nl\u00fc hava ak\u0131\u015f\u0131n\u0131 ger\u00e7ekle\u015ftiren elemanlard\u0131r. Kanala monte edilen, d\u0131\u015f duvar at\u0131\u015f k\u0131sm\u0131na monte edilen ve d\u0131\u015f duvar emi\u015f k\u0131sm\u0131na monte edilen olmak \u00fczere 3 tipi vard\u0131r. Kanatlar senkronize hareket i\u00e7in birbirine ba\u011flanm\u0131\u015flard\u0131r.[\/vc_column_text][\/vc_column_inner][\/vc_row_inner][vc_separator style=&#8221;double&#8221; css=&#8221;.vc_custom_1527940207342{padding-top: 35px !important;padding-bottom: 35px !important;}&#8221;][vc_row_inner][vc_column_inner width=&#8221;1\/3&#8243;][vc_single_image image=&#8221;1533&#8243; img_size=&#8221;full&#8221; alignment=&#8221;center&#8221; image_hovers=&#8221;false&#8221;][\/vc_column_inner][vc_column_inner width=&#8221;2\/3&#8243;][vc_column_text]<strong>VFD&nbsp;&#8211; YANGIN DAMPERLER\u0130<\/strong><br \/>\nVenGrup VFD model yang\u0131n damperleri havaland\u0131rma sistemlerinde yang\u0131n\u0131n etrafa yay\u0131lmas\u0131n\u0131 \u00f6nlemek amac\u0131 ile yang\u0131n alan\u0131n\u0131 s\u0131n\u0131rlamak i\u00e7in kullan\u0131l\u0131r. G\u00f6vde ve kanatlar \u0131s\u0131ya dayan\u0131kl\u0131 olacak \u015fekilde izole edilmekte ve talebe g\u00f6re yang\u0131n an\u0131nda otomatik kapamal\u0131 veya kontroll\u00fc olarak \u00fcretilmektedir.[\/vc_column_text][\/vc_column_inner][\/vc_row_inner][vc_separator style=&#8221;double&#8221; css=&#8221;.vc_custom_1527940207342{padding-top: 35px !important;padding-bottom: 35px !important;}&#8221;][vc_row_inner][vc_column_inner width=&#8221;1\/3&#8243;][vc_single_image image=&#8221;1534&#8243; img_size=&#8221;full&#8221; alignment=&#8221;center&#8221; image_hovers=&#8221;false&#8221;][\/vc_column_inner][vc_column_inner width=&#8221;2\/3&#8243;][vc_column_text]<strong>VKTF &#8211; KANAL T\u0130P\u0130 F\u0130LTRELER<\/strong><br \/>\nVenGrup VKTF model kanal tipi filtreler uygulamada kanal \u00fczerine monte edilebilecek tarzda tasarlanm\u0131\u015ft\u0131r. Her iki ucunda montaj flan\u015flar bulunmaktad\u0131r. Filtrelerin tamam\u0131 kolay s\u00f6k\u00fcl\u00fcp tak\u0131labilmeleri i\u00e7in k\u0131zaklar \u00fczerine yerle\u015ftirilmi\u015ftir.[\/vc_column_text][\/vc_column_inner][\/vc_row_inner][vc_widget_sidebar show_bg=&#8221;false&#8221; sidebar_id=&#8221;sidebar_5&#8243; el_class=&#8221;ozel-sidebar-mobil&#8221;][vc_widget_sidebar show_bg=&#8221;false&#8221; sidebar_id=&#8221;sidebar_6&#8243;][\/vc_column][\/vc_row]<\/p>","protected":false},"excerpt":{"rendered":"<p>[vc_row el_class=&#8221;mobil-no&#8221;][vc_column width=&#8221;1\/4&#8243;][vc_widget_sidebar show_bg=&#8221;false&#8221; sidebar_id=&#8221;sidebar_5&#8243; el_class=&#8221;ozel-sidebar&#8221;][vc_widget_sidebar show_bg=&#8221;false&#8221; sidebar_id=&#8221;sidebar_6&#8243;][\/vc_column][vc_column width=&#8221;3\/4&#8243;][vc_row_inner][vc_column_inner width=&#8221;1\/3&#8243;][vc_single_image image=&#8221;1530&#8243; img_size=&#8221;full&#8221; alignment=&#8221;center&#8221; image_hovers=&#8221;false&#8221;][\/vc_column_inner][vc_column_inner width=&#8221;2\/3&#8243;][vc_column_text]VVCD&nbsp;&#8211; D\u0130KD\u00d6RTGEN KES\u0130TL\u0130 DEB\u0130 REGLAJ DAMPERLER\u0130 VenGrup VVCD model dikd\u00f6rtgen kesitli debi reglaj damperleri havaland\u0131rma sistemlerinde dikd\u00f6rtgen hava ayar eleman\u0131 olarak kullan\u0131l\u0131r. Kanatlar \u00f6zel olarak haddelemi\u015f 6063 al\u00fcminyum profil, kasa ise galvaniz sacdan imal edilmektedir. Montaj\u0131 c\u0131vatal\u0131 olarak yap\u0131lmaktad\u0131r. Kumanda motoru&hellip;<\/p>\n","protected":false},"author":1,"featured_media":0,"parent":713,"menu_order":0,"comment_status":"closed","ping_status":"closed","template":"","meta":{"ngg_post_thumbnail":0,"footnotes":""},"_links":{"self":[{"href":"https:\/\/www.vengrup.com\/index.php?rest_route=\/wp\/v2\/pages\/1347"}],"collection":[{"href":"https:\/\/www.vengrup.com\/index.php?rest_route=\/wp\/v2\/pages"}],"about":[{"href":"https:\/\/www.vengrup.com\/index.php?rest_route=\/wp\/v2\/types\/page"}],"author":[{"embeddable":true,"href":"https:\/\/www.vengrup.com\/index.php?rest_route=\/wp\/v2\/users\/1"}],"replies":[{"embeddable":true,"href":"https:\/\/www.vengrup.com\/index.php?rest_route=%2Fwp%2Fv2%2Fcomments&post=1347"}],"version-history":[{"count":10,"href":"https:\/\/www.vengrup.com\/index.php?rest_route=\/wp\/v2\/pages\/1347\/revisions"}],"predecessor-version":[{"id":1949,"href":"https:\/\/www.vengrup.com\/index.php?rest_route=\/wp\/v2\/pages\/1347\/revisions\/1949"}],"up":[{"embeddable":true,"href":"https:\/\/www.vengrup.com\/index.php?rest_route=\/wp\/v2\/pages\/713"}],"wp:attachment":[{"href":"https:\/\/www.vengrup.com\/index.php?rest_route=%2Fwp%2Fv2%2Fmedia&parent=1347"}],"curies":[{"name":"wp","href":"https:\/\/api.w.org\/{rel}","templated":true}]}}