{"id":1349,"date":"2018-05-30T18:59:24","date_gmt":"2018-05-30T15:59:24","guid":{"rendered":"https:\/\/www.vengrup.com\/?page_id=1349"},"modified":"2018-07-02T15:37:11","modified_gmt":"2018-07-02T12:37:11","slug":"difuzorler","status":"publish","type":"page","link":"https:\/\/www.vengrup.com\/?page_id=1349","title":{"rendered":"Dif\u00fcz\u00f6rler"},"content":{"rendered":"<p>[vc_row el_class=&#8221;mobil-no&#8221;][vc_column width=&#8221;1\/4&#8243;][vc_widget_sidebar show_bg=&#8221;false&#8221; sidebar_id=&#8221;sidebar_5&#8243; el_class=&#8221;ozel-sidebar&#8221;][vc_widget_sidebar show_bg=&#8221;false&#8221; sidebar_id=&#8221;sidebar_6&#8243;][\/vc_column][vc_column width=&#8221;3\/4&#8243;][vc_row_inner][vc_column_inner width=&#8221;1\/3&#8243;][vc_single_image image=&#8221;1502&#8243; img_size=&#8221;full&#8221; alignment=&#8221;center&#8221; image_hovers=&#8221;false&#8221;][\/vc_column_inner][vc_column_inner width=&#8221;2\/3&#8243;][vc_column_text]<strong>VKA&nbsp;&#8211; KARE TAVAN D\u0130F\u00dcZ\u00d6RLER\u0130 (KARE ANEMOSTATLAR)<\/strong><br \/>\nVenGrup VKA model kare anemostadlar havaland\u0131rma sistemlerinde bu tip kanatl\u0131 dif\u00fcz\u00f6rler tavan uygulamalar\u0131 i\u00e7in tasarlanm\u0131\u015ft\u0131r. Uygulama gereksinimlerine ba\u011fl\u0131 olarak hava debisini ayarlamak ve hava debisini optimize etmek i\u00e7in aksesuarlar\u0131 ile birlikte da\u011f\u0131t\u0131c\u0131 ve toplay\u0131c\u0131 sistemlerde kullan\u0131l\u0131r. \u00d6zel olarak hadde edilmi\u015f 6063 al\u00fcminyum profilden imal edilmi\u015ftir. Standart kaplama i\u015flemi Ral 9010 ve 9016 renk kodlar\u0131nda elektrostatik toz boyama ile yap\u0131lmaktad\u0131r. Talebe g\u00f6re di\u011fer renkler ve eloksal kaplama da yap\u0131labilmektedir. Standartta vidal\u0131 \u00fcretilir. \u00c7er\u00e7evede delik istenmez ise mandal veya yay sistemli olarak \u00fcretilmektedir. Anemostad damperi ve plenum kutusu aksesuarlar\u0131d\u0131r.[\/vc_column_text][\/vc_column_inner][\/vc_row_inner][vc_row_inner][vc_column_inner][vc_separator style=&#8221;double&#8221; css=&#8221;.vc_custom_1527940207342{padding-top: 35px !important;padding-bottom: 35px !important;}&#8221;][\/vc_column_inner][\/vc_row_inner][vc_row_inner][vc_column_inner width=&#8221;1\/3&#8243;][vc_single_image image=&#8221;1505&#8243; img_size=&#8221;full&#8221; alignment=&#8221;center&#8221; image_hovers=&#8221;false&#8221;][\/vc_column_inner][vc_column_inner width=&#8221;2\/3&#8243;][vc_column_text]<strong>VYA&nbsp;\u2013 YUVARLAK TAVAN D\u0130F\u00dcZ\u00d6RLER\u0130 (YUVARLAK ANEMOSTATLAR)<\/strong><br \/>\nVenGrup VYA model yuvarlak anemostadlar havaland\u0131rma sistemlerinde \u00fcfleme dif\u00fcz\u00f6r\u00fc veya emi\u015f eleman\u0131 olarak kullan\u0131lmaktad\u0131r. Al\u00fcminyumdan imal edilmi\u015ftir. Standart kaplama i\u015flemi Ral 9010 ve 9016 renk kodlar\u0131nda elektrostatik toz boyama ile yap\u0131lmaktad\u0131r. Standart olarak vidal\u0131 \u00fcretilir.[\/vc_column_text][\/vc_column_inner][\/vc_row_inner][vc_row_inner][vc_column_inner][vc_separator style=&#8221;double&#8221; css=&#8221;.vc_custom_1527940207342{padding-top: 35px !important;padding-bottom: 35px !important;}&#8221;][\/vc_column_inner][\/vc_row_inner][vc_row_inner][vc_column_inner width=&#8221;1\/3&#8243;][vc_single_image image=&#8221;1503&#8243; img_size=&#8221;full&#8221; alignment=&#8221;center&#8221; image_hovers=&#8221;false&#8221;][\/vc_column_inner][vc_column_inner width=&#8221;2\/3&#8243;][vc_column_text]<strong>VGA&nbsp;&#8211; GEM\u0130C\u0130 ANEMOSTADLARI (AL\u00dcM\u0130NYUM)<\/strong><br \/>\nVenGrup VGA model gemici anemostadlar\u0131 havaland\u0131rma sistemlerinde genellikle k\u00fc\u00e7\u00fck mahallerin havaland\u0131rmas\u0131 i\u00e7in kullan\u0131lmaktad\u0131r. Al\u00fcminyumdan imal edilmi\u015ftir. Standart kaplama i\u015flemi Ral 9010 ve 9016 renk kodlar\u0131nda elektrostatik toz boyama ile yap\u0131lmaktad\u0131r. Talebe g\u00f6re di\u011fer renkler ve eloksal kaplama da yap\u0131labilmektedir. Standart olarak vidal\u0131 \u00fcretilir.[\/vc_column_text][\/vc_column_inner][\/vc_row_inner][vc_row_inner][vc_column_inner][vc_separator style=&#8221;double&#8221; css=&#8221;.vc_custom_1527940207342{padding-top: 35px !important;padding-bottom: 35px !important;}&#8221;][\/vc_column_inner][\/vc_row_inner][vc_row_inner][vc_column_inner width=&#8221;1\/3&#8243;][vc_single_image image=&#8221;1504&#8243; img_size=&#8221;full&#8221; alignment=&#8221;center&#8221; image_hovers=&#8221;false&#8221;][\/vc_column_inner][vc_column_inner width=&#8221;2\/3&#8243;][vc_column_text]<strong>VSD&nbsp;&#8211; SLOT D\u0130F\u00dcZ\u00d6RLER<\/strong><br \/>\nVenGrup VSD model slot dif\u00fcz\u00f6rler havaland\u0131rma sistemlerinde emi\u015f ve \u00fcfleme dif\u00fcz\u00f6r\u00fc olarak kullan\u0131lmakta olup montaj standartta k\u00f6pr\u00fcl\u00fcd\u00fcr. \u00d6zel olarak hadde edilmi\u015f 6063 al\u00fcminyum profilden imal edilmi\u015ftir. Kanatlar hari\u00e7 standart kaplama i\u015flemi Ral 9010 ve 9016 renk kodlar\u0131nda elektrostatik toz boyama ile yap\u0131lmaktad\u0131r. Talebe g\u00f6re di\u011fer renkler ve eloksal kaplama da yap\u0131labilmektedir. Kanatlar ise siyah eloksal ile kaplanmaktad\u0131r. Plenum kutusu ve k\u00f6\u015fe par\u00e7as\u0131 aksesuarlar\u0131d\u0131r.[\/vc_column_text][\/vc_column_inner][\/vc_row_inner][\/vc_column][\/vc_row][vc_row el_class=&#8221;desktop-no&#8221;][vc_column][vc_row_inner][vc_column_inner width=&#8221;1\/3&#8243;][vc_single_image image=&#8221;1502&#8243; img_size=&#8221;full&#8221; alignment=&#8221;center&#8221; image_hovers=&#8221;false&#8221;][\/vc_column_inner][vc_column_inner width=&#8221;2\/3&#8243;][vc_column_text]<strong>VKA&nbsp;&#8211; KARE TAVAN D\u0130F\u00dcZ\u00d6RLER\u0130 (KARE ANEMOSTATLAR)<\/strong><br \/>\nVenGrup VKA model kare anemostadlar havaland\u0131rma sistemlerinde bu tip kanatl\u0131 dif\u00fcz\u00f6rler tavan uygulamalar\u0131 i\u00e7in tasarlanm\u0131\u015ft\u0131r. Uygulama gereksinimlerine ba\u011fl\u0131 olarak hava debisini ayarlamak ve hava debisini optimize etmek i\u00e7in aksesuarlar\u0131 ile birlikte da\u011f\u0131t\u0131c\u0131 ve toplay\u0131c\u0131 sistemlerde kullan\u0131l\u0131r. \u00d6zel olarak hadde edilmi\u015f 6063 al\u00fcminyum profilden imal edilmi\u015ftir. Standart kaplama i\u015flemi Ral 9010 ve 9016 renk kodlar\u0131nda elektrostatik toz boyama ile yap\u0131lmaktad\u0131r. Talebe g\u00f6re di\u011fer renkler ve eloksal kaplama da yap\u0131labilmektedir. Standartta vidal\u0131 \u00fcretilir. \u00c7er\u00e7evede delik istenmez ise mandal veya yay sistemli olarak \u00fcretilmektedir. Anemostad damperi ve plenum kutusu aksesuarlar\u0131d\u0131r.[\/vc_column_text][\/vc_column_inner][\/vc_row_inner][vc_row_inner][vc_column_inner][vc_separator style=&#8221;double&#8221; css=&#8221;.vc_custom_1527940207342{padding-top: 35px !important;padding-bottom: 35px !important;}&#8221;][\/vc_column_inner][\/vc_row_inner][vc_row_inner][vc_column_inner width=&#8221;1\/3&#8243;][vc_single_image image=&#8221;1505&#8243; img_size=&#8221;full&#8221; alignment=&#8221;center&#8221; image_hovers=&#8221;false&#8221;][\/vc_column_inner][vc_column_inner width=&#8221;2\/3&#8243;][vc_column_text]<strong>VYA&nbsp;\u2013 YUVARLAK TAVAN D\u0130F\u00dcZ\u00d6RLER\u0130 (YUVARLAK ANEMOSTATLAR)<\/strong><br \/>\nVenGrup VYA model yuvarlak anemostadlar havaland\u0131rma sistemlerinde \u00fcfleme dif\u00fcz\u00f6r\u00fc veya emi\u015f eleman\u0131 olarak kullan\u0131lmaktad\u0131r. Al\u00fcminyumdan imal edilmi\u015ftir. Standart kaplama i\u015flemi Ral 9010 ve 9016 renk kodlar\u0131nda elektrostatik toz boyama ile yap\u0131lmaktad\u0131r. Standart olarak vidal\u0131 \u00fcretilir.[\/vc_column_text][\/vc_column_inner][\/vc_row_inner][vc_row_inner][vc_column_inner][vc_separator style=&#8221;double&#8221; css=&#8221;.vc_custom_1527940207342{padding-top: 35px !important;padding-bottom: 35px !important;}&#8221;][\/vc_column_inner][\/vc_row_inner][vc_row_inner][vc_column_inner width=&#8221;1\/3&#8243;][vc_single_image image=&#8221;1503&#8243; img_size=&#8221;full&#8221; alignment=&#8221;center&#8221; image_hovers=&#8221;false&#8221;][\/vc_column_inner][vc_column_inner width=&#8221;2\/3&#8243;][vc_column_text]<strong>VGA&nbsp;&#8211; GEM\u0130C\u0130 ANEMOSTADLARI (AL\u00dcM\u0130NYUM)<\/strong><br \/>\nVenGrup VGA model gemici anemostadlar\u0131 havaland\u0131rma sistemlerinde genellikle k\u00fc\u00e7\u00fck mahallerin havaland\u0131rmas\u0131 i\u00e7in kullan\u0131lmaktad\u0131r. Al\u00fcminyumdan imal edilmi\u015ftir. Standart kaplama i\u015flemi Ral 9010 ve 9016 renk kodlar\u0131nda elektrostatik toz boyama ile yap\u0131lmaktad\u0131r. Talebe g\u00f6re di\u011fer renkler ve eloksal kaplama da yap\u0131labilmektedir. Standart olarak vidal\u0131 \u00fcretilir.[\/vc_column_text][\/vc_column_inner][\/vc_row_inner][vc_row_inner][vc_column_inner][vc_separator style=&#8221;double&#8221; css=&#8221;.vc_custom_1527940207342{padding-top: 35px !important;padding-bottom: 35px !important;}&#8221;][\/vc_column_inner][\/vc_row_inner][vc_row_inner][vc_column_inner width=&#8221;1\/3&#8243;][vc_single_image image=&#8221;1504&#8243; img_size=&#8221;full&#8221; alignment=&#8221;center&#8221; image_hovers=&#8221;false&#8221;][\/vc_column_inner][vc_column_inner width=&#8221;2\/3&#8243;][vc_column_text]<strong>VSD&nbsp;&#8211; SLOT D\u0130F\u00dcZ\u00d6RLER<\/strong><br \/>\nVenGrup VSD model slot dif\u00fcz\u00f6rler havaland\u0131rma sistemlerinde emi\u015f ve \u00fcfleme dif\u00fcz\u00f6r\u00fc olarak kullan\u0131lmakta olup montaj standartta k\u00f6pr\u00fcl\u00fcd\u00fcr. \u00d6zel olarak hadde edilmi\u015f 6063 al\u00fcminyum profilden imal edilmi\u015ftir. Kanatlar hari\u00e7 standart kaplama i\u015flemi Ral 9010 ve 9016 renk kodlar\u0131nda elektrostatik toz boyama ile yap\u0131lmaktad\u0131r. Talebe g\u00f6re di\u011fer renkler ve eloksal kaplama da yap\u0131labilmektedir. Kanatlar ise siyah eloksal ile kaplanmaktad\u0131r. Plenum kutusu ve k\u00f6\u015fe par\u00e7as\u0131 aksesuarlar\u0131d\u0131r.[\/vc_column_text][\/vc_column_inner][\/vc_row_inner][vc_widget_sidebar show_bg=&#8221;false&#8221; sidebar_id=&#8221;sidebar_5&#8243; el_class=&#8221;ozel-sidebar-mobil&#8221;][vc_widget_sidebar show_bg=&#8221;false&#8221; sidebar_id=&#8221;sidebar_6&#8243;][\/vc_column][\/vc_row]<\/p>","protected":false},"excerpt":{"rendered":"<p>[vc_row el_class=&#8221;mobil-no&#8221;][vc_column width=&#8221;1\/4&#8243;][vc_widget_sidebar show_bg=&#8221;false&#8221; sidebar_id=&#8221;sidebar_5&#8243; el_class=&#8221;ozel-sidebar&#8221;][vc_widget_sidebar show_bg=&#8221;false&#8221; sidebar_id=&#8221;sidebar_6&#8243;][\/vc_column][vc_column width=&#8221;3\/4&#8243;][vc_row_inner][vc_column_inner width=&#8221;1\/3&#8243;][vc_single_image image=&#8221;1502&#8243; img_size=&#8221;full&#8221; alignment=&#8221;center&#8221; image_hovers=&#8221;false&#8221;][\/vc_column_inner][vc_column_inner width=&#8221;2\/3&#8243;][vc_column_text]VKA&nbsp;&#8211; KARE TAVAN D\u0130F\u00dcZ\u00d6RLER\u0130 (KARE ANEMOSTATLAR) VenGrup VKA model kare anemostadlar havaland\u0131rma sistemlerinde bu tip kanatl\u0131 dif\u00fcz\u00f6rler tavan uygulamalar\u0131 i\u00e7in tasarlanm\u0131\u015ft\u0131r. Uygulama gereksinimlerine ba\u011fl\u0131 olarak hava debisini ayarlamak ve hava debisini optimize etmek i\u00e7in aksesuarlar\u0131 ile birlikte da\u011f\u0131t\u0131c\u0131 ve toplay\u0131c\u0131 sistemlerde&hellip;<\/p>\n","protected":false},"author":1,"featured_media":0,"parent":713,"menu_order":0,"comment_status":"closed","ping_status":"closed","template":"","meta":{"ngg_post_thumbnail":0,"footnotes":""},"_links":{"self":[{"href":"https:\/\/www.vengrup.com\/index.php?rest_route=\/wp\/v2\/pages\/1349"}],"collection":[{"href":"https:\/\/www.vengrup.com\/index.php?rest_route=\/wp\/v2\/pages"}],"about":[{"href":"https:\/\/www.vengrup.com\/index.php?rest_route=\/wp\/v2\/types\/page"}],"author":[{"embeddable":true,"href":"https:\/\/www.vengrup.com\/index.php?rest_route=\/wp\/v2\/users\/1"}],"replies":[{"embeddable":true,"href":"https:\/\/www.vengrup.com\/index.php?rest_route=%2Fwp%2Fv2%2Fcomments&post=1349"}],"version-history":[{"count":22,"href":"https:\/\/www.vengrup.com\/index.php?rest_route=\/wp\/v2\/pages\/1349\/revisions"}],"predecessor-version":[{"id":1950,"href":"https:\/\/www.vengrup.com\/index.php?rest_route=\/wp\/v2\/pages\/1349\/revisions\/1950"}],"up":[{"embeddable":true,"href":"https:\/\/www.vengrup.com\/index.php?rest_route=\/wp\/v2\/pages\/713"}],"wp:attachment":[{"href":"https:\/\/www.vengrup.com\/index.php?rest_route=%2Fwp%2Fv2%2Fmedia&parent=1349"}],"curies":[{"name":"wp","href":"https:\/\/api.w.org\/{rel}","templated":true}]}}