{"id":1351,"date":"2018-05-30T19:00:04","date_gmt":"2018-05-30T16:00:04","guid":{"rendered":"https:\/\/www.vengrup.com\/?page_id=1351"},"modified":"2018-07-02T15:37:52","modified_gmt":"2018-07-02T12:37:52","slug":"dis-hava-panjurlari","status":"publish","type":"page","link":"https:\/\/www.vengrup.com\/?page_id=1351","title":{"rendered":"D\u0131\u015f Hava Panjurlar\u0131"},"content":{"rendered":"<p><\/p>\n<p>[vc_row el_class=&#8221;mobil-no&#8221;][vc_column width=&#8221;1\/4&#8243;][vc_widget_sidebar show_bg=&#8221;false&#8221; sidebar_id=&#8221;sidebar_5&#8243; el_class=&#8221;ozel-sidebar&#8221;][vc_widget_sidebar show_bg=&#8221;false&#8221; sidebar_id=&#8221;sidebar_6&#8243;][\/vc_column][vc_column width=&#8221;3\/4&#8243;][vc_row_inner][vc_column_inner width=&#8221;1\/3&#8243;][vc_single_image image=&#8221;1558&#8243; img_size=&#8221;full&#8221; alignment=&#8221;center&#8221; image_hovers=&#8221;false&#8221;][\/vc_column_inner][vc_column_inner width=&#8221;2\/3&#8243;][vc_column_text]<strong>VDHP&nbsp;&#8211; DI\u015e HAVA PANJURLARI<\/strong><br \/>\nVenGrup VDHP model d\u0131\u015f hava panjurlar\u0131 havaland\u0131rma sistemlerinde hava kanallar\u0131n\u0131n d\u0131\u015f ortamlara a\u00e7\u0131lan noktalar\u0131nda emi\u015f ve at\u0131\u015f menfezi olarak kullan\u0131l\u0131r d\u0131\u015f ortamlardan gelebilecek sinek, ya\u011fmur, ku\u015f vb. \u015eeylerin girmesini engelleme i\u015flevi yapar. \u00d6zel olarak hadde edilmi\u015f 6063 al\u00fcminyum profilden imal edilmi\u015ftir, standart kaplama i\u015flemi Ral 9010 ve 9016 renk kodlar\u0131nda elektrostatik toz boyama ile yap\u0131lmaktad\u0131r, talebe g\u00f6re natural al\u00fcminyum eloksal\u0131 da yap\u0131labilmektedir. Standart olarak vidal\u0131 \u00fcretilir. Galvanizli tel kafes aksesuard\u0131r.[\/vc_column_text][\/vc_column_inner][\/vc_row_inner][vc_separator style=&#8221;double&#8221; css=&#8221;.vc_custom_1527940207342{padding-top: 35px !important;padding-bottom: 35px !important;}&#8221;][vc_row_inner][vc_column_inner width=&#8221;1\/3&#8243;][vc_single_image image=&#8221;1559&#8243; img_size=&#8221;full&#8221; alignment=&#8221;center&#8221; image_hovers=&#8221;false&#8221;][\/vc_column_inner][vc_column_inner width=&#8221;2\/3&#8243;][vc_column_text]<strong>VKFP&nbsp;&#8211; KUM F\u0130LTREL\u0130 DI\u015e HAVA PANJURLARI<\/strong><br \/>\nVenGrup VKFP model kum tutuculu d\u0131\u015f hava panjurlar\u0131 havaland\u0131rma sistemlerinde hava kanallar\u0131n\u0131n d\u0131\u015f ortamlara a\u00e7\u0131lan noktalar\u0131nda emi\u015f ve at\u0131\u015f a\u00e7\u0131klar\u0131n\u0131 korumak, kum taneciklerinin zararlar\u0131na mani olmak ve ses iletimini engellemek i\u00e7in tasarlanm\u0131\u015ft\u0131r.[\/vc_column_text][\/vc_column_inner][\/vc_row_inner][\/vc_column][\/vc_row][vc_row el_class=&#8221;desktop-no&#8221;][vc_column][vc_row_inner][vc_column_inner width=&#8221;1\/3&#8243;][vc_single_image image=&#8221;1558&#8243; img_size=&#8221;full&#8221; alignment=&#8221;center&#8221; image_hovers=&#8221;false&#8221;][\/vc_column_inner][vc_column_inner width=&#8221;2\/3&#8243;][vc_column_text]<strong>VDHP&nbsp;&#8211; DI\u015e HAVA PANJURLARI<\/strong><br \/>\nVenGrup VDHP model d\u0131\u015f hava panjurlar\u0131 havaland\u0131rma sistemlerinde hava kanallar\u0131n\u0131n d\u0131\u015f ortamlara a\u00e7\u0131lan noktalar\u0131nda emi\u015f ve at\u0131\u015f menfezi olarak kullan\u0131l\u0131r d\u0131\u015f ortamlardan gelebilecek sinek, ya\u011fmur, ku\u015f vb. \u015eeylerin girmesini engelleme i\u015flevi yapar. \u00d6zel olarak hadde edilmi\u015f 6063 al\u00fcminyum profilden imal edilmi\u015ftir, standart kaplama i\u015flemi Ral 9010 ve 9016 renk kodlar\u0131nda elektrostatik toz boyama ile yap\u0131lmaktad\u0131r, talebe g\u00f6re natural al\u00fcminyum eloksal\u0131 da yap\u0131labilmektedir. Standart olarak vidal\u0131 \u00fcretilir. Galvanizli tel kafes aksesuard\u0131r.[\/vc_column_text][\/vc_column_inner][\/vc_row_inner][vc_separator style=&#8221;double&#8221; css=&#8221;.vc_custom_1527940207342{padding-top: 35px !important;padding-bottom: 35px !important;}&#8221;][vc_row_inner][vc_column_inner width=&#8221;1\/3&#8243;][vc_single_image image=&#8221;1559&#8243; img_size=&#8221;full&#8221; alignment=&#8221;center&#8221; image_hovers=&#8221;false&#8221;][\/vc_column_inner][vc_column_inner width=&#8221;2\/3&#8243;][vc_column_text]<strong>VKFP&nbsp;&#8211; KUM F\u0130LTREL\u0130 DI\u015e HAVA PANJURLARI<\/strong><br \/>\nVenGrup VKFP model kum tutuculu d\u0131\u015f hava panjurlar\u0131 havaland\u0131rma sistemlerinde hava kanallar\u0131n\u0131n d\u0131\u015f ortamlara a\u00e7\u0131lan noktalar\u0131nda emi\u015f ve at\u0131\u015f a\u00e7\u0131klar\u0131n\u0131 korumak, kum taneciklerinin zararlar\u0131na mani olmak ve ses iletimini engellemek i\u00e7in tasarlanm\u0131\u015ft\u0131r.[\/vc_column_text][\/vc_column_inner][\/vc_row_inner][vc_widget_sidebar show_bg=&#8221;false&#8221; sidebar_id=&#8221;sidebar_5&#8243; el_class=&#8221;ozel-sidebar-mobil&#8221;][vc_widget_sidebar show_bg=&#8221;false&#8221; sidebar_id=&#8221;sidebar_6&#8243;][\/vc_column][\/vc_row]<\/p>\n<p><\/p>","protected":false},"excerpt":{"rendered":"<p>[vc_row el_class=&#8221;mobil-no&#8221;][vc_column width=&#8221;1\/4&#8243;][vc_widget_sidebar show_bg=&#8221;false&#8221; sidebar_id=&#8221;sidebar_5&#8243; el_class=&#8221;ozel-sidebar&#8221;][vc_widget_sidebar show_bg=&#8221;false&#8221; sidebar_id=&#8221;sidebar_6&#8243;][\/vc_column][vc_column width=&#8221;3\/4&#8243;][vc_row_inner][vc_column_inner width=&#8221;1\/3&#8243;][vc_single_image image=&#8221;1558&#8243; img_size=&#8221;full&#8221; alignment=&#8221;center&#8221; image_hovers=&#8221;false&#8221;][\/vc_column_inner][vc_column_inner width=&#8221;2\/3&#8243;][vc_column_text]VDHP&nbsp;&#8211; DI\u015e HAVA PANJURLARI VenGrup VDHP model d\u0131\u015f hava panjurlar\u0131 havaland\u0131rma sistemlerinde hava kanallar\u0131n\u0131n d\u0131\u015f ortamlara a\u00e7\u0131lan noktalar\u0131nda emi\u015f ve at\u0131\u015f menfezi olarak kullan\u0131l\u0131r d\u0131\u015f ortamlardan gelebilecek sinek, ya\u011fmur, ku\u015f vb. \u015eeylerin girmesini engelleme i\u015flevi yapar. \u00d6zel olarak hadde edilmi\u015f 6063&hellip;<\/p>\n","protected":false},"author":1,"featured_media":0,"parent":713,"menu_order":0,"comment_status":"closed","ping_status":"closed","template":"","meta":{"ngg_post_thumbnail":0,"footnotes":""},"_links":{"self":[{"href":"https:\/\/www.vengrup.com\/index.php?rest_route=\/wp\/v2\/pages\/1351"}],"collection":[{"href":"https:\/\/www.vengrup.com\/index.php?rest_route=\/wp\/v2\/pages"}],"about":[{"href":"https:\/\/www.vengrup.com\/index.php?rest_route=\/wp\/v2\/types\/page"}],"author":[{"embeddable":true,"href":"https:\/\/www.vengrup.com\/index.php?rest_route=\/wp\/v2\/users\/1"}],"replies":[{"embeddable":true,"href":"https:\/\/www.vengrup.com\/index.php?rest_route=%2Fwp%2Fv2%2Fcomments&post=1351"}],"version-history":[{"count":8,"href":"https:\/\/www.vengrup.com\/index.php?rest_route=\/wp\/v2\/pages\/1351\/revisions"}],"predecessor-version":[{"id":1951,"href":"https:\/\/www.vengrup.com\/index.php?rest_route=\/wp\/v2\/pages\/1351\/revisions\/1951"}],"up":[{"embeddable":true,"href":"https:\/\/www.vengrup.com\/index.php?rest_route=\/wp\/v2\/pages\/713"}],"wp:attachment":[{"href":"https:\/\/www.vengrup.com\/index.php?rest_route=%2Fwp%2Fv2%2Fmedia&parent=1351"}],"curies":[{"name":"wp","href":"https:\/\/api.w.org\/{rel}","templated":true}]}}