{"id":1353,"date":"2018-05-30T19:01:40","date_gmt":"2018-05-30T16:01:40","guid":{"rendered":"https:\/\/www.vengrup.com\/?page_id=1353"},"modified":"2018-07-02T15:39:29","modified_gmt":"2018-07-02T12:39:29","slug":"helisel-difuzorler","status":"publish","type":"page","link":"https:\/\/www.vengrup.com\/?page_id=1353","title":{"rendered":"Helisel Dif\u00fcz\u00f6rler"},"content":{"rendered":"<p><\/p>\n<p>[vc_row el_class=&#8221;mobil-no&#8221;][vc_column width=&#8221;1\/4&#8243;][vc_widget_sidebar show_bg=&#8221;false&#8221; sidebar_id=&#8221;sidebar_5&#8243; el_class=&#8221;ozel-sidebar&#8221;][vc_widget_sidebar show_bg=&#8221;false&#8221; sidebar_id=&#8221;sidebar_6&#8243;][\/vc_column][vc_column width=&#8221;3\/4&#8243;][vc_row_inner][vc_column_inner width=&#8221;1\/3&#8243;][vc_single_image image=&#8221;1524&#8243; img_size=&#8221;full&#8221; alignment=&#8221;center&#8221; image_hovers=&#8221;false&#8221;][\/vc_column_inner][vc_column_inner width=&#8221;2\/3&#8243;][vc_column_text]<strong>VSDA-1&nbsp;&#8211; HEL\u0130SEL \u00dcFLEMEL\u0130 D\u0130F\u00dcZ\u00d6RLER<\/strong><br \/>\nVenGrup VSDA-1 model helisel \u00fcflemeli tavan dif\u00fcz\u00f6rleri \u00e7ok k\u0131sa mesafeler i\u00e7erisinde oda havas\u0131 ile homojen bir kar\u0131\u015f\u0131m sa\u011flamak i\u00e7in kullan\u0131l\u0131r. 2.6 ila 4 metre aras\u0131ndaki tavan y\u00fckseklikleri i\u00e7in ideal hava \u00fcfleme terminal \u00fcniteleridir. Talebe g\u00f6re plenum h\u00fccreli olarak \u00fcretilebilirler.[\/vc_column_text][\/vc_column_inner][\/vc_row_inner][vc_separator style=&#8221;double&#8221; css=&#8221;.vc_custom_1527940207342{padding-top: 35px !important;padding-bottom: 35px !important;}&#8221;][vc_row_inner][vc_column_inner width=&#8221;1\/3&#8243;][vc_single_image image=&#8221;1525&#8243; img_size=&#8221;full&#8221; alignment=&#8221;center&#8221; image_hovers=&#8221;false&#8221;][\/vc_column_inner][vc_column_inner width=&#8221;2\/3&#8243;][vc_column_text]<strong>VSDA-2&nbsp;&#8211; HEL\u0130SEL \u00dcFLEMEL\u0130 D\u0130F\u00dcZ\u00d6RLER<\/strong><br \/>\nVenGrup VSDA-2 model helisel \u00fcflemeli tavan dif\u00fcz\u00f6rleri \u00e7ok k\u0131sa mesafeler i\u00e7erisinde oda havas\u0131 ile homojen bir kar\u0131\u015f\u0131m sa\u011flamak i\u00e7in kullan\u0131l\u0131r. 2.6 ila 4 metre aras\u0131ndaki tavan y\u00fckseklikleri i\u00e7in ideal hava \u00fcfleme terminal \u00fcniteleridir. Talebe g\u00f6re plenum h\u00fccreli olarak \u00fcretilebilirler.[\/vc_column_text][\/vc_column_inner][\/vc_row_inner][vc_separator style=&#8221;double&#8221; css=&#8221;.vc_custom_1527940207342{padding-top: 35px !important;padding-bottom: 35px !important;}&#8221;][vc_row_inner][vc_column_inner width=&#8221;1\/3&#8243;][vc_single_image image=&#8221;1526&#8243; img_size=&#8221;full&#8221; alignment=&#8221;center&#8221; image_hovers=&#8221;false&#8221;][\/vc_column_inner][vc_column_inner width=&#8221;2\/3&#8243;][vc_column_text]<strong>VSDA-3&nbsp;&#8211; HEL\u0130SEL \u00dcFLEMEL\u0130 D\u0130F\u00dcZ\u00d6RLER<\/strong><br \/>\nVenGrup VSDA-3 model helisel \u00fcflemeli tavan dif\u00fcz\u00f6rleri \u00e7ok k\u0131sa mesafeler i\u00e7erisinde oda havas\u0131 ile homojen bir kar\u0131\u015f\u0131m sa\u011flamak i\u00e7in kullan\u0131l\u0131r. 2.6 ila 4 metre aras\u0131ndaki tavan y\u00fckseklikleri i\u00e7in ideal hava \u00fcfleme terminal \u00fcniteleridir. Hava \u00fcfleme y\u00f6n\u00fcn\u00fc ayarlanabilir. Talebe g\u00f6re plenum h\u00fccreli olarak \u00fcretilebilirler.[\/vc_column_text][\/vc_column_inner][\/vc_row_inner][vc_separator style=&#8221;double&#8221; css=&#8221;.vc_custom_1527940207342{padding-top: 35px !important;padding-bottom: 35px !important;}&#8221;][vc_row_inner][vc_column_inner width=&#8221;1\/3&#8243;][vc_single_image image=&#8221;1527&#8243; img_size=&#8221;full&#8221; alignment=&#8221;center&#8221; image_hovers=&#8221;false&#8221;][\/vc_column_inner][vc_column_inner width=&#8221;2\/3&#8243;][vc_column_text]<strong>VSDD-5 &#8211; HEL\u0130SEL \u00dcFLEMEL\u0130 D\u0130F\u00dcZ\u00d6RLER<\/strong><br \/>\nVenGrup VSDD-5 model helisel \u00fcflemeli tavan dif\u00fcz\u00f6rleri \u00e7ok k\u0131sa mesafeler i\u00e7erisinde oda havas\u0131 ile homojen bir kar\u0131\u015f\u0131m sa\u011flamak i\u00e7in kullan\u0131l\u0131r, 15 metreye kadar tavan y\u00fckseklikleri i\u00e7in ideal hava \u00fcfleme terminal \u00fcniteleridir. Talebe g\u00f6re plenum h\u00fccreli olarak \u00fcretilebilirler[\/vc_column_text][\/vc_column_inner][\/vc_row_inner][vc_separator style=&#8221;double&#8221; css=&#8221;.vc_custom_1527940207342{padding-top: 35px !important;padding-bottom: 35px !important;}&#8221;][vc_row_inner][vc_column_inner width=&#8221;1\/3&#8243;][vc_single_image image=&#8221;1528&#8243; img_size=&#8221;full&#8221; alignment=&#8221;center&#8221; image_hovers=&#8221;false&#8221;][\/vc_column_inner][vc_column_inner width=&#8221;2\/3&#8243;][vc_column_text]<strong>VDR&nbsp;&#8211; D\u00d6NER G\u00d6VDEL\u0130 D\u0130F\u00dcZ\u00d6RLER<\/strong><br \/>\nVenGrup VDR model d\u00f6ner tavan dif\u00fcz\u00f6r\u00fc end\u00fcstriyel havaland\u0131rma ve konfor klima sistemlerinde kullan\u0131ma uygundur konser, toplant\u0131, sinema, tiyatro salonlar\u0131 fabrikalar ve s\u00fcpermarketler gibi tavan y\u00fcksekli\u011fi 3.5 metre ve daha y\u00fcksek olan mahallerde tercih edilir. Yaz ve k\u0131\u015f kanat a\u00e7\u0131lar\u0131 ayarlanarak verimlik sa\u011flan\u0131r.[\/vc_column_text][\/vc_column_inner][\/vc_row_inner][\/vc_column][\/vc_row][vc_row el_class=&#8221;desktop-no&#8221;][vc_column][vc_row_inner][vc_column_inner width=&#8221;1\/3&#8243;][vc_single_image image=&#8221;1524&#8243; img_size=&#8221;full&#8221; alignment=&#8221;center&#8221; image_hovers=&#8221;false&#8221;][\/vc_column_inner][vc_column_inner width=&#8221;2\/3&#8243;][vc_column_text]<strong>VSDA-1&nbsp;&#8211; HEL\u0130SEL \u00dcFLEMEL\u0130 D\u0130F\u00dcZ\u00d6RLER<\/strong><br \/>\nVenGrup VSDA-1 model helisel \u00fcflemeli tavan dif\u00fcz\u00f6rleri \u00e7ok k\u0131sa mesafeler i\u00e7erisinde oda havas\u0131 ile homojen bir kar\u0131\u015f\u0131m sa\u011flamak i\u00e7in kullan\u0131l\u0131r. 2.6 ila 4 metre aras\u0131ndaki tavan y\u00fckseklikleri i\u00e7in ideal hava \u00fcfleme terminal \u00fcniteleridir. Talebe g\u00f6re plenum h\u00fccreli olarak \u00fcretilebilirler.[\/vc_column_text][\/vc_column_inner][\/vc_row_inner][vc_separator style=&#8221;double&#8221; css=&#8221;.vc_custom_1527940207342{padding-top: 35px !important;padding-bottom: 35px !important;}&#8221;][vc_row_inner][vc_column_inner width=&#8221;1\/3&#8243;][vc_single_image image=&#8221;1525&#8243; img_size=&#8221;full&#8221; alignment=&#8221;center&#8221; image_hovers=&#8221;false&#8221;][\/vc_column_inner][vc_column_inner width=&#8221;2\/3&#8243;][vc_column_text]<strong>VSDA-2&nbsp;&#8211; HEL\u0130SEL \u00dcFLEMEL\u0130 D\u0130F\u00dcZ\u00d6RLER<\/strong><br \/>\nVenGrup VSDA-2 model helisel \u00fcflemeli tavan dif\u00fcz\u00f6rleri \u00e7ok k\u0131sa mesafeler i\u00e7erisinde oda havas\u0131 ile homojen bir kar\u0131\u015f\u0131m sa\u011flamak i\u00e7in kullan\u0131l\u0131r. 2.6 ila 4 metre aras\u0131ndaki tavan y\u00fckseklikleri i\u00e7in ideal hava \u00fcfleme terminal \u00fcniteleridir. Talebe g\u00f6re plenum h\u00fccreli olarak \u00fcretilebilirler.[\/vc_column_text][\/vc_column_inner][\/vc_row_inner][vc_separator style=&#8221;double&#8221; css=&#8221;.vc_custom_1527940207342{padding-top: 35px !important;padding-bottom: 35px !important;}&#8221;][vc_row_inner][vc_column_inner width=&#8221;1\/3&#8243;][vc_single_image image=&#8221;1526&#8243; img_size=&#8221;full&#8221; alignment=&#8221;center&#8221; image_hovers=&#8221;false&#8221;][\/vc_column_inner][vc_column_inner width=&#8221;2\/3&#8243;][vc_column_text]<strong>VSDA-3&nbsp;&#8211; HEL\u0130SEL \u00dcFLEMEL\u0130 D\u0130F\u00dcZ\u00d6RLER<\/strong><br \/>\nVenGrup VSDA-3 model helisel \u00fcflemeli tavan dif\u00fcz\u00f6rleri \u00e7ok k\u0131sa mesafeler i\u00e7erisinde oda havas\u0131 ile homojen bir kar\u0131\u015f\u0131m sa\u011flamak i\u00e7in kullan\u0131l\u0131r. 2.6 ila 4 metre aras\u0131ndaki tavan y\u00fckseklikleri i\u00e7in ideal hava \u00fcfleme terminal \u00fcniteleridir. Hava \u00fcfleme y\u00f6n\u00fcn\u00fc ayarlanabilir. Talebe g\u00f6re plenum h\u00fccreli olarak \u00fcretilebilirler.[\/vc_column_text][\/vc_column_inner][\/vc_row_inner][vc_separator style=&#8221;double&#8221; css=&#8221;.vc_custom_1527940207342{padding-top: 35px !important;padding-bottom: 35px !important;}&#8221;][vc_row_inner][vc_column_inner width=&#8221;1\/3&#8243;][vc_single_image image=&#8221;1527&#8243; img_size=&#8221;full&#8221; alignment=&#8221;center&#8221; image_hovers=&#8221;false&#8221;][\/vc_column_inner][vc_column_inner width=&#8221;2\/3&#8243;][vc_column_text]<strong>VSDD-5 &#8211; HEL\u0130SEL \u00dcFLEMEL\u0130 D\u0130F\u00dcZ\u00d6RLER<\/strong><br \/>\nVenGrup VSDD-5 model helisel \u00fcflemeli tavan dif\u00fcz\u00f6rleri \u00e7ok k\u0131sa mesafeler i\u00e7erisinde oda havas\u0131 ile homojen bir kar\u0131\u015f\u0131m sa\u011flamak i\u00e7in kullan\u0131l\u0131r, 15 metreye kadar tavan y\u00fckseklikleri i\u00e7in ideal hava \u00fcfleme terminal \u00fcniteleridir. Talebe g\u00f6re plenum h\u00fccreli olarak \u00fcretilebilirler[\/vc_column_text][\/vc_column_inner][\/vc_row_inner][vc_separator style=&#8221;double&#8221; css=&#8221;.vc_custom_1527940207342{padding-top: 35px !important;padding-bottom: 35px !important;}&#8221;][vc_row_inner][vc_column_inner width=&#8221;1\/3&#8243;][vc_single_image image=&#8221;1528&#8243; img_size=&#8221;full&#8221; alignment=&#8221;center&#8221; image_hovers=&#8221;false&#8221;][\/vc_column_inner][vc_column_inner width=&#8221;2\/3&#8243;][vc_column_text]<strong>VDR&nbsp;&#8211; D\u00d6NER G\u00d6VDEL\u0130 D\u0130F\u00dcZ\u00d6RLER<\/strong><br \/>\nVenGrup VDR model d\u00f6ner tavan dif\u00fcz\u00f6r\u00fc end\u00fcstriyel havaland\u0131rma ve konfor klima sistemlerinde kullan\u0131ma uygundur konser, toplant\u0131, sinema, tiyatro salonlar\u0131 fabrikalar ve s\u00fcpermarketler gibi tavan y\u00fcksekli\u011fi 3.5 metre ve daha y\u00fcksek olan mahallerde tercih edilir. Yaz ve k\u0131\u015f kanat a\u00e7\u0131lar\u0131 ayarlanarak verimlik sa\u011flan\u0131r.[\/vc_column_text][\/vc_column_inner][\/vc_row_inner][vc_widget_sidebar show_bg=&#8221;false&#8221; sidebar_id=&#8221;sidebar_5&#8243; el_class=&#8221;ozel-sidebar-mobil&#8221;][vc_widget_sidebar show_bg=&#8221;false&#8221; sidebar_id=&#8221;sidebar_6&#8243;][\/vc_column][\/vc_row]<\/p>\n<p><\/p>","protected":false},"excerpt":{"rendered":"<p>[vc_row el_class=&#8221;mobil-no&#8221;][vc_column width=&#8221;1\/4&#8243;][vc_widget_sidebar show_bg=&#8221;false&#8221; sidebar_id=&#8221;sidebar_5&#8243; el_class=&#8221;ozel-sidebar&#8221;][vc_widget_sidebar show_bg=&#8221;false&#8221; sidebar_id=&#8221;sidebar_6&#8243;][\/vc_column][vc_column width=&#8221;3\/4&#8243;][vc_row_inner][vc_column_inner width=&#8221;1\/3&#8243;][vc_single_image image=&#8221;1524&#8243; img_size=&#8221;full&#8221; alignment=&#8221;center&#8221; image_hovers=&#8221;false&#8221;][\/vc_column_inner][vc_column_inner width=&#8221;2\/3&#8243;][vc_column_text]VSDA-1&nbsp;&#8211; HEL\u0130SEL \u00dcFLEMEL\u0130 D\u0130F\u00dcZ\u00d6RLER VenGrup VSDA-1 model helisel \u00fcflemeli tavan dif\u00fcz\u00f6rleri \u00e7ok k\u0131sa mesafeler i\u00e7erisinde oda havas\u0131 ile homojen bir kar\u0131\u015f\u0131m sa\u011flamak i\u00e7in kullan\u0131l\u0131r. 2.6 ila 4 metre aras\u0131ndaki tavan y\u00fckseklikleri i\u00e7in ideal hava \u00fcfleme terminal \u00fcniteleridir. Talebe g\u00f6re plenum h\u00fccreli&hellip;<\/p>\n","protected":false},"author":1,"featured_media":0,"parent":713,"menu_order":0,"comment_status":"closed","ping_status":"closed","template":"","meta":{"ngg_post_thumbnail":0,"footnotes":""},"_links":{"self":[{"href":"https:\/\/www.vengrup.com\/index.php?rest_route=\/wp\/v2\/pages\/1353"}],"collection":[{"href":"https:\/\/www.vengrup.com\/index.php?rest_route=\/wp\/v2\/pages"}],"about":[{"href":"https:\/\/www.vengrup.com\/index.php?rest_route=\/wp\/v2\/types\/page"}],"author":[{"embeddable":true,"href":"https:\/\/www.vengrup.com\/index.php?rest_route=\/wp\/v2\/users\/1"}],"replies":[{"embeddable":true,"href":"https:\/\/www.vengrup.com\/index.php?rest_route=%2Fwp%2Fv2%2Fcomments&post=1353"}],"version-history":[{"count":8,"href":"https:\/\/www.vengrup.com\/index.php?rest_route=\/wp\/v2\/pages\/1353\/revisions"}],"predecessor-version":[{"id":1954,"href":"https:\/\/www.vengrup.com\/index.php?rest_route=\/wp\/v2\/pages\/1353\/revisions\/1954"}],"up":[{"embeddable":true,"href":"https:\/\/www.vengrup.com\/index.php?rest_route=\/wp\/v2\/pages\/713"}],"wp:attachment":[{"href":"https:\/\/www.vengrup.com\/index.php?rest_route=%2Fwp%2Fv2%2Fmedia&parent=1353"}],"curies":[{"name":"wp","href":"https:\/\/api.w.org\/{rel}","templated":true}]}}