{"id":1355,"date":"2018-05-30T19:01:58","date_gmt":"2018-05-30T16:01:58","guid":{"rendered":"https:\/\/www.vengrup.com\/?page_id=1355"},"modified":"2018-07-02T15:41:01","modified_gmt":"2018-07-02T12:41:01","slug":"hucreli-aspiratorler","status":"publish","type":"page","link":"https:\/\/www.vengrup.com\/?page_id=1355","title":{"rendered":"H\u00fccreli Aspirat\u00f6rler ve H\u00fccreli Vantilat\u00f6rler"},"content":{"rendered":"<p>[vc_row el_class=&#8221;mobil-no&#8221;][vc_column width=&#8221;1\/4&#8243;][vc_widget_sidebar show_bg=&#8221;false&#8221; sidebar_id=&#8221;sidebar_5&#8243; el_class=&#8221;ozel-sidebar&#8221;][vc_widget_sidebar show_bg=&#8221;false&#8221; sidebar_id=&#8221;sidebar_6&#8243;][\/vc_column][vc_column width=&#8221;3\/4&#8243;][vc_row_inner][vc_column_inner width=&#8221;1\/3&#8243;][vc_single_image image=&#8221;1565&#8243; img_size=&#8221;full&#8221; alignment=&#8221;center&#8221; image_hovers=&#8221;false&#8221;][\/vc_column_inner][vc_column_inner width=&#8221;2\/3&#8243;][vc_column_text]<strong>H\u00dcCREL\u0130 ASP\u0130RAT\u00d6RLER ve H\u00dcCREL\u0130 VANT\u0130LAT\u00d6RLER<\/strong><br \/>\nVenGrup H\u00fccreli Aspirat\u00f6rleri ihtiyac\u0131n\u0131za y\u00f6nelik kapasitelerde \u00fcretilmektedir. H\u00fccre panelleri 25mm veya 50mm kal\u0131nl\u0131\u011f\u0131nda ta\u015f y\u00fcn\u00fc, cam y\u00fcn\u00fc ve poli\u00fcretan ile kaplanmaktad\u0131r. Kullan\u0131lan fanlar geriye veya \u00f6ne e\u011fimli (seyrek kanatl\u0131) fanlard\u0131r. Titre\u015fim ve sesi engellemek amac\u0131yla fan ve motor tertibat\u0131n\u0131n h\u00fccre ile temas\u0131 konvekt\u00f6r ile sa\u011flanm\u0131\u015ft\u0131r. Kasnak tertibat\u0131 s\u0131kma bur\u00e7lu olup, rahatl\u0131kla s\u00f6k\u00fcl\u00fcp tak\u0131labilmektedir.<\/p>\n<p>&nbsp;<\/p>\n<p><strong>Kullan\u0131m Alanlar\u0131;<\/strong> \u0130\u015fyerleri, ofisler, kafeteryalar, marketler, fabrikalar, restaurantlar, yemekhaneler, toplant\u0131 salonlar\u0131 gibi mekanlar\u0131n havaland\u0131rma ihtiya\u00e7lar\u0131n\u0131 kar\u015f\u0131lamak i\u00e7in kullan\u0131l\u0131r.[\/vc_column_text][\/vc_column_inner][\/vc_row_inner][\/vc_column][\/vc_row][vc_row el_class=&#8221;desktop-no&#8221;][vc_column][vc_row_inner][vc_column_inner width=&#8221;1\/3&#8243;][vc_single_image image=&#8221;1565&#8243; img_size=&#8221;full&#8221; alignment=&#8221;center&#8221; image_hovers=&#8221;false&#8221;][\/vc_column_inner][vc_column_inner width=&#8221;2\/3&#8243;][vc_column_text]<strong>H\u00dcCREL\u0130 ASP\u0130RAT\u00d6RLER<\/strong><br \/>\nVenGrup H\u00fccreli Aspirat\u00f6rleri ihtiyac\u0131n\u0131za y\u00f6nelik kapasitelerde \u00fcretilmektedir. H\u00fccre panelleri 25mm veya 50mm kal\u0131nl\u0131\u011f\u0131nda ta\u015f y\u00fcn\u00fc, cam y\u00fcn\u00fc ve poli\u00fcretan ile kaplanmaktad\u0131r. Kullan\u0131lan fanlar geriye veya \u00f6ne e\u011fimli (seyrek kanatl\u0131) fanlard\u0131r. Titre\u015fim ve sesi engellemek amac\u0131yla fan ve motor tertibat\u0131n\u0131n h\u00fccre ile temas\u0131 konvekt\u00f6r ile sa\u011flanm\u0131\u015ft\u0131r. Kasnak tertibat\u0131 s\u0131kma bur\u00e7lu olup, rahatl\u0131kla s\u00f6k\u00fcl\u00fcp tak\u0131labilmektedir.<\/p>\n<p>&nbsp;<\/p>\n<p><strong>Kullan\u0131m Alanlar\u0131;<\/strong> \u0130\u015fyerleri, ofisler, kafeteryalar, marketler, fabrikalar, restaurantlar, yemekhaneler, toplant\u0131 salonlar\u0131 gibi mekanlar\u0131n havaland\u0131rma ihtiya\u00e7lar\u0131n\u0131 kar\u015f\u0131lamak i\u00e7in kullan\u0131l\u0131r.[\/vc_column_text][\/vc_column_inner][\/vc_row_inner][vc_widget_sidebar show_bg=&#8221;false&#8221; sidebar_id=&#8221;sidebar_5&#8243; el_class=&#8221;ozel-sidebar-mobil&#8221;][vc_widget_sidebar show_bg=&#8221;false&#8221; sidebar_id=&#8221;sidebar_6&#8243;][\/vc_column][\/vc_row]<\/p>","protected":false},"excerpt":{"rendered":"<p>[vc_row el_class=&#8221;mobil-no&#8221;][vc_column width=&#8221;1\/4&#8243;][vc_widget_sidebar show_bg=&#8221;false&#8221; sidebar_id=&#8221;sidebar_5&#8243; el_class=&#8221;ozel-sidebar&#8221;][vc_widget_sidebar show_bg=&#8221;false&#8221; sidebar_id=&#8221;sidebar_6&#8243;][\/vc_column][vc_column width=&#8221;3\/4&#8243;][vc_row_inner][vc_column_inner width=&#8221;1\/3&#8243;][vc_single_image image=&#8221;1565&#8243; img_size=&#8221;full&#8221; alignment=&#8221;center&#8221; image_hovers=&#8221;false&#8221;][\/vc_column_inner][vc_column_inner width=&#8221;2\/3&#8243;][vc_column_text]H\u00dcCREL\u0130 ASP\u0130RAT\u00d6RLER ve H\u00dcCREL\u0130 VANT\u0130LAT\u00d6RLER VenGrup H\u00fccreli Aspirat\u00f6rleri ihtiyac\u0131n\u0131za y\u00f6nelik kapasitelerde \u00fcretilmektedir. H\u00fccre panelleri 25mm veya 50mm kal\u0131nl\u0131\u011f\u0131nda ta\u015f y\u00fcn\u00fc, cam y\u00fcn\u00fc ve poli\u00fcretan ile kaplanmaktad\u0131r. Kullan\u0131lan fanlar geriye veya \u00f6ne e\u011fimli (seyrek kanatl\u0131) fanlard\u0131r. Titre\u015fim ve sesi engellemek amac\u0131yla fan&hellip;<\/p>\n","protected":false},"author":1,"featured_media":0,"parent":713,"menu_order":0,"comment_status":"closed","ping_status":"closed","template":"","meta":{"ngg_post_thumbnail":0,"footnotes":""},"_links":{"self":[{"href":"https:\/\/www.vengrup.com\/index.php?rest_route=\/wp\/v2\/pages\/1355"}],"collection":[{"href":"https:\/\/www.vengrup.com\/index.php?rest_route=\/wp\/v2\/pages"}],"about":[{"href":"https:\/\/www.vengrup.com\/index.php?rest_route=\/wp\/v2\/types\/page"}],"author":[{"embeddable":true,"href":"https:\/\/www.vengrup.com\/index.php?rest_route=\/wp\/v2\/users\/1"}],"replies":[{"embeddable":true,"href":"https:\/\/www.vengrup.com\/index.php?rest_route=%2Fwp%2Fv2%2Fcomments&post=1355"}],"version-history":[{"count":10,"href":"https:\/\/www.vengrup.com\/index.php?rest_route=\/wp\/v2\/pages\/1355\/revisions"}],"predecessor-version":[{"id":1955,"href":"https:\/\/www.vengrup.com\/index.php?rest_route=\/wp\/v2\/pages\/1355\/revisions\/1955"}],"up":[{"embeddable":true,"href":"https:\/\/www.vengrup.com\/index.php?rest_route=\/wp\/v2\/pages\/713"}],"wp:attachment":[{"href":"https:\/\/www.vengrup.com\/index.php?rest_route=%2Fwp%2Fv2%2Fmedia&parent=1355"}],"curies":[{"name":"wp","href":"https:\/\/api.w.org\/{rel}","templated":true}]}}