{"id":1359,"date":"2018-05-30T19:02:56","date_gmt":"2018-05-30T16:02:56","guid":{"rendered":"https:\/\/www.vengrup.com\/?page_id=1359"},"modified":"2018-07-02T15:42:13","modified_gmt":"2018-07-02T12:42:13","slug":"klima-santralleri","status":"publish","type":"page","link":"https:\/\/www.vengrup.com\/?page_id=1359","title":{"rendered":"Klima Santralleri"},"content":{"rendered":"<p><\/p>\n<p>[vc_row el_class=&#8221;mobil-no&#8221;][vc_column width=&#8221;1\/4&#8243;][vc_widget_sidebar show_bg=&#8221;false&#8221; sidebar_id=&#8221;sidebar_5&#8243; el_class=&#8221;ozel-sidebar&#8221;][vc_widget_sidebar show_bg=&#8221;false&#8221; sidebar_id=&#8221;sidebar_6&#8243;][\/vc_column][vc_column width=&#8221;3\/4&#8243;][vc_row_inner][vc_column_inner width=&#8221;1\/3&#8243;][vc_single_image image=&#8221;1561&#8243; img_size=&#8221;full&#8221; alignment=&#8221;center&#8221; image_hovers=&#8221;false&#8221;][\/vc_column_inner][vc_column_inner width=&#8221;2\/3&#8243;][vc_column_text]<strong>STANDART T\u0130P KL\u0130MA SANTRALI<\/strong><br \/>\nKlima santrallar\u0131m\u0131z; 14 ana 42 ara modelden olu\u015fmakta ve 1.500 m3\/h-140.000 m3\/h kapasite aral\u0131\u011f\u0131nda ihtiyaca ba\u011fl\u0131 olarak \u0131s\u0131tma, so\u011futma ve havaland\u0131rma sistemlerinde esnek \u00e7\u00f6z\u00fcmler \u00fcretmekteyiz.<\/p>\n<p>&nbsp;<\/p>\n<p><strong>Kullan\u0131m Alanlar\u0131;<\/strong> Oteller, Hastaneler, Sinema, Restaurant, Fuar alanlar\u0131, \u0130la\u00e7 fabrikalar\u0131, Kimya sekt\u00f6r\u00fc, Otomotiv, Al\u0131\u015fveri\u015f merkezleri, Konutlar, Tekstil fabrikalar\u0131, G\u0131da ve Ka\u011f\u0131t End\u00fcstrisi.[\/vc_column_text][\/vc_column_inner][\/vc_row_inner][vc_separator style=&#8221;double&#8221; css=&#8221;.vc_custom_1527940207342{padding-top: 35px !important;padding-bottom: 35px !important;}&#8221;][vc_row_inner][vc_column_inner width=&#8221;1\/3&#8243;][vc_single_image image=&#8221;1562&#8243; img_size=&#8221;full&#8221; alignment=&#8221;center&#8221; image_hovers=&#8221;false&#8221;][\/vc_column_inner][vc_column_inner width=&#8221;2\/3&#8243;][vc_column_text]<strong>H\u0130JYEN\u0130K KL\u0130MA SANTRALI<\/strong><br \/>\nVenGrup olarak; Hastane, temiz oda, ila\u00e7 \u00fcretimi, mikrobiyolojik laboratuarlar, g\u0131da sanayi ve hassas odalar gibi y\u00fcksek m\u00fchendislik deneyimi gerektiren yerlerde; Tasar\u0131m, dan\u0131\u015fmanl\u0131k, proje geli\u015ftirme ve m\u00fchendislik anahtar teslimi mekanik taahh\u00fct, malzeme sat\u0131\u015f\u0131, sat\u0131\u015f sonras\u0131 bak\u0131m ve onar\u0131m hizmetleri, vaidasyon, kalifikasyon ve e\u011fitim konular\u0131nda bir b\u00fct\u00fcn olarak hizmet vermekteyiz.<\/p>\n<p>&nbsp;<\/p>\n<p>Kalite y\u00f6netim sistemleri alt\u0131nda hizmet veren firmam\u0131z; hijyenik ve konfora y\u00f6nelik klima ve havaland\u0131rma sistemlerini, havaland\u0131rma tesisat\u0131, mekanik tesisat, filtrasyon, elektrik g\u00fc\u00e7 kumanda panolar\u0131, otomatik kontrol ve otomasyon b\u00f6l\u00fcmlerini de i\u00e7erecek \u015fekilde anahtar teslimi yapmaktad\u0131r.[\/vc_column_text][\/vc_column_inner][\/vc_row_inner][vc_separator style=&#8221;double&#8221; css=&#8221;.vc_custom_1527940207342{padding-top: 35px !important;padding-bottom: 35px !important;}&#8221;][vc_row_inner][vc_column_inner width=&#8221;1\/3&#8243;][vc_single_image image=&#8221;1563&#8243; img_size=&#8221;full&#8221; alignment=&#8221;center&#8221; image_hovers=&#8221;false&#8221;][\/vc_column_inner][vc_column_inner width=&#8221;2\/3&#8243;][vc_column_text]<strong>NEM ALMA SANTRALI<\/strong><\/p>\n<p>Nem al\u0131c\u0131lar kapal\u0131 alanlar i\u00e7in enerji tasarruflu nem kontrolu sa\u011flamaya y\u00f6nelik cihazlard\u0131r. \u0130\u00e7 ortam ve d\u0131\u015f ortam aras\u0131ndaki s\u0131cakl\u0131k fark\u0131n\u0131n y\u00fcksek oldu\u011fu k\u0131\u015f aylar\u0131 ve serin ge\u00e7en yaz ak\u015famlar\u0131nda \u0131s\u0131 fark\u0131 artt\u0131k\u00e7a duvar ve cam y\u00fczeylerde terlemeler olu\u015fur. Havada bulunan nem oran\u0131 %60 ile 65\u2019in \u00fczerine \u00e7\u0131kt\u0131\u011f\u0131 zaman mekana zarar vermeye ba\u015flar.<\/p>\n<p>&nbsp;<\/p>\n<p><strong>Kullan\u0131m Alanlar\u0131;<\/strong> Evlerde, depolarda, ar\u015fivlerde, m\u00fczelerde, kapal\u0131 y\u00fczme havuzlar\u0131nda, buz pateni sahalar\u0131nda, fitness ve sa\u011fl\u0131k merkezlerinde, seralarda, mahzenlerde, in\u015faat sekt\u00f6r\u00fcnde, korozyon korumas\u0131nda, su ar\u0131t\u0131m ve dolum tesislerinde kullan\u0131l\u0131r.[\/vc_column_text][\/vc_column_inner][\/vc_row_inner][\/vc_column][\/vc_row][vc_row el_class=&#8221;desktop-no&#8221;][vc_column][vc_row_inner][vc_column_inner width=&#8221;1\/3&#8243;][vc_single_image image=&#8221;1561&#8243; img_size=&#8221;full&#8221; alignment=&#8221;center&#8221; image_hovers=&#8221;false&#8221;][\/vc_column_inner][vc_column_inner width=&#8221;2\/3&#8243;][vc_column_text]<strong>STANDART T\u0130P KL\u0130MA SANTRALI<\/strong><br \/>\nKlima santrallar\u0131m\u0131z; 14 ana 42 ara modelden olu\u015fmakta ve 1.500 m3\/h-140.000 m3\/h kapasite aral\u0131\u011f\u0131nda ihtiyaca ba\u011fl\u0131 olarak \u0131s\u0131tma, so\u011futma ve havaland\u0131rma sistemlerinde esnek \u00e7\u00f6z\u00fcmler \u00fcretmekteyiz.<\/p>\n<p>&nbsp;<\/p>\n<p><strong>Kullan\u0131m Alanlar\u0131;<\/strong> Oteller, Hastaneler, Sinema, Restaurant, Fuar alanlar\u0131, \u0130la\u00e7 fabrikalar\u0131, Kimya sekt\u00f6r\u00fc, Otomotiv, Al\u0131\u015fveri\u015f merkezleri, Konutlar, Tekstil fabrikalar\u0131, G\u0131da ve Ka\u011f\u0131t End\u00fcstrisi.[\/vc_column_text][\/vc_column_inner][\/vc_row_inner][vc_separator style=&#8221;double&#8221; css=&#8221;.vc_custom_1527940207342{padding-top: 35px !important;padding-bottom: 35px !important;}&#8221;][vc_row_inner][vc_column_inner width=&#8221;1\/3&#8243;][vc_single_image image=&#8221;1562&#8243; img_size=&#8221;full&#8221; alignment=&#8221;center&#8221; image_hovers=&#8221;false&#8221;][\/vc_column_inner][vc_column_inner width=&#8221;2\/3&#8243;][vc_column_text]<strong>H\u0130JYEN\u0130K KL\u0130MA SANTRALI<\/strong><br \/>\nVenGrup olarak; Hastane, temiz oda, ila\u00e7 \u00fcretimi, mikrobiyolojik laboratuarlar, g\u0131da sanayi ve hassas odalar gibi y\u00fcksek m\u00fchendislik deneyimi gerektiren yerlerde; Tasar\u0131m, dan\u0131\u015fmanl\u0131k, proje geli\u015ftirme ve m\u00fchendislik anahtar teslimi mekanik taahh\u00fct, malzeme sat\u0131\u015f\u0131, sat\u0131\u015f sonras\u0131 bak\u0131m ve onar\u0131m hizmetleri, vaidasyon, kalifikasyon ve e\u011fitim konular\u0131nda bir b\u00fct\u00fcn olarak hizmet vermekteyiz.<\/p>\n<p>&nbsp;<\/p>\n<p>Kalite y\u00f6netim sistemleri alt\u0131nda hizmet veren firmam\u0131z; hijyenik ve konfora y\u00f6nelik klima ve havaland\u0131rma sistemlerini, havaland\u0131rma tesisat\u0131, mekanik tesisat, filtrasyon, elektrik g\u00fc\u00e7 kumanda panolar\u0131, otomatik kontrol ve otomasyon b\u00f6l\u00fcmlerini de i\u00e7erecek \u015fekilde anahtar teslimi yapmaktad\u0131r.[\/vc_column_text][\/vc_column_inner][\/vc_row_inner][vc_separator style=&#8221;double&#8221; css=&#8221;.vc_custom_1527940207342{padding-top: 35px !important;padding-bottom: 35px !important;}&#8221;][vc_row_inner][vc_column_inner width=&#8221;1\/3&#8243;][vc_single_image image=&#8221;1563&#8243; img_size=&#8221;full&#8221; alignment=&#8221;center&#8221; image_hovers=&#8221;false&#8221;][\/vc_column_inner][vc_column_inner width=&#8221;2\/3&#8243;][vc_column_text]<strong>NEM ALMA SANTRALI<\/strong><\/p>\n<p>Nem al\u0131c\u0131lar kapal\u0131 alanlar i\u00e7in enerji tasarruflu nem kontrolu sa\u011flamaya y\u00f6nelik cihazlard\u0131r. \u0130\u00e7 ortam ve d\u0131\u015f ortam aras\u0131ndaki s\u0131cakl\u0131k fark\u0131n\u0131n y\u00fcksek oldu\u011fu k\u0131\u015f aylar\u0131 ve serin ge\u00e7en yaz ak\u015famlar\u0131nda \u0131s\u0131 fark\u0131 artt\u0131k\u00e7a duvar ve cam y\u00fczeylerde terlemeler olu\u015fur. Havada bulunan nem oran\u0131 %60 ile 65\u2019in \u00fczerine \u00e7\u0131kt\u0131\u011f\u0131 zaman mekana zarar vermeye ba\u015flar.<\/p>\n<p>&nbsp;<\/p>\n<p><strong>Kullan\u0131m Alanlar\u0131;<\/strong> Evlerde, depolarda, ar\u015fivlerde, m\u00fczelerde, kapal\u0131 y\u00fczme havuzlar\u0131nda, buz pateni sahalar\u0131nda, fitness ve sa\u011fl\u0131k merkezlerinde, seralarda, mahzenlerde, in\u015faat sekt\u00f6r\u00fcnde, korozyon korumas\u0131nda, su ar\u0131t\u0131m ve dolum tesislerinde kullan\u0131l\u0131r.[\/vc_column_text][\/vc_column_inner][\/vc_row_inner][vc_widget_sidebar show_bg=&#8221;false&#8221; sidebar_id=&#8221;sidebar_5&#8243; el_class=&#8221;ozel-sidebar-mobil&#8221;][vc_widget_sidebar show_bg=&#8221;false&#8221; sidebar_id=&#8221;sidebar_6&#8243;][\/vc_column][\/vc_row]<\/p>\n<p><\/p>","protected":false},"excerpt":{"rendered":"<p>[vc_row el_class=&#8221;mobil-no&#8221;][vc_column width=&#8221;1\/4&#8243;][vc_widget_sidebar show_bg=&#8221;false&#8221; sidebar_id=&#8221;sidebar_5&#8243; el_class=&#8221;ozel-sidebar&#8221;][vc_widget_sidebar show_bg=&#8221;false&#8221; sidebar_id=&#8221;sidebar_6&#8243;][\/vc_column][vc_column width=&#8221;3\/4&#8243;][vc_row_inner][vc_column_inner width=&#8221;1\/3&#8243;][vc_single_image image=&#8221;1561&#8243; img_size=&#8221;full&#8221; alignment=&#8221;center&#8221; image_hovers=&#8221;false&#8221;][\/vc_column_inner][vc_column_inner width=&#8221;2\/3&#8243;][vc_column_text]STANDART T\u0130P KL\u0130MA SANTRALI Klima santrallar\u0131m\u0131z; 14 ana 42 ara modelden olu\u015fmakta ve 1.500 m3\/h-140.000 m3\/h kapasite aral\u0131\u011f\u0131nda ihtiyaca ba\u011fl\u0131 olarak \u0131s\u0131tma, so\u011futma ve havaland\u0131rma sistemlerinde esnek \u00e7\u00f6z\u00fcmler \u00fcretmekteyiz. &nbsp; Kullan\u0131m Alanlar\u0131; Oteller, Hastaneler, Sinema, Restaurant, Fuar alanlar\u0131, \u0130la\u00e7 fabrikalar\u0131, Kimya&hellip;<\/p>\n","protected":false},"author":1,"featured_media":0,"parent":713,"menu_order":0,"comment_status":"closed","ping_status":"closed","template":"","meta":{"ngg_post_thumbnail":0,"footnotes":""},"_links":{"self":[{"href":"https:\/\/www.vengrup.com\/index.php?rest_route=\/wp\/v2\/pages\/1359"}],"collection":[{"href":"https:\/\/www.vengrup.com\/index.php?rest_route=\/wp\/v2\/pages"}],"about":[{"href":"https:\/\/www.vengrup.com\/index.php?rest_route=\/wp\/v2\/types\/page"}],"author":[{"embeddable":true,"href":"https:\/\/www.vengrup.com\/index.php?rest_route=\/wp\/v2\/users\/1"}],"replies":[{"embeddable":true,"href":"https:\/\/www.vengrup.com\/index.php?rest_route=%2Fwp%2Fv2%2Fcomments&post=1359"}],"version-history":[{"count":8,"href":"https:\/\/www.vengrup.com\/index.php?rest_route=\/wp\/v2\/pages\/1359\/revisions"}],"predecessor-version":[{"id":1957,"href":"https:\/\/www.vengrup.com\/index.php?rest_route=\/wp\/v2\/pages\/1359\/revisions\/1957"}],"up":[{"embeddable":true,"href":"https:\/\/www.vengrup.com\/index.php?rest_route=\/wp\/v2\/pages\/713"}],"wp:attachment":[{"href":"https:\/\/www.vengrup.com\/index.php?rest_route=%2Fwp%2Fv2%2Fmedia&parent=1359"}],"curies":[{"name":"wp","href":"https:\/\/api.w.org\/{rel}","templated":true}]}}