{"id":1361,"date":"2018-05-30T19:03:20","date_gmt":"2018-05-30T16:03:20","guid":{"rendered":"https:\/\/www.vengrup.com\/?page_id=1361"},"modified":"2020-12-20T18:22:33","modified_gmt":"2020-12-20T18:22:33","slug":"menfezler","status":"publish","type":"page","link":"https:\/\/www.vengrup.com\/?page_id=1361","title":{"rendered":"Menfezler"},"content":{"rendered":"<p>[vc_row el_class=&#8221;mobil-no&#8221;][vc_column width=&#8221;1\/4&#8243;][vc_widget_sidebar show_bg=&#8221;false&#8221; sidebar_id=&#8221;sidebar_5&#8243; el_class=&#8221;ozel-sidebar&#8221;][vc_widget_sidebar show_bg=&#8221;false&#8221; sidebar_id=&#8221;sidebar_6&#8243;][\/vc_column][vc_column width=&#8221;3\/4&#8243;][vc_row_inner][vc_column_inner width=&#8221;1\/3&#8243;][vc_single_image image=&#8221;1536&#8243; img_size=&#8221;full&#8221; alignment=&#8221;center&#8221; image_hovers=&#8221;false&#8221;][\/vc_column_inner][vc_column_inner width=&#8221;2\/3&#8243;][vc_column_text]<strong>VCS, VCS+DA&nbsp;&#8211; \u00c7\u0130FT SIRA KANATLI VE \u00c7\u0130FT SIRA KANATLI + DAMPERL\u0130<\/strong><br \/>\nVenGrup VCS model \u00e7ift s\u0131ra kanatl\u0131 menfezler havaland\u0131rma sistemlerinde \u00fcfleme kanallar\u0131nda kullan\u0131l\u0131r, kanatlar yatay eksende hareketlidir. \u00d6zel olarak haddelenmi\u015f 6063 al\u00fcminyum profil den imal edilmi\u015ftir, standart kaplama i\u015flemi Ral 9010 ve 9016 renk kodlar\u0131nda elektrostatik toz boyama ile yap\u0131lmaktad\u0131r, talebe g\u00f6re di\u011fer renkler ve eloksal kaplama da yap\u0131labilmektedir. Standart olarak vidal\u0131 \u00fcretilir. Menfez damperi aksesuar\u0131d\u0131r.[\/vc_column_text][\/vc_column_inner][\/vc_row_inner][vc_separator style=&#8221;double&#8221; css=&#8221;.vc_custom_1527940207342{padding-top: 35px !important;padding-bottom: 35px !important;}&#8221;][vc_row_inner][vc_column_inner width=&#8221;1\/3&#8243;][vc_single_image image=&#8221;1537&#8243; img_size=&#8221;full&#8221; alignment=&#8221;center&#8221; image_hovers=&#8221;false&#8221;][\/vc_column_inner][vc_column_inner width=&#8221;2\/3&#8243;][vc_column_text]<strong>VTS, VTS+DA&nbsp;&#8211; TEK SIRA KANATLI VE TEK SIRA KANATLI+DAMPERL\u0130 MENFEZLER<\/strong><br \/>\nVenGrup VTS model tek s\u0131ra kanatl\u0131 menfezler havaland\u0131rma sistemlerinde emi\u015f kanallar\u0131nda kullan\u0131l\u0131r, kanatlar yatay eksende hareketlidir. \u00d6zel olarak haddelenmi\u015f 6063 al\u00fcminyum profil den imal edilmi\u015ftir, standart kaplama i\u015flemi Ral 9010 ve 9016 renk kodlar\u0131nda elektrostatik toz boyama ile yap\u0131lmaktad\u0131r, talebe g\u00f6re di\u011fer renkler ve eloksal kaplama da yap\u0131labilmektedir. Standart olarak vidal\u0131 \u00fcretilir. Menfez damperi aksesuar\u0131d\u0131r[\/vc_column_text][\/vc_column_inner][\/vc_row_inner][vc_separator style=&#8221;double&#8221; css=&#8221;.vc_custom_1527940207342{padding-top: 35px !important;padding-bottom: 35px !important;}&#8221;][vc_row_inner][vc_column_inner width=&#8221;1\/3&#8243;][vc_single_image image=&#8221;1538&#8243; img_size=&#8221;full&#8221; alignment=&#8221;center&#8221; image_hovers=&#8221;false&#8221;][\/vc_column_inner][vc_column_inner width=&#8221;2\/3&#8243;][vc_column_text]<strong>VKP&nbsp;&#8211; KARE PETEK MENFEZLER<\/strong><br \/>\nVenGrup VKP model menfezler havaland\u0131rma sistemlerinde emi\u015f menfezi olarak kullan\u0131l\u0131r. \u00d6zel olarak hadde edilmi\u015f 6063 al\u00fcminyum profilden imal edilmi\u015ftir, standart kaplama i\u015flemi Ral 9010 ve 9016 renk kodlar\u0131nda elektrostatik toz boyama ile yap\u0131lmaktad\u0131r, talebe g\u00f6re di\u011fer renkler ve eloksal kaplama da yap\u0131labilmektedir. Standartta vidal\u0131 \u00fcretilir, \u00e7er\u00e7evede delik istenmez ise mandal veya yay sistemli olarak \u00fcretilmektedir.[\/vc_column_text][\/vc_column_inner][\/vc_row_inner][vc_separator style=&#8221;double&#8221; css=&#8221;.vc_custom_1527940207342{padding-top: 35px !important;padding-bottom: 35px !important;}&#8221;][vc_row_inner][vc_column_inner width=&#8221;1\/3&#8243;][vc_single_image image=&#8221;1999&#8243; img_size=&#8221;full&#8221; alignment=&#8221;center&#8221; image_hovers=&#8221;false&#8221;][\/vc_column_inner][vc_column_inner width=&#8221;2\/3&#8243;][vc_column_text]<strong>VLM&nbsp;&#8211; L\u0130NEER MENFEZLER<\/strong><br \/>\nVenGrup VLM model lineer menfezler havaland\u0131rma sistemlerinde a\u011f\u0131rl\u0131kl\u0131 olarak fan-coil ve radyat\u00f6r \u00fcstlerinde kullan\u0131lmakta olup uygulamada \u00fcfleme ve emi\u015f menfezi olarak ta kullan\u0131labilmektedir. \u00d6zel olarak hadde edilmi\u015f 6063 al\u00fcminyum profilden imal edilmi\u015ftir, standart kaplama i\u015flemi Ral 9010 ve 9016 renk kodlar\u0131nda elektrostatik toz boyama ile yap\u0131lmaktad\u0131r, talebe g\u00f6re di\u011fer renkler ve eloksal kaplama da yap\u0131labilmektedir. Standartta vidal\u0131 \u00fcretilir, \u00e7er\u00e7evede delik istenmez ise mandal veya yay sistemli olarak \u00fcretilmektedir. Menfez damperi, plenum kutusu ve k\u00f6r kasa aksesuarlar\u0131d\u0131r.[\/vc_column_text][\/vc_column_inner][\/vc_row_inner][vc_separator style=&#8221;double&#8221; css=&#8221;.vc_custom_1527940207342{padding-top: 35px !important;padding-bottom: 35px !important;}&#8221;][vc_row_inner][vc_column_inner width=&#8221;1\/3&#8243;][vc_single_image image=&#8221;1540&#8243; img_size=&#8221;full&#8221; alignment=&#8221;center&#8221; image_hovers=&#8221;false&#8221;][\/vc_column_inner][vc_column_inner width=&#8221;2\/3&#8243;][vc_column_text]<strong>VPM, VPM+DA&nbsp;&#8211; PERFORE MENFEZLER<\/strong><br \/>\nVenGrup VPM model perfore menfezler havaland\u0131rma sistemlerinde emi\u015f ve \u00fcfleme menfezi olarak kullan\u0131lmaktad\u0131r. \u00c7er\u00e7eveleri \u00f6zel olarak hadde edilmi\u015f 6063 al\u00fcminyum profilden imal edilmi\u015ftir, menfez k\u0131s\u0131mlar\u0131 perfore DKP sa\u00e7tan \u00fcretilmektedir, standart kaplama i\u015flemi Ral 9010 ve 9016 renk kodlar\u0131nda elektrostatik toz boyama ile yap\u0131lmaktad\u0131r, talebe g\u00f6re di\u011fer renkler ve eloksal kaplama da yap\u0131labilmektedir, debi reglaj damperleri al\u00fcminyum profilden z\u0131t kanatl\u0131 veya paralel kanatl\u0131 olarak \u00fcretilebilir.[\/vc_column_text][\/vc_column_inner][\/vc_row_inner][vc_separator style=&#8221;double&#8221; css=&#8221;.vc_custom_1527940207342{padding-top: 35px !important;padding-bottom: 35px !important;}&#8221;][vc_row_inner][vc_column_inner width=&#8221;1\/3&#8243;][vc_single_image image=&#8221;1541&#8243; img_size=&#8221;full&#8221; alignment=&#8221;center&#8221; image_hovers=&#8221;false&#8221;][\/vc_column_inner][vc_column_inner width=&#8221;2\/3&#8243;][vc_column_text]<strong>VTM&nbsp;&#8211; KAPI VE DUVAR TRANSFER MENFEZLER\u0130<\/strong><br \/>\nVenGrup VTM model transfer menfezler havaland\u0131rma sistemlerinde bir taraftan bak\u0131ld\u0131\u011f\u0131nda di\u011fer taraf\u0131n g\u00f6r\u00fcnmemesi \u00f6zelli\u011fi ile mahaller aras\u0131 hava transferinde kullan\u0131lmaktad\u0131r. \u00d6zel olarak hadde edilmi\u015f 6063 al\u00fcminyum profilden imal edilmi\u015ftir, standart kaplama i\u015flemi Ral 9010 ve 9016 renk kodlar\u0131nda elektrostatik toz boyama ile yap\u0131lmaktad\u0131r, talebe g\u00f6re di\u011fer renkler ve eloksal kaplama da yap\u0131labilmektedir.[\/vc_column_text][\/vc_column_inner][\/vc_row_inner][vc_separator style=&#8221;double&#8221; css=&#8221;.vc_custom_1527940207342{padding-top: 35px !important;padding-bottom: 35px !important;}&#8221;][vc_row_inner][vc_column_inner width=&#8221;1\/3&#8243;][vc_single_image image=&#8221;1542&#8243; img_size=&#8221;full&#8221; alignment=&#8221;center&#8221; image_hovers=&#8221;false&#8221;][\/vc_column_inner][vc_column_inner width=&#8221;2\/3&#8243;][vc_column_text]<strong>VYCS, VYCS+DA&nbsp;&#8211; YUVARLAK KANALLAR \u0130\u00c7\u0130N \u00c7\u0130FT SIRA KANATLI DAMPERL\u0130 VE DAMPERS\u0130Z MENFEZLER<\/strong><br \/>\nVenGrup VYCS model yuvarlak kanal menfezleri Havaland\u0131rma sistemlerinde hava miktar\u0131n\u0131 ayarlamak amac\u0131 ile kullan\u0131l\u0131r. \u00d6zel olarak hadde edilmi\u015f 6063 al\u00fcminyum profilden imal edilmi\u015ftir, standart kaplama i\u015flemi Ral 9010 ve 9016 renk kodlar\u0131nda elektrostatik toz boyama ile yap\u0131lmaktad\u0131r, talebe g\u00f6re di\u011fer renkler ve eloksal kaplama da yap\u0131labilmektedir. Standart vidal\u0131 \u00fcretilir. Menfez damperi ve sapt\u0131r\u0131c\u0131 kanatlar aksesuarlar\u0131d\u0131r.[\/vc_column_text][\/vc_column_inner][\/vc_row_inner][vc_separator style=&#8221;double&#8221; css=&#8221;.vc_custom_1527940207342{padding-top: 35px !important;padding-bottom: 35px !important;}&#8221;][vc_row_inner][vc_column_inner width=&#8221;1\/3&#8243;][vc_single_image image=&#8221;1543&#8243; img_size=&#8221;full&#8221; alignment=&#8221;center&#8221; image_hovers=&#8221;false&#8221;][\/vc_column_inner][vc_column_inner width=&#8221;2\/3&#8243;][vc_column_text]<strong>VKK&nbsp;&#8211; KONTROL KAPAKLARI<\/strong><br \/>\nVenGrup VKK modeli kontrol kapaklar\u0131 kanal i\u00e7inde uygulamas\u0131 ger\u00e7ekle\u015ftirilmi\u015f hava iklimlendirme ekipmanlar\u0131n\u0131n \u00f6rne\u011fin hava \u0131s\u0131tma ve so\u011futma, hava debi kontrol cihazlar\u0131, gibi kontrollerinin ve bak\u0131mlar\u0131n\u0131n yap\u0131lmas\u0131 amac\u0131 ile kullan\u0131lmaktad\u0131r. Standart \u00fcretim \u00f6l\u00e7\u00fcleri d\u0131\u015f\u0131nda m\u00fc\u015fteri talebi \u00f6l\u00e7\u00fclerinde \u00f6zel boyutlara \u00fcretilebilmektedir. Kasa \u00f6zel olarak hadde edilmi\u015f 6063 al\u00fcminyum profilden imal edilmi\u015ftir, standart kaplama i\u015flemi Ral 9010 ve 9016 renk kodlar\u0131nda elektrostatik toz boyama ile yap\u0131lmaktad\u0131r, talebe g\u00f6re di\u011fer renkler ve eloksal kaplama da yap\u0131labilmektedir, kapak kasa boyutuna g\u00f6re mukavemet sa\u011flayacak kal\u0131nl\u0131kta sa\u00e7tan \u00fcretim yap\u0131l\u0131r.[\/vc_column_text][\/vc_column_inner][\/vc_row_inner][vc_separator style=&#8221;double&#8221; css=&#8221;.vc_custom_1527940207342{padding-top: 35px !important;padding-bottom: 35px !important;}&#8221;][vc_row_inner][vc_column_inner width=&#8221;1\/3&#8243;][vc_single_image image=&#8221;1544&#8243; img_size=&#8221;full&#8221; alignment=&#8221;center&#8221; image_hovers=&#8221;false&#8221;][\/vc_column_inner][vc_column_inner width=&#8221;2\/3&#8243;][vc_column_text]<strong>VLT&nbsp;&#8211; L\u0130F TUTUCU MENFEZLER<\/strong><br \/>\nVenGrup VLT model lif tutucu menfezler havaland\u0131rma sistemlerinde mahalden \u00e7ekilen hava i\u00e7erisinde bulunan lifleri tutmak amac\u0131 ile kullan\u0131l\u0131r \u00f6zellikle hava kalitesinin artt\u0131rmak i\u00e7in uyguland\u0131\u011f\u0131 sekt\u00f6rler tekstil \u00fcretimi, g\u0131da \u00fcretimi ve sa\u011fl\u0131k sekt\u00f6r\u00fcndeki ameliyathane gibi temiz hava ihtiyac\u0131 olan ortamlard\u0131r. Tekstil sekt\u00f6r\u00fc in istenen DIN 4185\u2019e uygundur. Talebe g\u00f6re yuvalar\u0131na vida veya yay ile monte edilecek \u015fekilde \u00fcretilebilmektedirler.[\/vc_column_text][\/vc_column_inner][\/vc_row_inner][\/vc_column][\/vc_row][vc_row el_class=&#8221;desktop-no&#8221;][vc_column][vc_row_inner][vc_column_inner width=&#8221;1\/3&#8243;][vc_single_image image=&#8221;1536&#8243; img_size=&#8221;full&#8221; alignment=&#8221;center&#8221; image_hovers=&#8221;false&#8221;][\/vc_column_inner][vc_column_inner width=&#8221;2\/3&#8243;][vc_column_text]<strong>VCS, VCS+DA&nbsp;&#8211; \u00c7\u0130FT SIRA KANATLI VE \u00c7\u0130FT SIRA KANATLI + DAMPERL\u0130<\/strong><br \/>\nVenGrup VCS model \u00e7ift s\u0131ra kanatl\u0131 menfezler havaland\u0131rma sistemlerinde \u00fcfleme kanallar\u0131nda kullan\u0131l\u0131r, kanatlar yatay eksende hareketlidir. \u00d6zel olarak haddelenmi\u015f 6063 al\u00fcminyum profil den imal edilmi\u015ftir, standart kaplama i\u015flemi Ral 9010 ve 9016 renk kodlar\u0131nda elektrostatik toz boyama ile yap\u0131lmaktad\u0131r, talebe g\u00f6re di\u011fer renkler ve eloksal kaplama da yap\u0131labilmektedir. Standart olarak vidal\u0131 \u00fcretilir. Menfez damperi aksesuar\u0131d\u0131r.[\/vc_column_text][\/vc_column_inner][\/vc_row_inner][vc_separator style=&#8221;double&#8221; css=&#8221;.vc_custom_1527940207342{padding-top: 35px !important;padding-bottom: 35px !important;}&#8221;][vc_row_inner][vc_column_inner width=&#8221;1\/3&#8243;][vc_single_image image=&#8221;1537&#8243; img_size=&#8221;full&#8221; alignment=&#8221;center&#8221; image_hovers=&#8221;false&#8221;][\/vc_column_inner][vc_column_inner width=&#8221;2\/3&#8243;][vc_column_text]<strong>VTS, VTS+DA&nbsp;&#8211; TEK SIRA KANATLI VE TEK SIRA KANATLI+DAMPERL\u0130 MENFEZLER<\/strong><br \/>\nVenGrup VTS model tek s\u0131ra kanatl\u0131 menfezler havaland\u0131rma sistemlerinde emi\u015f kanallar\u0131nda kullan\u0131l\u0131r, kanatlar yatay eksende hareketlidir. \u00d6zel olarak haddelenmi\u015f 6063 al\u00fcminyum profil den imal edilmi\u015ftir, standart kaplama i\u015flemi Ral 9010 ve 9016 renk kodlar\u0131nda elektrostatik toz boyama ile yap\u0131lmaktad\u0131r, talebe g\u00f6re di\u011fer renkler ve eloksal kaplama da yap\u0131labilmektedir. Standart olarak vidal\u0131 \u00fcretilir. Menfez damperi aksesuar\u0131d\u0131r[\/vc_column_text][\/vc_column_inner][\/vc_row_inner][vc_separator style=&#8221;double&#8221; css=&#8221;.vc_custom_1527940207342{padding-top: 35px !important;padding-bottom: 35px !important;}&#8221;][vc_row_inner][vc_column_inner width=&#8221;1\/3&#8243;][vc_single_image image=&#8221;1538&#8243; img_size=&#8221;full&#8221; alignment=&#8221;center&#8221; image_hovers=&#8221;false&#8221;][\/vc_column_inner][vc_column_inner width=&#8221;2\/3&#8243;][vc_column_text]<strong>VKP&nbsp;&#8211; KARE PETEK MENFEZLER<\/strong><br \/>\nVenGrup VKP model menfezler havaland\u0131rma sistemlerinde emi\u015f menfezi olarak kullan\u0131l\u0131r. \u00d6zel olarak hadde edilmi\u015f 6063 al\u00fcminyum profilden imal edilmi\u015ftir, standart kaplama i\u015flemi Ral 9010 ve 9016 renk kodlar\u0131nda elektrostatik toz boyama ile yap\u0131lmaktad\u0131r, talebe g\u00f6re di\u011fer renkler ve eloksal kaplama da yap\u0131labilmektedir. Standartta vidal\u0131 \u00fcretilir, \u00e7er\u00e7evede delik istenmez ise mandal veya yay sistemli olarak \u00fcretilmektedir.[\/vc_column_text][\/vc_column_inner][\/vc_row_inner][vc_separator style=&#8221;double&#8221; css=&#8221;.vc_custom_1527940207342{padding-top: 35px !important;padding-bottom: 35px !important;}&#8221;][vc_row_inner][vc_column_inner width=&#8221;1\/3&#8243;][vc_single_image image=&#8221;1539&#8243; img_size=&#8221;full&#8221; alignment=&#8221;center&#8221; image_hovers=&#8221;false&#8221;][\/vc_column_inner][vc_column_inner width=&#8221;2\/3&#8243;][vc_column_text]<strong>VLM&nbsp;&#8211; L\u0130NEER MENFEZLER<\/strong><br \/>\nVenGrup VLM model lineer menfezler havaland\u0131rma sistemlerinde a\u011f\u0131rl\u0131kl\u0131 olarak fan-coil ve radyat\u00f6r \u00fcstlerinde kullan\u0131lmakta olup uygulamada \u00fcfleme ve emi\u015f menfezi olarak ta kullan\u0131labilmektedir. \u00d6zel olarak hadde edilmi\u015f 6063 al\u00fcminyum profilden imal edilmi\u015ftir, standart kaplama i\u015flemi Ral 9010 ve 9016 renk kodlar\u0131nda elektrostatik toz boyama ile yap\u0131lmaktad\u0131r, talebe g\u00f6re di\u011fer renkler ve eloksal kaplama da yap\u0131labilmektedir. Standartta vidal\u0131 \u00fcretilir, \u00e7er\u00e7evede delik istenmez ise mandal veya yay sistemli olarak \u00fcretilmektedir. Menfez damperi, plenum kutusu ve k\u00f6r kasa aksesuarlar\u0131d\u0131r.[\/vc_column_text][\/vc_column_inner][\/vc_row_inner][vc_separator style=&#8221;double&#8221; css=&#8221;.vc_custom_1527940207342{padding-top: 35px !important;padding-bottom: 35px !important;}&#8221;][vc_row_inner][vc_column_inner width=&#8221;1\/3&#8243;][vc_single_image image=&#8221;1540&#8243; img_size=&#8221;full&#8221; alignment=&#8221;center&#8221; image_hovers=&#8221;false&#8221;][\/vc_column_inner][vc_column_inner width=&#8221;2\/3&#8243;][vc_column_text]<strong>VPM, VPM+DA&nbsp;&#8211; PERFORE MENFEZLER<\/strong><br \/>\nVenGrup VPM model perfore menfezler havaland\u0131rma sistemlerinde emi\u015f ve \u00fcfleme menfezi olarak kullan\u0131lmaktad\u0131r. \u00c7er\u00e7eveleri \u00f6zel olarak hadde edilmi\u015f 6063 al\u00fcminyum profilden imal edilmi\u015ftir, menfez k\u0131s\u0131mlar\u0131 perfore DKP sa\u00e7tan \u00fcretilmektedir, standart kaplama i\u015flemi Ral 9010 ve 9016 renk kodlar\u0131nda elektrostatik toz boyama ile yap\u0131lmaktad\u0131r, talebe g\u00f6re di\u011fer renkler ve eloksal kaplama da yap\u0131labilmektedir, debi reglaj damperleri al\u00fcminyum profilden z\u0131t kanatl\u0131 veya paralel kanatl\u0131 olarak \u00fcretilebilir.[\/vc_column_text][\/vc_column_inner][\/vc_row_inner][vc_separator style=&#8221;double&#8221; css=&#8221;.vc_custom_1527940207342{padding-top: 35px !important;padding-bottom: 35px !important;}&#8221;][vc_row_inner][vc_column_inner width=&#8221;1\/3&#8243;][vc_single_image image=&#8221;1541&#8243; img_size=&#8221;full&#8221; alignment=&#8221;center&#8221; image_hovers=&#8221;false&#8221;][\/vc_column_inner][vc_column_inner width=&#8221;2\/3&#8243;][vc_column_text]<strong>VTM&nbsp;&#8211; KAPI VE DUVAR TRANSFER MENFEZLER\u0130<\/strong><br \/>\nVenGrup VTM model transfer menfezler havaland\u0131rma sistemlerinde bir taraftan bak\u0131ld\u0131\u011f\u0131nda di\u011fer taraf\u0131n g\u00f6r\u00fcnmemesi \u00f6zelli\u011fi ile mahaller aras\u0131 hava transferinde kullan\u0131lmaktad\u0131r. \u00d6zel olarak hadde edilmi\u015f 6063 al\u00fcminyum profilden imal edilmi\u015ftir, standart kaplama i\u015flemi Ral 9010 ve 9016 renk kodlar\u0131nda elektrostatik toz boyama ile yap\u0131lmaktad\u0131r, talebe g\u00f6re di\u011fer renkler ve eloksal kaplama da yap\u0131labilmektedir.[\/vc_column_text][\/vc_column_inner][\/vc_row_inner][vc_separator style=&#8221;double&#8221; css=&#8221;.vc_custom_1527940207342{padding-top: 35px !important;padding-bottom: 35px !important;}&#8221;][vc_row_inner][vc_column_inner width=&#8221;1\/3&#8243;][vc_single_image image=&#8221;1542&#8243; img_size=&#8221;full&#8221; alignment=&#8221;center&#8221; image_hovers=&#8221;false&#8221;][\/vc_column_inner][vc_column_inner width=&#8221;2\/3&#8243;][vc_column_text]<strong>VYCS, VYCS+DA&nbsp;&#8211; YUVARLAK KANALLAR \u0130\u00c7\u0130N \u00c7\u0130FT SIRA KANATLI DAMPERL\u0130 VE DAMPERS\u0130Z MENFEZLER<\/strong><br \/>\nVenGrup VYCS model yuvarlak kanal menfezleri Havaland\u0131rma sistemlerinde hava miktar\u0131n\u0131 ayarlamak amac\u0131 ile kullan\u0131l\u0131r. \u00d6zel olarak hadde edilmi\u015f 6063 al\u00fcminyum profilden imal edilmi\u015ftir, standart kaplama i\u015flemi Ral 9010 ve 9016 renk kodlar\u0131nda elektrostatik toz boyama ile yap\u0131lmaktad\u0131r, talebe g\u00f6re di\u011fer renkler ve eloksal kaplama da yap\u0131labilmektedir. Standart vidal\u0131 \u00fcretilir. Menfez damperi ve sapt\u0131r\u0131c\u0131 kanatlar aksesuarlar\u0131d\u0131r.[\/vc_column_text][\/vc_column_inner][\/vc_row_inner][vc_separator style=&#8221;double&#8221; css=&#8221;.vc_custom_1527940207342{padding-top: 35px !important;padding-bottom: 35px !important;}&#8221;][vc_row_inner][vc_column_inner width=&#8221;1\/3&#8243;][vc_single_image image=&#8221;1543&#8243; img_size=&#8221;full&#8221; alignment=&#8221;center&#8221; image_hovers=&#8221;false&#8221;][\/vc_column_inner][vc_column_inner width=&#8221;2\/3&#8243;][vc_column_text]<strong>VKK&nbsp;&#8211; KONTROL KAPAKLARI<\/strong><br \/>\nVenGrup VKK modeli kontrol kapaklar\u0131 kanal i\u00e7inde uygulamas\u0131 ger\u00e7ekle\u015ftirilmi\u015f hava iklimlendirme ekipmanlar\u0131n\u0131n \u00f6rne\u011fin hava \u0131s\u0131tma ve so\u011futma, hava debi kontrol cihazlar\u0131, gibi kontrollerinin ve bak\u0131mlar\u0131n\u0131n yap\u0131lmas\u0131 amac\u0131 ile kullan\u0131lmaktad\u0131r. Standart \u00fcretim \u00f6l\u00e7\u00fcleri d\u0131\u015f\u0131nda m\u00fc\u015fteri talebi \u00f6l\u00e7\u00fclerinde \u00f6zel boyutlara \u00fcretilebilmektedir. Kasa \u00f6zel olarak hadde edilmi\u015f 6063 al\u00fcminyum profilden imal edilmi\u015ftir, standart kaplama i\u015flemi Ral 9010 ve 9016 renk kodlar\u0131nda elektrostatik toz boyama ile yap\u0131lmaktad\u0131r, talebe g\u00f6re di\u011fer renkler ve eloksal kaplama da yap\u0131labilmektedir, kapak kasa boyutuna g\u00f6re mukavemet sa\u011flayacak kal\u0131nl\u0131kta sa\u00e7tan \u00fcretim yap\u0131l\u0131r.[\/vc_column_text][\/vc_column_inner][\/vc_row_inner][vc_separator style=&#8221;double&#8221; css=&#8221;.vc_custom_1527940207342{padding-top: 35px !important;padding-bottom: 35px !important;}&#8221;][vc_row_inner][vc_column_inner width=&#8221;1\/3&#8243;][vc_single_image image=&#8221;1544&#8243; img_size=&#8221;full&#8221; alignment=&#8221;center&#8221; image_hovers=&#8221;false&#8221;][\/vc_column_inner][vc_column_inner width=&#8221;2\/3&#8243;][vc_column_text]<strong>VLT&nbsp;&#8211; L\u0130F TUTUCU MENFEZLER<\/strong><br \/>\nVenGrup VLT model lif tutucu menfezler havaland\u0131rma sistemlerinde mahalden \u00e7ekilen hava i\u00e7erisinde bulunan lifleri tutmak amac\u0131 ile kullan\u0131l\u0131r \u00f6zellikle hava kalitesinin artt\u0131rmak i\u00e7in uyguland\u0131\u011f\u0131 sekt\u00f6rler tekstil \u00fcretimi, g\u0131da \u00fcretimi ve sa\u011fl\u0131k sekt\u00f6r\u00fcndeki ameliyathane gibi temiz hava ihtiyac\u0131 olan ortamlard\u0131r. Tekstil sekt\u00f6r\u00fc in istenen DIN 4185\u2019e uygundur. Talebe g\u00f6re yuvalar\u0131na vida veya yay ile monte edilecek \u015fekilde \u00fcretilebilmektedirler.[\/vc_column_text][\/vc_column_inner][\/vc_row_inner][vc_widget_sidebar show_bg=&#8221;false&#8221; sidebar_id=&#8221;sidebar_5&#8243; el_class=&#8221;ozel-sidebar-mobil&#8221;][vc_widget_sidebar show_bg=&#8221;false&#8221; sidebar_id=&#8221;sidebar_6&#8243;][\/vc_column][\/vc_row]<\/p>","protected":false},"excerpt":{"rendered":"<p>[vc_row el_class=&#8221;mobil-no&#8221;][vc_column width=&#8221;1\/4&#8243;][vc_widget_sidebar show_bg=&#8221;false&#8221; sidebar_id=&#8221;sidebar_5&#8243; el_class=&#8221;ozel-sidebar&#8221;][vc_widget_sidebar show_bg=&#8221;false&#8221; sidebar_id=&#8221;sidebar_6&#8243;][\/vc_column][vc_column width=&#8221;3\/4&#8243;][vc_row_inner][vc_column_inner width=&#8221;1\/3&#8243;][vc_single_image image=&#8221;1536&#8243; img_size=&#8221;full&#8221; alignment=&#8221;center&#8221; image_hovers=&#8221;false&#8221;][\/vc_column_inner][vc_column_inner width=&#8221;2\/3&#8243;][vc_column_text]VCS, VCS+DA&nbsp;&#8211; \u00c7\u0130FT SIRA KANATLI VE \u00c7\u0130FT SIRA KANATLI + DAMPERL\u0130 VenGrup VCS model \u00e7ift s\u0131ra kanatl\u0131 menfezler havaland\u0131rma sistemlerinde \u00fcfleme kanallar\u0131nda kullan\u0131l\u0131r, kanatlar yatay eksende hareketlidir. \u00d6zel olarak haddelenmi\u015f 6063 al\u00fcminyum profil den imal edilmi\u015ftir, standart kaplama i\u015flemi Ral 9010&hellip;<\/p>\n","protected":false},"author":1,"featured_media":0,"parent":713,"menu_order":0,"comment_status":"closed","ping_status":"closed","template":"","meta":{"ngg_post_thumbnail":0,"footnotes":""},"_links":{"self":[{"href":"https:\/\/www.vengrup.com\/index.php?rest_route=\/wp\/v2\/pages\/1361"}],"collection":[{"href":"https:\/\/www.vengrup.com\/index.php?rest_route=\/wp\/v2\/pages"}],"about":[{"href":"https:\/\/www.vengrup.com\/index.php?rest_route=\/wp\/v2\/types\/page"}],"author":[{"embeddable":true,"href":"https:\/\/www.vengrup.com\/index.php?rest_route=\/wp\/v2\/users\/1"}],"replies":[{"embeddable":true,"href":"https:\/\/www.vengrup.com\/index.php?rest_route=%2Fwp%2Fv2%2Fcomments&post=1361"}],"version-history":[{"count":9,"href":"https:\/\/www.vengrup.com\/index.php?rest_route=\/wp\/v2\/pages\/1361\/revisions"}],"predecessor-version":[{"id":2000,"href":"https:\/\/www.vengrup.com\/index.php?rest_route=\/wp\/v2\/pages\/1361\/revisions\/2000"}],"up":[{"embeddable":true,"href":"https:\/\/www.vengrup.com\/index.php?rest_route=\/wp\/v2\/pages\/713"}],"wp:attachment":[{"href":"https:\/\/www.vengrup.com\/index.php?rest_route=%2Fwp%2Fv2%2Fmedia&parent=1361"}],"curies":[{"name":"wp","href":"https:\/\/api.w.org\/{rel}","templated":true}]}}