{"id":1363,"date":"2018-05-30T19:03:45","date_gmt":"2018-05-30T16:03:45","guid":{"rendered":"https:\/\/www.vengrup.com\/?page_id=1363"},"modified":"2018-07-02T15:43:20","modified_gmt":"2018-07-02T12:43:20","slug":"ozel-difuzorler","status":"publish","type":"page","link":"https:\/\/www.vengrup.com\/?page_id=1363","title":{"rendered":"\u00d6zel Dif\u00fcz\u00f6rler"},"content":{"rendered":"<p><\/p>\n<p>[vc_row el_class=&#8221;mobil-no&#8221;][vc_column width=&#8221;1\/4&#8243;][vc_widget_sidebar show_bg=&#8221;false&#8221; sidebar_id=&#8221;sidebar_5&#8243; el_class=&#8221;ozel-sidebar&#8221;][vc_widget_sidebar show_bg=&#8221;false&#8221; sidebar_id=&#8221;sidebar_6&#8243;][\/vc_column][vc_column width=&#8221;3\/4&#8243;][vc_row_inner][vc_column_inner width=&#8221;1\/3&#8243;][vc_single_image image=&#8221;1518&#8243; img_size=&#8221;full&#8221; alignment=&#8221;center&#8221; image_hovers=&#8221;false&#8221;][\/vc_column_inner][vc_column_inner width=&#8221;2\/3&#8243;][vc_column_text]<strong>VFP&nbsp;&#8211; HEPA F\u0130LTREL\u0130 PLENUM KUTULAR<\/strong><br \/>\nVenGrup VFP model tavan tipi kabinler steril mahal istenen optik, elektronik, ila\u00e7, ameliyathane, gibi ortamlarda H13 ve H14 filtreleri ile uygun hava ortam\u0131n\u0131n sa\u011flanmas\u0131 amac\u0131 ile kullan\u0131l\u0131r. Filtreli plenumlar temiz oda teknolojisinin uygulanmas\u0131nda kullan\u0131lan ba\u015fl\u0131ca havaland\u0131rma \u00fcr\u00fcn\u00fcd\u00fcr. Yandan ve \u00fcstten giri\u015f olmak \u00fczere iki tipte \u00fcretilmektedir.[\/vc_column_text][\/vc_column_inner][\/vc_row_inner][vc_separator style=&#8221;double&#8221; css=&#8221;.vc_custom_1527940207342{padding-top: 35px !important;padding-bottom: 35px !important;}&#8221;][vc_row_inner][vc_column_inner width=&#8221;1\/3&#8243;][vc_single_image image=&#8221;1515&#8243; img_size=&#8221;full&#8221; alignment=&#8221;center&#8221; image_hovers=&#8221;false&#8221;][\/vc_column_inner][vc_column_inner width=&#8221;2\/3&#8243;][vc_column_text]<strong>VDD&nbsp;&#8211; D\u00dc\u015e\u00dcK HIZLI DEPLASMANLI D\u0130F\u00dcZ\u00d6RLER<\/strong><br \/>\nVenGrup VDD model d\u00fc\u015f\u00fck h\u0131zl\u0131 deplasmanl\u0131 dif\u00fcz\u00f6rler tavan y\u00fcksekli\u011fi 3,5 metre ve daha fazla olan mahallerde konfor klimas\u0131 i\u00e7in kullan\u0131lmaktad\u0131r konferans salonlar\u0131, s\u0131n\u0131flar, toplant\u0131 salonlar\u0131 s\u00fcpermarketler gibi d\u00fc\u015f\u00fck maliyetli ve t\u00fcrb\u00fclanss\u0131z deplasmanl\u0131 klima sistem uygulamas\u0131 yap\u0131lan yerler ba\u015fl\u0131ca kullan\u0131m alanlar\u0131d\u0131r.[\/vc_column_text][\/vc_column_inner][\/vc_row_inner][vc_separator style=&#8221;double&#8221; css=&#8221;.vc_custom_1527940207342{padding-top: 35px !important;padding-bottom: 35px !important;}&#8221;][vc_row_inner][vc_column_inner width=&#8221;1\/3&#8243;][vc_single_image image=&#8221;1522&#8243; img_size=&#8221;full&#8221; alignment=&#8221;center&#8221; image_hovers=&#8221;false&#8221;][\/vc_column_inner][vc_column_inner width=&#8221;2\/3&#8243;][vc_column_text]<strong>VTS &#8211; TELESKOP\u0130K D\u0130F\u00dcZ\u00d6RLER<\/strong><br \/>\nVenGrup VTS model teleskopik dif\u00fcz\u00f6rler 60 metreye kadar tavan y\u00fckseklikleri olan mahaller i\u00e7in geli\u015ftirilmi\u015f \u00f6zel dif\u00fcz\u00f6rlerdir. Bu modeli teleskopik dif\u00fcz\u00f6rler y\u00fcksek duvarlara veya tavana monte edilebilirler. Y\u00fcksek debideki havay\u0131 istenen h\u0131zda ve istenen yere \u00fcfleyerek ideal konfor \u015fartlar\u0131n\u0131 temin ederler.[\/vc_column_text][\/vc_column_inner][\/vc_row_inner][vc_separator style=&#8221;double&#8221; css=&#8221;.vc_custom_1527940207342{padding-top: 35px !important;padding-bottom: 35px !important;}&#8221;][vc_row_inner][vc_column_inner width=&#8221;1\/3&#8243;][vc_single_image image=&#8221;1520&#8243; img_size=&#8221;full&#8221; alignment=&#8221;center&#8221; image_hovers=&#8221;false&#8221;][\/vc_column_inner][vc_column_inner width=&#8221;2\/3&#8243;][vc_column_text]<strong>VKD&nbsp;&#8211; \u0130DEAL KONFOR D\u0130F\u00dcZ\u00d6RLER\u0130<\/strong><br \/>\nVenGrup VKD model ideal konfor dif\u00fcz\u00f6rleri tavan y\u00fcksekli\u011fi 3.5 metre ve daha fazla olan mahallerde hem konfor klimas\u0131 uygulamalar\u0131nda hem end\u00fcstriyel uygulamalarda d\u00f6rt mevsim hava da\u011f\u0131t\u0131m\u0131 ger\u00e7ekle\u015ftirmek i\u00e7in tasarlanm\u0131\u015f \u00f6zel \u00fcnitelerdir. Fabrikalar, konser salonlar\u0131, sinemalar, spor salonlar\u0131 uygulama alanlar\u0131d\u0131r.[\/vc_column_text][\/vc_column_inner][\/vc_row_inner][vc_separator style=&#8221;double&#8221; css=&#8221;.vc_custom_1527940207342{padding-top: 35px !important;padding-bottom: 35px !important;}&#8221;][vc_row_inner][vc_column_inner width=&#8221;1\/3&#8243;][vc_single_image image=&#8221;1519&#8243; img_size=&#8221;full&#8221; alignment=&#8221;center&#8221; image_hovers=&#8221;false&#8221;][\/vc_column_inner][vc_column_inner width=&#8221;2\/3&#8243;][vc_column_text]<strong>VJN&nbsp;&#8211; JET NOZULLAR<\/strong><br \/>\nVenGrup VJN model jet nozullar y\u00fcksek \u00fcfleme h\u0131zlar\u0131 ve uzun \u00fcfleme mesafesi gerektiren mahallerin klimatizayon ve havaland\u0131rmas\u0131 i\u00e7in kullan\u0131lan \u00fcr\u00fcnlerdir. D\u00fc\u015f\u00fck bas\u0131n\u00e7 kay\u0131plar\u0131na ve d\u00fc\u015f\u00fck ses seviyelerine sahiptirler. Yuvarlak kanallara do\u011frudan ba\u011flanabilirler ve \u00fcfleme y\u00f6nleri elle ayarlanabilir.[\/vc_column_text][\/vc_column_inner][\/vc_row_inner][vc_separator style=&#8221;double&#8221; css=&#8221;.vc_custom_1527940207342{padding-top: 35px !important;padding-bottom: 35px !important;}&#8221;][vc_row_inner][vc_column_inner width=&#8221;1\/3&#8243;][vc_single_image image=&#8221;1521&#8243; img_size=&#8221;full&#8221; alignment=&#8221;center&#8221; image_hovers=&#8221;false&#8221;][\/vc_column_inner][vc_column_inner width=&#8221;2\/3&#8243;][vc_column_text]<strong>VLAU&nbsp;&#8211; LAM\u0130NER AKIMLI TAVANLAR<\/strong><br \/>\nVenGrup VLAU model laminer ak\u0131ml\u0131 tavanlar ameliyathane ve steril ortam gerektiren uygulamalar i\u00e7in ideal havaland\u0131rma elemanlar\u0131d\u0131r. Uygulama yap\u0131lan ortamda son derece d\u00fc\u015f\u00fck partik\u00fcl ve bakteri say\u0131m\u0131 al\u0131n\u0131r.[\/vc_column_text][\/vc_column_inner][\/vc_row_inner][vc_separator style=&#8221;double&#8221; css=&#8221;.vc_custom_1527940207342{padding-top: 35px !important;padding-bottom: 35px !important;}&#8221;][vc_row_inner][vc_column_inner width=&#8221;1\/3&#8243;][vc_single_image image=&#8221;1516&#8243; img_size=&#8221;full&#8221; alignment=&#8221;center&#8221; image_hovers=&#8221;false&#8221;][\/vc_column_inner][vc_column_inner width=&#8221;2\/3&#8243;][vc_column_text]<strong>VDT&nbsp;&#8211; D\u00d6\u015eEME T\u0130P\u0130 D\u0130F\u00dcZ\u00d6RLER<\/strong><br \/>\nVenGrup VDT model d\u00f6\u015feme tip dif\u00fcz\u00f6rler tiyatro, konser, sinema, opera, salonlar\u0131 gibi mahaller i\u00e7in haz\u0131rlanm\u0131\u015ft\u0131r. D\u00f6ner debi reglaj damperi vas\u0131ts\u0131 ile istenen hava debisi kolayl\u0131kla ayarlanabilmektedir. D\u00fc\u015f\u00fck h\u0131zda ve d\u00fc\u015f\u00fck ses seviyesinde hava \u00fcflemesi ger\u00e7ekle\u015ftirirler uygulamada koltuk alt\u0131na veya d\u00f6\u015femeye serbest olarak yerle\u015ftirilirler monte ve demonte i\u015flemleri kolayl\u0131kla ger\u00e7ekle\u015ftirilir.[\/vc_column_text][\/vc_column_inner][\/vc_row_inner][vc_separator style=&#8221;double&#8221; css=&#8221;.vc_custom_1527940207342{padding-top: 35px !important;padding-bottom: 35px !important;}&#8221;][vc_row_inner][vc_column_inner width=&#8221;1\/3&#8243;][vc_single_image image=&#8221;1517&#8243; img_size=&#8221;full&#8221; alignment=&#8221;center&#8221; image_hovers=&#8221;false&#8221;][\/vc_column_inner][vc_column_inner width=&#8221;2\/3&#8243;][vc_column_text]<strong>VDTK&nbsp;&#8211; D\u00d6\u015eEME T\u0130P\u0130 KONVEKT\u00d6RLER<\/strong><br \/>\nVenGrup VDTK model konvekt\u00f6rler ideal uygulama yerleri pencere dibidir bu sayede \u0131s\u0131tma \u00f6zelliklerine ilave olarak bu\u011fulanmay\u0131 engellerler, vitrin camlar\u0131 olan ma\u011fazalar, restoranlar, hava meydanlar\u0131 ba\u015fl\u0131ca kullan\u0131m alanlar\u0131d\u0131r. D\u00f6\u015feme betonu i\u00e7ine yerle\u015ftirildikleri i\u00e7in mahalde yer kaplamayan ve homojen bir \u0131s\u0131 da\u011f\u0131l\u0131m\u0131 sa\u011flayan havaland\u0131rma \u00fcr\u00fcnleridir.[\/vc_column_text][\/vc_column_inner][\/vc_row_inner][\/vc_column][\/vc_row][vc_row el_class=&#8221;desktop-no&#8221;][vc_column][vc_row_inner][vc_column_inner width=&#8221;1\/3&#8243;][vc_single_image image=&#8221;1518&#8243; img_size=&#8221;full&#8221; alignment=&#8221;center&#8221; image_hovers=&#8221;false&#8221;][\/vc_column_inner][vc_column_inner width=&#8221;2\/3&#8243;][vc_column_text]<strong>VFP&nbsp;&#8211; HEPA F\u0130LTREL\u0130 PLENUM KUTULAR<\/strong><br \/>\nVenGrup VFP model tavan tipi kabinler steril mahal istenen optik, elektronik, ila\u00e7, ameliyathane, gibi ortamlarda H13 ve H14 filtreleri ile uygun hava ortam\u0131n\u0131n sa\u011flanmas\u0131 amac\u0131 ile kullan\u0131l\u0131r. Filtreli plenumlar temiz oda teknolojisinin uygulanmas\u0131nda kullan\u0131lan ba\u015fl\u0131ca havaland\u0131rma \u00fcr\u00fcn\u00fcd\u00fcr. Yandan ve \u00fcstten giri\u015f olmak \u00fczere iki tipte \u00fcretilmektedir.[\/vc_column_text][\/vc_column_inner][\/vc_row_inner][vc_separator style=&#8221;double&#8221; css=&#8221;.vc_custom_1527940207342{padding-top: 35px !important;padding-bottom: 35px !important;}&#8221;][vc_row_inner][vc_column_inner width=&#8221;1\/3&#8243;][vc_single_image image=&#8221;1515&#8243; img_size=&#8221;full&#8221; alignment=&#8221;center&#8221; image_hovers=&#8221;false&#8221;][\/vc_column_inner][vc_column_inner width=&#8221;2\/3&#8243;][vc_column_text]<strong>VDD&nbsp;&#8211; D\u00dc\u015e\u00dcK HIZLI DEPLASMANLI D\u0130F\u00dcZ\u00d6RLER<\/strong><br \/>\nVenGrup VDD model d\u00fc\u015f\u00fck h\u0131zl\u0131 deplasmanl\u0131 dif\u00fcz\u00f6rler tavan y\u00fcksekli\u011fi 3,5 metre ve daha fazla olan mahallerde konfor klimas\u0131 i\u00e7in kullan\u0131lmaktad\u0131r konferans salonlar\u0131, s\u0131n\u0131flar, toplant\u0131 salonlar\u0131 s\u00fcpermarketler gibi d\u00fc\u015f\u00fck maliyetli ve t\u00fcrb\u00fclanss\u0131z deplasmanl\u0131 klima sistem uygulamas\u0131 yap\u0131lan yerler ba\u015fl\u0131ca kullan\u0131m alanlar\u0131d\u0131r.[\/vc_column_text][\/vc_column_inner][\/vc_row_inner][vc_separator style=&#8221;double&#8221; css=&#8221;.vc_custom_1527940207342{padding-top: 35px !important;padding-bottom: 35px !important;}&#8221;][vc_row_inner][vc_column_inner width=&#8221;1\/3&#8243;][vc_single_image image=&#8221;1522&#8243; img_size=&#8221;full&#8221; alignment=&#8221;center&#8221; image_hovers=&#8221;false&#8221;][\/vc_column_inner][vc_column_inner width=&#8221;2\/3&#8243;][vc_column_text]<strong>VTS &#8211; TELESKOP\u0130K D\u0130F\u00dcZ\u00d6RLER<\/strong><br \/>\nVenGrup VTS model teleskopik dif\u00fcz\u00f6rler 60 metreye kadar tavan y\u00fckseklikleri olan mahaller i\u00e7in geli\u015ftirilmi\u015f \u00f6zel dif\u00fcz\u00f6rlerdir. Bu modeli teleskopik dif\u00fcz\u00f6rler y\u00fcksek duvarlara veya tavana monte edilebilirler. Y\u00fcksek debideki havay\u0131 istenen h\u0131zda ve istenen yere \u00fcfleyerek ideal konfor \u015fartlar\u0131n\u0131 temin ederler.[\/vc_column_text][\/vc_column_inner][\/vc_row_inner][vc_separator style=&#8221;double&#8221; css=&#8221;.vc_custom_1527940207342{padding-top: 35px !important;padding-bottom: 35px !important;}&#8221;][vc_row_inner][vc_column_inner width=&#8221;1\/3&#8243;][vc_single_image image=&#8221;1520&#8243; img_size=&#8221;full&#8221; alignment=&#8221;center&#8221; image_hovers=&#8221;false&#8221;][\/vc_column_inner][vc_column_inner width=&#8221;2\/3&#8243;][vc_column_text]<strong>VKD&nbsp;&#8211; \u0130DEAL KONFOR D\u0130F\u00dcZ\u00d6RLER\u0130<\/strong><br \/>\nVenGrup VKD model ideal konfor dif\u00fcz\u00f6rleri tavan y\u00fcksekli\u011fi 3.5 metre ve daha fazla olan mahallerde hem konfor klimas\u0131 uygulamalar\u0131nda hem end\u00fcstriyel uygulamalarda d\u00f6rt mevsim hava da\u011f\u0131t\u0131m\u0131 ger\u00e7ekle\u015ftirmek i\u00e7in tasarlanm\u0131\u015f \u00f6zel \u00fcnitelerdir. Fabrikalar, konser salonlar\u0131, sinemalar, spor salonlar\u0131 uygulama alanlar\u0131d\u0131r.[\/vc_column_text][\/vc_column_inner][\/vc_row_inner][vc_separator style=&#8221;double&#8221; css=&#8221;.vc_custom_1527940207342{padding-top: 35px !important;padding-bottom: 35px !important;}&#8221;][vc_row_inner][vc_column_inner width=&#8221;1\/3&#8243;][vc_single_image image=&#8221;1519&#8243; img_size=&#8221;full&#8221; alignment=&#8221;center&#8221; image_hovers=&#8221;false&#8221;][\/vc_column_inner][vc_column_inner width=&#8221;2\/3&#8243;][vc_column_text]<strong>VJN&nbsp;&#8211; JET NOZULLAR<\/strong><br \/>\nVenGrup VJN model jet nozullar y\u00fcksek \u00fcfleme h\u0131zlar\u0131 ve uzun \u00fcfleme mesafesi gerektiren mahallerin klimatizayon ve havaland\u0131rmas\u0131 i\u00e7in kullan\u0131lan \u00fcr\u00fcnlerdir. D\u00fc\u015f\u00fck bas\u0131n\u00e7 kay\u0131plar\u0131na ve d\u00fc\u015f\u00fck ses seviyelerine sahiptirler. Yuvarlak kanallara do\u011frudan ba\u011flanabilirler ve \u00fcfleme y\u00f6nleri elle ayarlanabilir.[\/vc_column_text][\/vc_column_inner][\/vc_row_inner][vc_separator style=&#8221;double&#8221; css=&#8221;.vc_custom_1527940207342{padding-top: 35px !important;padding-bottom: 35px !important;}&#8221;][vc_row_inner][vc_column_inner width=&#8221;1\/3&#8243;][vc_single_image image=&#8221;1521&#8243; img_size=&#8221;full&#8221; alignment=&#8221;center&#8221; image_hovers=&#8221;false&#8221;][\/vc_column_inner][vc_column_inner width=&#8221;2\/3&#8243;][vc_column_text]<strong>VLAU&nbsp;&#8211; LAM\u0130NER AKIMLI TAVANLAR<\/strong><br \/>\nVenGrup VLAU model laminer ak\u0131ml\u0131 tavanlar ameliyathane ve steril ortam gerektiren uygulamalar i\u00e7in ideal havaland\u0131rma elemanlar\u0131d\u0131r. Uygulama yap\u0131lan ortamda son derece d\u00fc\u015f\u00fck partik\u00fcl ve bakteri say\u0131m\u0131 al\u0131n\u0131r.[\/vc_column_text][\/vc_column_inner][\/vc_row_inner][vc_separator style=&#8221;double&#8221; css=&#8221;.vc_custom_1527940207342{padding-top: 35px !important;padding-bottom: 35px !important;}&#8221;][vc_row_inner][vc_column_inner width=&#8221;1\/3&#8243;][vc_single_image image=&#8221;1516&#8243; img_size=&#8221;full&#8221; alignment=&#8221;center&#8221; image_hovers=&#8221;false&#8221;][\/vc_column_inner][vc_column_inner width=&#8221;2\/3&#8243;][vc_column_text]<strong>VDT&nbsp;&#8211; D\u00d6\u015eEME T\u0130P\u0130 D\u0130F\u00dcZ\u00d6RLER<\/strong><br \/>\nVenGrup VDT model d\u00f6\u015feme tip dif\u00fcz\u00f6rler tiyatro, konser, sinema, opera, salonlar\u0131 gibi mahaller i\u00e7in haz\u0131rlanm\u0131\u015ft\u0131r. D\u00f6ner debi reglaj damperi vas\u0131ts\u0131 ile istenen hava debisi kolayl\u0131kla ayarlanabilmektedir. D\u00fc\u015f\u00fck h\u0131zda ve d\u00fc\u015f\u00fck ses seviyesinde hava \u00fcflemesi ger\u00e7ekle\u015ftirirler uygulamada koltuk alt\u0131na veya d\u00f6\u015femeye serbest olarak yerle\u015ftirilirler monte ve demonte i\u015flemleri kolayl\u0131kla ger\u00e7ekle\u015ftirilir.[\/vc_column_text][\/vc_column_inner][\/vc_row_inner][vc_separator style=&#8221;double&#8221; css=&#8221;.vc_custom_1527940207342{padding-top: 35px !important;padding-bottom: 35px !important;}&#8221;][vc_row_inner][vc_column_inner width=&#8221;1\/3&#8243;][vc_single_image image=&#8221;1517&#8243; img_size=&#8221;full&#8221; alignment=&#8221;center&#8221; image_hovers=&#8221;false&#8221;][\/vc_column_inner][vc_column_inner width=&#8221;2\/3&#8243;][vc_column_text]<strong>VDTK&nbsp;&#8211; D\u00d6\u015eEME T\u0130P\u0130 KONVEKT\u00d6RLER<\/strong><br \/>\nVenGrup VDTK model konvekt\u00f6rler ideal uygulama yerleri pencere dibidir bu sayede \u0131s\u0131tma \u00f6zelliklerine ilave olarak bu\u011fulanmay\u0131 engellerler, vitrin camlar\u0131 olan ma\u011fazalar, restoranlar, hava meydanlar\u0131 ba\u015fl\u0131ca kullan\u0131m alanlar\u0131d\u0131r. D\u00f6\u015feme betonu i\u00e7ine yerle\u015ftirildikleri i\u00e7in mahalde yer kaplamayan ve homojen bir \u0131s\u0131 da\u011f\u0131l\u0131m\u0131 sa\u011flayan havaland\u0131rma \u00fcr\u00fcnleridir.[\/vc_column_text][\/vc_column_inner][\/vc_row_inner][vc_widget_sidebar show_bg=&#8221;false&#8221; sidebar_id=&#8221;sidebar_5&#8243; el_class=&#8221;ozel-sidebar-mobil&#8221;][vc_widget_sidebar show_bg=&#8221;false&#8221; sidebar_id=&#8221;sidebar_6&#8243;][\/vc_column][\/vc_row]<\/p>\n<p><\/p>","protected":false},"excerpt":{"rendered":"<p>[vc_row el_class=&#8221;mobil-no&#8221;][vc_column width=&#8221;1\/4&#8243;][vc_widget_sidebar show_bg=&#8221;false&#8221; sidebar_id=&#8221;sidebar_5&#8243; el_class=&#8221;ozel-sidebar&#8221;][vc_widget_sidebar show_bg=&#8221;false&#8221; sidebar_id=&#8221;sidebar_6&#8243;][\/vc_column][vc_column width=&#8221;3\/4&#8243;][vc_row_inner][vc_column_inner width=&#8221;1\/3&#8243;][vc_single_image image=&#8221;1518&#8243; img_size=&#8221;full&#8221; alignment=&#8221;center&#8221; image_hovers=&#8221;false&#8221;][\/vc_column_inner][vc_column_inner width=&#8221;2\/3&#8243;][vc_column_text]VFP&nbsp;&#8211; HEPA F\u0130LTREL\u0130 PLENUM KUTULAR VenGrup VFP model tavan tipi kabinler steril mahal istenen optik, elektronik, ila\u00e7, ameliyathane, gibi ortamlarda H13 ve H14 filtreleri ile uygun hava ortam\u0131n\u0131n sa\u011flanmas\u0131 amac\u0131 ile kullan\u0131l\u0131r. Filtreli plenumlar temiz oda teknolojisinin uygulanmas\u0131nda kullan\u0131lan ba\u015fl\u0131ca havaland\u0131rma&hellip;<\/p>\n","protected":false},"author":1,"featured_media":0,"parent":713,"menu_order":0,"comment_status":"closed","ping_status":"closed","template":"","meta":{"ngg_post_thumbnail":0,"footnotes":""},"_links":{"self":[{"href":"https:\/\/www.vengrup.com\/index.php?rest_route=\/wp\/v2\/pages\/1363"}],"collection":[{"href":"https:\/\/www.vengrup.com\/index.php?rest_route=\/wp\/v2\/pages"}],"about":[{"href":"https:\/\/www.vengrup.com\/index.php?rest_route=\/wp\/v2\/types\/page"}],"author":[{"embeddable":true,"href":"https:\/\/www.vengrup.com\/index.php?rest_route=\/wp\/v2\/users\/1"}],"replies":[{"embeddable":true,"href":"https:\/\/www.vengrup.com\/index.php?rest_route=%2Fwp%2Fv2%2Fcomments&post=1363"}],"version-history":[{"count":8,"href":"https:\/\/www.vengrup.com\/index.php?rest_route=\/wp\/v2\/pages\/1363\/revisions"}],"predecessor-version":[{"id":1959,"href":"https:\/\/www.vengrup.com\/index.php?rest_route=\/wp\/v2\/pages\/1363\/revisions\/1959"}],"up":[{"embeddable":true,"href":"https:\/\/www.vengrup.com\/index.php?rest_route=\/wp\/v2\/pages\/713"}],"wp:attachment":[{"href":"https:\/\/www.vengrup.com\/index.php?rest_route=%2Fwp%2Fv2%2Fmedia&parent=1363"}],"curies":[{"name":"wp","href":"https:\/\/api.w.org\/{rel}","templated":true}]}}