{"id":1365,"date":"2018-05-30T19:04:01","date_gmt":"2018-05-30T16:04:01","guid":{"rendered":"https:\/\/www.vengrup.com\/?page_id=1365"},"modified":"2018-07-02T15:44:20","modified_gmt":"2018-07-02T12:44:20","slug":"susturucular","status":"publish","type":"page","link":"https:\/\/www.vengrup.com\/?page_id=1365","title":{"rendered":"Susturucular"},"content":{"rendered":"<p><\/p>\n<p>[vc_row el_class=&#8221;mobil-no&#8221;][vc_column width=&#8221;1\/4&#8243;][vc_widget_sidebar show_bg=&#8221;false&#8221; sidebar_id=&#8221;sidebar_5&#8243; el_class=&#8221;ozel-sidebar&#8221;][vc_widget_sidebar show_bg=&#8221;false&#8221; sidebar_id=&#8221;sidebar_6&#8243;][\/vc_column][vc_column width=&#8221;3\/4&#8243;][vc_row_inner][vc_column_inner width=&#8221;1\/3&#8243;][vc_single_image image=&#8221;1553&#8243; img_size=&#8221;full&#8221; alignment=&#8221;center&#8221; image_hovers=&#8221;false&#8221;][\/vc_column_inner][vc_column_inner width=&#8221;2\/3&#8243;][vc_column_text]<strong>VSA&nbsp;&#8211; D\u0130KD\u00d6RTGEN KES\u0130TL\u0130 KANAL T\u0130P\u0130 SUSTURUCULAR<\/strong><br \/>\nVenGrup VSA Model Dikd\u00f6rtgen kesitli kanal tipi susturucular havaya hareket veren elemanlar\u0131n ve havan\u0131n s\u00fcrt\u00fcnmesinden olu\u015fan ses \u015fiddetini d\u00fc\u015f\u00fcrmek amac\u0131 ile tasarlanm\u0131\u015ft\u0131r. Talep ve ihtiyaca g\u00f6re tasarlan\u0131p \u00fcretilmektedirler.[\/vc_column_text][\/vc_column_inner][\/vc_row_inner][vc_separator style=&#8221;double&#8221; css=&#8221;.vc_custom_1527940207342{padding-top: 35px !important;padding-bottom: 35px !important;}&#8221;][vc_row_inner][vc_column_inner width=&#8221;1\/3&#8243;][vc_single_image image=&#8221;1554&#8243; img_size=&#8221;full&#8221; alignment=&#8221;center&#8221; image_hovers=&#8221;false&#8221;][\/vc_column_inner][vc_column_inner width=&#8221;2\/3&#8243;][vc_column_text]<strong>VYSA-VDSA&nbsp;&#8211; DA\u0130RESEL KES\u0130TL\u0130 KANAL T\u0130P\u0130 SUSTURUCULAR<\/strong><br \/>\nVenGrup VYSA ve VDSA model dairesel kesitli kanal tipi susturucular havaya hareket veren elemanlar\u0131n ve havan\u0131n s\u00fcrt\u00fcnmesinden olu\u015fan ses \u015fiddetini d\u00fc\u015f\u00fcrmek amac\u0131 ile tasarlanm\u0131\u015ft\u0131r. Yuvarlak konsentrik splitterli (EDSA) ve splittersiz (EYSA) olmak \u00fczere iki ana tipte \u00fcretilmektedir.[\/vc_column_text][\/vc_column_inner][\/vc_row_inner][\/vc_column][\/vc_row][vc_row el_class=&#8221;desktop-no&#8221;][vc_column][vc_row_inner][vc_column_inner width=&#8221;1\/3&#8243;][vc_single_image image=&#8221;1553&#8243; img_size=&#8221;full&#8221; alignment=&#8221;center&#8221; image_hovers=&#8221;false&#8221;][\/vc_column_inner][vc_column_inner width=&#8221;2\/3&#8243;][vc_column_text]<strong>VSA&nbsp;&#8211; D\u0130KD\u00d6RTGEN KES\u0130TL\u0130 KANAL T\u0130P\u0130 SUSTURUCULAR<\/strong><br \/>\nVenGrup VSA Model Dikd\u00f6rtgen kesitli kanal tipi susturucular havaya hareket veren elemanlar\u0131n ve havan\u0131n s\u00fcrt\u00fcnmesinden olu\u015fan ses \u015fiddetini d\u00fc\u015f\u00fcrmek amac\u0131 ile tasarlanm\u0131\u015ft\u0131r. Talep ve ihtiyaca g\u00f6re tasarlan\u0131p \u00fcretilmektedirler.[\/vc_column_text][\/vc_column_inner][\/vc_row_inner][vc_separator style=&#8221;double&#8221; css=&#8221;.vc_custom_1527940207342{padding-top: 35px !important;padding-bottom: 35px !important;}&#8221;][vc_row_inner][vc_column_inner width=&#8221;1\/3&#8243;][vc_single_image image=&#8221;1554&#8243; img_size=&#8221;full&#8221; alignment=&#8221;center&#8221; image_hovers=&#8221;false&#8221;][\/vc_column_inner][vc_column_inner width=&#8221;2\/3&#8243;][vc_column_text]<strong>VYSA-VDSA&nbsp;&#8211; DA\u0130RESEL KES\u0130TL\u0130 KANAL T\u0130P\u0130 SUSTURUCULAR<\/strong><br \/>\nVenGrup VYSA ve VDSA model dairesel kesitli kanal tipi susturucular havaya hareket veren elemanlar\u0131n ve havan\u0131n s\u00fcrt\u00fcnmesinden olu\u015fan ses \u015fiddetini d\u00fc\u015f\u00fcrmek amac\u0131 ile tasarlanm\u0131\u015ft\u0131r. Yuvarlak konsentrik splitterli (EDSA) ve splittersiz (EYSA) olmak \u00fczere iki ana tipte \u00fcretilmektedir.[\/vc_column_text][\/vc_column_inner][\/vc_row_inner][vc_widget_sidebar show_bg=&#8221;false&#8221; sidebar_id=&#8221;sidebar_5&#8243; el_class=&#8221;ozel-sidebar-mobil&#8221;][vc_widget_sidebar show_bg=&#8221;false&#8221; sidebar_id=&#8221;sidebar_6&#8243;][\/vc_column][\/vc_row]<\/p>\n<p><\/p>","protected":false},"excerpt":{"rendered":"<p>[vc_row el_class=&#8221;mobil-no&#8221;][vc_column width=&#8221;1\/4&#8243;][vc_widget_sidebar show_bg=&#8221;false&#8221; sidebar_id=&#8221;sidebar_5&#8243; el_class=&#8221;ozel-sidebar&#8221;][vc_widget_sidebar show_bg=&#8221;false&#8221; sidebar_id=&#8221;sidebar_6&#8243;][\/vc_column][vc_column width=&#8221;3\/4&#8243;][vc_row_inner][vc_column_inner width=&#8221;1\/3&#8243;][vc_single_image image=&#8221;1553&#8243; img_size=&#8221;full&#8221; alignment=&#8221;center&#8221; image_hovers=&#8221;false&#8221;][\/vc_column_inner][vc_column_inner width=&#8221;2\/3&#8243;][vc_column_text]VSA&nbsp;&#8211; D\u0130KD\u00d6RTGEN KES\u0130TL\u0130 KANAL T\u0130P\u0130 SUSTURUCULAR VenGrup VSA Model Dikd\u00f6rtgen kesitli kanal tipi susturucular havaya hareket veren elemanlar\u0131n ve havan\u0131n s\u00fcrt\u00fcnmesinden olu\u015fan ses \u015fiddetini d\u00fc\u015f\u00fcrmek amac\u0131 ile tasarlanm\u0131\u015ft\u0131r. Talep ve ihtiyaca g\u00f6re tasarlan\u0131p \u00fcretilmektedirler.[\/vc_column_text][\/vc_column_inner][\/vc_row_inner][vc_separator style=&#8221;double&#8221; css=&#8221;.vc_custom_1527940207342{padding-top: 35px !important;padding-bottom: 35px !important;}&#8221;][vc_row_inner][vc_column_inner width=&#8221;1\/3&#8243;][vc_single_image&hellip;<\/p>\n","protected":false},"author":1,"featured_media":0,"parent":713,"menu_order":0,"comment_status":"closed","ping_status":"closed","template":"","meta":{"ngg_post_thumbnail":0,"footnotes":""},"_links":{"self":[{"href":"https:\/\/www.vengrup.com\/index.php?rest_route=\/wp\/v2\/pages\/1365"}],"collection":[{"href":"https:\/\/www.vengrup.com\/index.php?rest_route=\/wp\/v2\/pages"}],"about":[{"href":"https:\/\/www.vengrup.com\/index.php?rest_route=\/wp\/v2\/types\/page"}],"author":[{"embeddable":true,"href":"https:\/\/www.vengrup.com\/index.php?rest_route=\/wp\/v2\/users\/1"}],"replies":[{"embeddable":true,"href":"https:\/\/www.vengrup.com\/index.php?rest_route=%2Fwp%2Fv2%2Fcomments&post=1365"}],"version-history":[{"count":8,"href":"https:\/\/www.vengrup.com\/index.php?rest_route=\/wp\/v2\/pages\/1365\/revisions"}],"predecessor-version":[{"id":1960,"href":"https:\/\/www.vengrup.com\/index.php?rest_route=\/wp\/v2\/pages\/1365\/revisions\/1960"}],"up":[{"embeddable":true,"href":"https:\/\/www.vengrup.com\/index.php?rest_route=\/wp\/v2\/pages\/713"}],"wp:attachment":[{"href":"https:\/\/www.vengrup.com\/index.php?rest_route=%2Fwp%2Fv2%2Fmedia&parent=1365"}],"curies":[{"name":"wp","href":"https:\/\/api.w.org\/{rel}","templated":true}]}}