{"id":1367,"date":"2018-05-30T19:04:27","date_gmt":"2018-05-30T16:04:27","guid":{"rendered":"https:\/\/www.vengrup.com\/?page_id=1367"},"modified":"2018-07-02T15:44:47","modified_gmt":"2018-07-02T12:44:47","slug":"vav-terminal-ve-aksesuarlari","status":"publish","type":"page","link":"https:\/\/www.vengrup.com\/?page_id=1367","title":{"rendered":"Vav Terminal ve Aksesuarlar\u0131"},"content":{"rendered":"<p><\/p>\n<p>[vc_row el_class=&#8221;mobil-no&#8221;][vc_column width=&#8221;1\/4&#8243;][vc_widget_sidebar show_bg=&#8221;false&#8221; sidebar_id=&#8221;sidebar_5&#8243; el_class=&#8221;ozel-sidebar&#8221;][vc_widget_sidebar show_bg=&#8221;false&#8221; sidebar_id=&#8221;sidebar_6&#8243;][\/vc_column][vc_column width=&#8221;3\/4&#8243;][vc_row_inner][vc_column_inner width=&#8221;1\/3&#8243;][vc_single_image image=&#8221;1547&#8243; img_size=&#8221;full&#8221; alignment=&#8221;center&#8221; image_hovers=&#8221;false&#8221;][\/vc_column_inner][vc_column_inner width=&#8221;2\/3&#8243;][vc_column_text]<strong>VDH-D&nbsp;&#8211; KARE KES\u0130TL\u0130 VAV \u00dcN\u0130TELER<\/strong><br \/>\nVenGrup VDH-D model kare kesitli vav \u00fcniteleri havaland\u0131rma teknolojilerinin en ekonomik ve teknolojik uygulamalar\u0131d\u0131r. \u00dcflenen ve at\u0131lan hava miktar\u0131n\u0131n oransak olarak kontrol edilmesi ile mahal s\u0131cakl\u0131\u011f\u0131 kontrol alt\u0131na al\u0131n\u0131r. Havan\u0131n \u0131s\u0131tma veya so\u011futma maliyeti ile bas\u0131n\u00e7land\u0131rma maliyetinde d\u00fc\u015f\u00fc\u015f sa\u011flanarak i\u015fletme maliyeti azalt\u0131lm\u0131\u015f olur.[\/vc_column_text][\/vc_column_inner][\/vc_row_inner][vc_separator style=&#8221;double&#8221; css=&#8221;.vc_custom_1527940207342{padding-top: 35px !important;padding-bottom: 35px !important;}&#8221;][vc_row_inner][vc_column_inner width=&#8221;1\/3&#8243;][vc_single_image image=&#8221;1548&#8243; img_size=&#8221;full&#8221; alignment=&#8221;center&#8221; image_hovers=&#8221;false&#8221;][\/vc_column_inner][vc_column_inner width=&#8221;2\/3&#8243;][vc_column_text]<strong>VDH-Y&nbsp;&#8211; YUVARLAK KES\u0130TL\u0130 VAV TERM\u0130NAL \u00dcN\u0130TELER\u0130<\/strong><br \/>\nVenGrup VDH-Y model yuvarlak kesitli vav \u00fcniteleri havaland\u0131rma teknolojilerinin en ekonomik ve teknolojik uygulamalar\u0131d\u0131r. \u00dcflenen ve at\u0131lan hava miktar\u0131n\u0131n oransak olarak kontrol edilmesi ile mahal s\u0131cakl\u0131\u011f\u0131 kontrol alt\u0131na al\u0131n\u0131r. Havan\u0131n \u0131s\u0131tma veya so\u011futma maliyeti ile bas\u0131n\u00e7land\u0131rma maliyetinde d\u00fc\u015f\u00fc\u015f sa\u011flanarak i\u015fletme maliyeti azalt\u0131lm\u0131\u015f olur.[\/vc_column_text][\/vc_column_inner][\/vc_row_inner][vc_separator style=&#8221;double&#8221; css=&#8221;.vc_custom_1527940207342{padding-top: 35px !important;padding-bottom: 35px !important;}&#8221;][vc_row_inner][vc_column_inner width=&#8221;1\/3&#8243;][vc_single_image image=&#8221;1549&#8243; img_size=&#8221;full&#8221; alignment=&#8221;center&#8221; image_hovers=&#8221;false&#8221;][\/vc_column_inner][vc_column_inner width=&#8221;2\/3&#8243;][vc_column_text]<strong>VVRS&nbsp;&#8211; CAV-MEKAN\u0130K SAB\u0130T DEB\u0130 REG\u00dcLAT\u00d6R\u00dc<\/strong><br \/>\nVenGrup VVRS model cav mekanik sabit debi reg\u00fclat\u00f6rleri hari\u00e7ten bir enerji kullanmadan bir yay arac\u0131l\u0131\u011f\u0131 ile hava debisini istenen \u00f6l\u00e7\u00fcde sabit tutarlar. Kanaldaki bas\u0131nc\u0131n y\u00fckselme durumuna g\u00f6re yay kumandal\u0131 kanat\u00e7\u0131k kalkarak artan hava h\u0131z\u0131na bas\u0131n\u00e7 kayb\u0131n\u0131 artt\u0131r\u0131p hava debi art\u0131\u015f\u0131na engeller.[\/vc_column_text][\/vc_column_inner][\/vc_row_inner][vc_separator style=&#8221;double&#8221; css=&#8221;.vc_custom_1527940207342{padding-top: 35px !important;padding-bottom: 35px !important;}&#8221;][vc_row_inner][vc_column_inner width=&#8221;1\/3&#8243;][vc_single_image image=&#8221;1550&#8243; img_size=&#8221;full&#8221; alignment=&#8221;center&#8221; image_hovers=&#8221;false&#8221;][\/vc_column_inner][vc_column_inner width=&#8221;2\/3&#8243;][vc_column_text]<strong>VDK&nbsp;&#8211; DEB\u0130 \u00d6L\u00c7\u00dcM \u00dcN\u0130TELER\u0130<\/strong><br \/>\nVenGrup VDK model debi \u00f6l\u00e7\u00fcm \u00fcniteleri hava kanallar\u0131ndaki hava debilerini ve h\u0131zlar\u0131n\u0131 hassasiyetle \u00f6l\u00e7\u00fclebilen ekipmanlard\u0131r. \u00d6l\u00e7\u00fcmleri cihaz i\u00e7ine yerle\u015ftirilmi\u015f iki adet pilot t\u00fcp\u00fc vas\u0131tas\u0131yla yaparlar. 2 m\/s \u00fczerindeki hava h\u0131zlar\u0131n\u0131 \u00b1%5 hassasiyetle \u00f6l\u00e7erler.[\/vc_column_text][\/vc_column_inner][\/vc_row_inner][vc_separator style=&#8221;double&#8221; css=&#8221;.vc_custom_1527940207342{padding-top: 35px !important;padding-bottom: 35px !important;}&#8221;][vc_row_inner][vc_column_inner width=&#8221;1\/3&#8243;][vc_single_image image=&#8221;1551&#8243; img_size=&#8221;full&#8221; alignment=&#8221;center&#8221; image_hovers=&#8221;false&#8221;][\/vc_column_inner][vc_column_inner width=&#8221;2\/3&#8243;][vc_column_text]<strong>VEH&nbsp;&#8211; KANAL T\u0130P\u0130 ELEKTR\u0130KL\u0130 ISITICILAR<\/strong><br \/>\nVenGrup VEH model kanal tipi elektrikli \u0131s\u0131t\u0131c\u0131lar emniyet termostatl\u0131 olarak imal edilmektedir. \u00dcfleme fan\u0131n at\u0131\u015f a\u011fz\u0131na monte edilecek \u015fekilde tasarlanm\u0131\u015flard\u0131r tek veya \u00fc\u00e7 kademeli olarak \u00fcretilmektedirler.[\/vc_column_text][\/vc_column_inner][\/vc_row_inner][\/vc_column][\/vc_row][vc_row el_class=&#8221;desktop-no&#8221;][vc_column][vc_row_inner][vc_column_inner width=&#8221;1\/3&#8243;][vc_single_image image=&#8221;1547&#8243; img_size=&#8221;full&#8221; alignment=&#8221;center&#8221; image_hovers=&#8221;false&#8221;][\/vc_column_inner][vc_column_inner width=&#8221;2\/3&#8243;][vc_column_text]<strong>VDH-D&nbsp;&#8211; KARE KES\u0130TL\u0130 VAV \u00dcN\u0130TELER<\/strong><br \/>\nVenGrup VDH-D model kare kesitli vav \u00fcniteleri havaland\u0131rma teknolojilerinin en ekonomik ve teknolojik uygulamalar\u0131d\u0131r. \u00dcflenen ve at\u0131lan hava miktar\u0131n\u0131n oransak olarak kontrol edilmesi ile mahal s\u0131cakl\u0131\u011f\u0131 kontrol alt\u0131na al\u0131n\u0131r. Havan\u0131n \u0131s\u0131tma veya so\u011futma maliyeti ile bas\u0131n\u00e7land\u0131rma maliyetinde d\u00fc\u015f\u00fc\u015f sa\u011flanarak i\u015fletme maliyeti azalt\u0131lm\u0131\u015f olur.[\/vc_column_text][\/vc_column_inner][\/vc_row_inner][vc_separator style=&#8221;double&#8221; css=&#8221;.vc_custom_1527940207342{padding-top: 35px !important;padding-bottom: 35px !important;}&#8221;][vc_row_inner][vc_column_inner width=&#8221;1\/3&#8243;][vc_single_image image=&#8221;1548&#8243; img_size=&#8221;full&#8221; alignment=&#8221;center&#8221; image_hovers=&#8221;false&#8221;][\/vc_column_inner][vc_column_inner width=&#8221;2\/3&#8243;][vc_column_text]<strong>VDH-Y&nbsp;&#8211; YUVARLAK KES\u0130TL\u0130 VAV TERM\u0130NAL \u00dcN\u0130TELER\u0130<\/strong><br \/>\nVenGrup VDH-Y model yuvarlak kesitli vav \u00fcniteleri havaland\u0131rma teknolojilerinin en ekonomik ve teknolojik uygulamalar\u0131d\u0131r. \u00dcflenen ve at\u0131lan hava miktar\u0131n\u0131n oransak olarak kontrol edilmesi ile mahal s\u0131cakl\u0131\u011f\u0131 kontrol alt\u0131na al\u0131n\u0131r. Havan\u0131n \u0131s\u0131tma veya so\u011futma maliyeti ile bas\u0131n\u00e7land\u0131rma maliyetinde d\u00fc\u015f\u00fc\u015f sa\u011flanarak i\u015fletme maliyeti azalt\u0131lm\u0131\u015f olur.[\/vc_column_text][\/vc_column_inner][\/vc_row_inner][vc_separator style=&#8221;double&#8221; css=&#8221;.vc_custom_1527940207342{padding-top: 35px !important;padding-bottom: 35px !important;}&#8221;][vc_row_inner][vc_column_inner width=&#8221;1\/3&#8243;][vc_single_image image=&#8221;1549&#8243; img_size=&#8221;full&#8221; alignment=&#8221;center&#8221; image_hovers=&#8221;false&#8221;][\/vc_column_inner][vc_column_inner width=&#8221;2\/3&#8243;][vc_column_text]<strong>VVRS&nbsp;&#8211; CAV-MEKAN\u0130K SAB\u0130T DEB\u0130 REG\u00dcLAT\u00d6R\u00dc<\/strong><br \/>\nVenGrup VVRS model cav mekanik sabit debi reg\u00fclat\u00f6rleri hari\u00e7ten bir enerji kullanmadan bir yay arac\u0131l\u0131\u011f\u0131 ile hava debisini istenen \u00f6l\u00e7\u00fcde sabit tutarlar. Kanaldaki bas\u0131nc\u0131n y\u00fckselme durumuna g\u00f6re yay kumandal\u0131 kanat\u00e7\u0131k kalkarak artan hava h\u0131z\u0131na bas\u0131n\u00e7 kayb\u0131n\u0131 artt\u0131r\u0131p hava debi art\u0131\u015f\u0131na engeller.[\/vc_column_text][\/vc_column_inner][\/vc_row_inner][vc_separator style=&#8221;double&#8221; css=&#8221;.vc_custom_1527940207342{padding-top: 35px !important;padding-bottom: 35px !important;}&#8221;][vc_row_inner][vc_column_inner width=&#8221;1\/3&#8243;][vc_single_image image=&#8221;1550&#8243; img_size=&#8221;full&#8221; alignment=&#8221;center&#8221; image_hovers=&#8221;false&#8221;][\/vc_column_inner][vc_column_inner width=&#8221;2\/3&#8243;][vc_column_text]<strong>VDK&nbsp;&#8211; DEB\u0130 \u00d6L\u00c7\u00dcM \u00dcN\u0130TELER\u0130<\/strong><br \/>\nVenGrup VDK model debi \u00f6l\u00e7\u00fcm \u00fcniteleri hava kanallar\u0131ndaki hava debilerini ve h\u0131zlar\u0131n\u0131 hassasiyetle \u00f6l\u00e7\u00fclebilen ekipmanlard\u0131r. \u00d6l\u00e7\u00fcmleri cihaz i\u00e7ine yerle\u015ftirilmi\u015f iki adet pilot t\u00fcp\u00fc vas\u0131tas\u0131yla yaparlar. 2 m\/s \u00fczerindeki hava h\u0131zlar\u0131n\u0131 \u00b1%5 hassasiyetle \u00f6l\u00e7erler.[\/vc_column_text][\/vc_column_inner][\/vc_row_inner][vc_separator style=&#8221;double&#8221; css=&#8221;.vc_custom_1527940207342{padding-top: 35px !important;padding-bottom: 35px !important;}&#8221;][vc_row_inner][vc_column_inner width=&#8221;1\/3&#8243;][vc_single_image image=&#8221;1551&#8243; img_size=&#8221;full&#8221; alignment=&#8221;center&#8221; image_hovers=&#8221;false&#8221;][\/vc_column_inner][vc_column_inner width=&#8221;2\/3&#8243;][vc_column_text]<strong>VEH&nbsp;&#8211; KANAL T\u0130P\u0130 ELEKTR\u0130KL\u0130 ISITICILAR<\/strong><br \/>\nVenGrup VEH model kanal tipi elektrikli \u0131s\u0131t\u0131c\u0131lar emniyet termostatl\u0131 olarak imal edilmektedir. \u00dcfleme fan\u0131n at\u0131\u015f a\u011fz\u0131na monte edilecek \u015fekilde tasarlanm\u0131\u015flard\u0131r tek veya \u00fc\u00e7 kademeli olarak \u00fcretilmektedirler.[\/vc_column_text][\/vc_column_inner][\/vc_row_inner][vc_widget_sidebar show_bg=&#8221;false&#8221; sidebar_id=&#8221;sidebar_5&#8243; el_class=&#8221;ozel-sidebar-mobil&#8221;][vc_widget_sidebar show_bg=&#8221;false&#8221; sidebar_id=&#8221;sidebar_6&#8243;][\/vc_column][\/vc_row]<\/p>\n<p><\/p>","protected":false},"excerpt":{"rendered":"<p>[vc_row el_class=&#8221;mobil-no&#8221;][vc_column width=&#8221;1\/4&#8243;][vc_widget_sidebar show_bg=&#8221;false&#8221; sidebar_id=&#8221;sidebar_5&#8243; el_class=&#8221;ozel-sidebar&#8221;][vc_widget_sidebar show_bg=&#8221;false&#8221; sidebar_id=&#8221;sidebar_6&#8243;][\/vc_column][vc_column width=&#8221;3\/4&#8243;][vc_row_inner][vc_column_inner width=&#8221;1\/3&#8243;][vc_single_image image=&#8221;1547&#8243; img_size=&#8221;full&#8221; alignment=&#8221;center&#8221; image_hovers=&#8221;false&#8221;][\/vc_column_inner][vc_column_inner width=&#8221;2\/3&#8243;][vc_column_text]VDH-D&nbsp;&#8211; KARE KES\u0130TL\u0130 VAV \u00dcN\u0130TELER VenGrup VDH-D model kare kesitli vav \u00fcniteleri havaland\u0131rma teknolojilerinin en ekonomik ve teknolojik uygulamalar\u0131d\u0131r. \u00dcflenen ve at\u0131lan hava miktar\u0131n\u0131n oransak olarak kontrol edilmesi ile mahal s\u0131cakl\u0131\u011f\u0131 kontrol alt\u0131na al\u0131n\u0131r. Havan\u0131n \u0131s\u0131tma veya so\u011futma maliyeti ile bas\u0131n\u00e7land\u0131rma&hellip;<\/p>\n","protected":false},"author":1,"featured_media":0,"parent":713,"menu_order":0,"comment_status":"closed","ping_status":"closed","template":"","meta":{"ngg_post_thumbnail":0,"footnotes":""},"_links":{"self":[{"href":"https:\/\/www.vengrup.com\/index.php?rest_route=\/wp\/v2\/pages\/1367"}],"collection":[{"href":"https:\/\/www.vengrup.com\/index.php?rest_route=\/wp\/v2\/pages"}],"about":[{"href":"https:\/\/www.vengrup.com\/index.php?rest_route=\/wp\/v2\/types\/page"}],"author":[{"embeddable":true,"href":"https:\/\/www.vengrup.com\/index.php?rest_route=\/wp\/v2\/users\/1"}],"replies":[{"embeddable":true,"href":"https:\/\/www.vengrup.com\/index.php?rest_route=%2Fwp%2Fv2%2Fcomments&post=1367"}],"version-history":[{"count":8,"href":"https:\/\/www.vengrup.com\/index.php?rest_route=\/wp\/v2\/pages\/1367\/revisions"}],"predecessor-version":[{"id":1961,"href":"https:\/\/www.vengrup.com\/index.php?rest_route=\/wp\/v2\/pages\/1367\/revisions\/1961"}],"up":[{"embeddable":true,"href":"https:\/\/www.vengrup.com\/index.php?rest_route=\/wp\/v2\/pages\/713"}],"wp:attachment":[{"href":"https:\/\/www.vengrup.com\/index.php?rest_route=%2Fwp%2Fv2%2Fmedia&parent=1367"}],"curies":[{"name":"wp","href":"https:\/\/api.w.org\/{rel}","templated":true}]}}