{"id":1716,"date":"2018-06-05T18:11:06","date_gmt":"2018-06-05T15:11:06","guid":{"rendered":"https:\/\/www.vengrup.com\/?page_id=1716"},"modified":"2018-07-02T15:45:23","modified_gmt":"2018-07-02T12:45:23","slug":"fancoil","status":"publish","type":"page","link":"https:\/\/www.vengrup.com\/?page_id=1716","title":{"rendered":"Fancoil"},"content":{"rendered":"<p>[vc_row el_class=&#8221;mobil-no&#8221;][vc_column width=&#8221;1\/4&#8243;][vc_widget_sidebar show_bg=&#8221;false&#8221; sidebar_id=&#8221;sidebar_5&#8243; el_class=&#8221;ozel-sidebar&#8221;][vc_widget_sidebar show_bg=&#8221;false&#8221; sidebar_id=&#8221;sidebar_6&#8243;][\/vc_column][vc_column width=&#8221;3\/4&#8243;][vc_row_inner][vc_column_inner width=&#8221;1\/3&#8243;][vc_single_image image=&#8221;1718&#8243; img_size=&#8221;full&#8221; alignment=&#8221;center&#8221; image_hovers=&#8221;false&#8221;][\/vc_column_inner][vc_column_inner width=&#8221;2\/3&#8243;][vc_column_text]<strong>VFC &#8211; FANCOIL C\u0130HAZLARI<\/strong><br \/>\nVen Grup VFC serisi fan-coil cihazlar\u0131 ba\u011f\u0131ms\u0131z klima uygulamas\u0131 istenen okul, bu\u0308ro, otel ve benzeri yerler i\u00e7in. uygun cihazlard\u0131r. \u00d6zellikleri itibariyle klima sistemi bulunmayan mevcut binalara kolayl\u0131kla tatbik edilebilirler.<\/p>\n<p>&nbsp;<\/p>\n<p>Fancoil cihazlar\u0131m\u0131z asma tavan i\u00e7ine montaja ve d\u00f6\u015femeye montaja uygun u\u0308nitelerdir. \u00dcretimlerimiz kabinsiz olup asma tavan i\u00e7inde gizlenmeye veya dekoratif paneller ile kaplanmaya mu\u0308saittirler.[\/vc_column_text][\/vc_column_inner][\/vc_row_inner][\/vc_column][\/vc_row][vc_row el_class=&#8221;desktop-no&#8221;][vc_column][vc_row_inner][vc_column_inner width=&#8221;1\/3&#8243;][vc_single_image image=&#8221;1718&#8243; img_size=&#8221;full&#8221; alignment=&#8221;center&#8221; image_hovers=&#8221;false&#8221;][\/vc_column_inner][vc_column_inner width=&#8221;2\/3&#8243;][vc_column_text]<strong>VFC &#8211; FANCOIL C\u0130HAZLARI<\/strong><br \/>\nVen Grup VFC serisi fan-coil cihazlar\u0131 ba\u011f\u0131ms\u0131z klima uygulamas\u0131 istenen okul, bu\u0308ro, otel ve benzeri yerler i\u00e7in. uygun cihazlard\u0131r. \u00d6zellikleri itibariyle klima sistemi bulunmayan mevcut binalara kolayl\u0131kla tatbik edilebilirler.<\/p>\n<p>&nbsp;<\/p>\n<p>Fancoil cihazlar\u0131m\u0131z asma tavan i\u00e7ine montaja ve d\u00f6\u015femeye montaja uygun u\u0308nitelerdir. \u00dcretimlerimiz kabinsiz olup asma tavan i\u00e7inde gizlenmeye veya dekoratif paneller ile kaplanmaya mu\u0308saittirler.[\/vc_column_text][\/vc_column_inner][\/vc_row_inner][vc_widget_sidebar show_bg=&#8221;false&#8221; sidebar_id=&#8221;sidebar_5&#8243; el_class=&#8221;ozel-sidebar-mobil&#8221;][vc_widget_sidebar show_bg=&#8221;false&#8221; sidebar_id=&#8221;sidebar_6&#8243;][\/vc_column][\/vc_row]<\/p>","protected":false},"excerpt":{"rendered":"<p>[vc_row el_class=&#8221;mobil-no&#8221;][vc_column width=&#8221;1\/4&#8243;][vc_widget_sidebar show_bg=&#8221;false&#8221; sidebar_id=&#8221;sidebar_5&#8243; el_class=&#8221;ozel-sidebar&#8221;][vc_widget_sidebar show_bg=&#8221;false&#8221; sidebar_id=&#8221;sidebar_6&#8243;][\/vc_column][vc_column width=&#8221;3\/4&#8243;][vc_row_inner][vc_column_inner width=&#8221;1\/3&#8243;][vc_single_image image=&#8221;1718&#8243; img_size=&#8221;full&#8221; alignment=&#8221;center&#8221; image_hovers=&#8221;false&#8221;][\/vc_column_inner][vc_column_inner width=&#8221;2\/3&#8243;][vc_column_text]VFC &#8211; FANCOIL C\u0130HAZLARI Ven Grup VFC serisi fan-coil cihazlar\u0131 ba\u011f\u0131ms\u0131z klima uygulamas\u0131 istenen okul, bu\u0308ro, otel ve benzeri yerler i\u00e7in. uygun cihazlard\u0131r. \u00d6zellikleri itibariyle klima sistemi bulunmayan mevcut binalara kolayl\u0131kla tatbik edilebilirler. &nbsp; Fancoil cihazlar\u0131m\u0131z asma tavan i\u00e7ine montaja ve&hellip;<\/p>\n","protected":false},"author":1,"featured_media":0,"parent":713,"menu_order":0,"comment_status":"closed","ping_status":"closed","template":"","meta":{"ngg_post_thumbnail":0,"footnotes":""},"_links":{"self":[{"href":"https:\/\/www.vengrup.com\/index.php?rest_route=\/wp\/v2\/pages\/1716"}],"collection":[{"href":"https:\/\/www.vengrup.com\/index.php?rest_route=\/wp\/v2\/pages"}],"about":[{"href":"https:\/\/www.vengrup.com\/index.php?rest_route=\/wp\/v2\/types\/page"}],"author":[{"embeddable":true,"href":"https:\/\/www.vengrup.com\/index.php?rest_route=\/wp\/v2\/users\/1"}],"replies":[{"embeddable":true,"href":"https:\/\/www.vengrup.com\/index.php?rest_route=%2Fwp%2Fv2%2Fcomments&post=1716"}],"version-history":[{"count":6,"href":"https:\/\/www.vengrup.com\/index.php?rest_route=\/wp\/v2\/pages\/1716\/revisions"}],"predecessor-version":[{"id":1962,"href":"https:\/\/www.vengrup.com\/index.php?rest_route=\/wp\/v2\/pages\/1716\/revisions\/1962"}],"up":[{"embeddable":true,"href":"https:\/\/www.vengrup.com\/index.php?rest_route=\/wp\/v2\/pages\/713"}],"wp:attachment":[{"href":"https:\/\/www.vengrup.com\/index.php?rest_route=%2Fwp%2Fv2%2Fmedia&parent=1716"}],"curies":[{"name":"wp","href":"https:\/\/api.w.org\/{rel}","templated":true}]}}