{"id":765,"date":"2018-04-04T15:12:29","date_gmt":"2018-04-04T12:12:29","guid":{"rendered":"https:\/\/www.vengrup.com\/?page_id=765"},"modified":"2021-05-18T11:04:59","modified_gmt":"2021-05-18T11:04:59","slug":"iletisim","status":"publish","type":"page","link":"https:\/\/www.vengrup.com\/?page_id=765","title":{"rendered":"\u0130leti\u015fim"},"content":{"rendered":"<p>[vc_row full_width=&#8221;stretch_row&#8221;][vc_column width=&#8221;1\/2&#8243; css=&#8221;.vc_custom_1522849704000{margin-top: 0px !important;margin-bottom: 35px !important;}&#8221;][vc_custom_heading text=&#8221;VENGRUP \u0130KL\u0130MLEND\u0130RME MAK\u0130NA \u0130N\u015eAAT SAN. VE T\u0130C. LTD. \u015eT\u0130.&#8221; font_container=&#8221;tag:h2|font_size:18|text_align:left|color:%230069b4&#8243; google_fonts=&#8221;font_family:Raleway%3A100%2C200%2C300%2Cregular%2C500%2C600%2C700%2C800%2C900|font_style:600%20bold%20regular%3A600%3Anormal&#8221; css=&#8221;.vc_custom_1621335895201{margin-bottom: 15px !important;}&#8221;]<div class=\"aio-icon-component  vc_custom_1594723643335   style_1\"><div id=\"Info-box-wrap-7305\" class=\"aio-icon-box left-icon\" style=\"\"  ><div class=\"aio-icon-left\"><div class=\"ult-just-icon-wrapper  \"><div class=\"align-icon\" style=\"text-align:center;\">\n<div class=\"aio-icon none \"  style=\"color:#0069b4;font-size:36px;display:inline-block;\">\n\t<i class=\"Defaults-map-marker\"><\/i>\n<\/div><\/div><\/div><\/div><div class=\"aio-ibd-block\"><div class=\"aio-icon-description ult-responsive\"  data-ultimate-target='#Info-box-wrap-7305 .aio-icon-description'  data-responsive-json-new='{\"font-size\":\"desktop:16px;\",\"line-height\":\"\"}'  style=\"font-family:&#039;Open Sans&#039;;font-weight:500;color:#706f6f;\">Bah\u00e7elievler Mah. Sakarya Cad. No.17 Yaz\u0131ba\u015f\u0131, Torbal\u0131, \u0130zmir<\/div> <!-- description --><\/div> <!-- aio-ibd-block --><\/div> <!-- aio-icon-box --><\/div> <!-- aio-icon-component --><div class=\"aio-icon-component  vc_custom_1527880355199   style_1\"><div id=\"Info-box-wrap-5983\" class=\"aio-icon-box left-icon\" style=\"\"  ><div class=\"aio-icon-left\"><div class=\"ult-just-icon-wrapper  \"><div class=\"align-icon\" style=\"text-align:center;\">\n<div class=\"aio-icon none \"  style=\"color:#0069b4;font-size:36px;display:inline-block;\">\n\t<i class=\"Defaults-phone\"><\/i>\n<\/div><\/div><\/div><\/div><div class=\"aio-ibd-block\"><div class=\"aio-icon-description ult-responsive\"  data-ultimate-target='#Info-box-wrap-5983 .aio-icon-description'  data-responsive-json-new='{\"font-size\":\"desktop:16px;\",\"line-height\":\"\"}'  style=\"font-family:&#039;Open Sans&#039;;font-weight:500;color:#706f6f;\">+90 232 275 20 21<\/div> <!-- description --><\/div> <!-- aio-ibd-block --><\/div> <!-- aio-icon-box --><\/div> <!-- aio-icon-component --><div class=\"aio-icon-component  vc_custom_1527880362342   style_1\"><div id=\"Info-box-wrap-5702\" class=\"aio-icon-box left-icon\" style=\"\"  ><div class=\"aio-icon-left\"><div class=\"ult-just-icon-wrapper  \"><div class=\"align-icon\" style=\"text-align:center;\">\n<div class=\"aio-icon none \"  style=\"color:#0069b4;font-size:36px;display:inline-block;\">\n\t<i class=\"Defaults-fax\"><\/i>\n<\/div><\/div><\/div><\/div><div class=\"aio-ibd-block\"><div class=\"aio-icon-description ult-responsive\"  data-ultimate-target='#Info-box-wrap-5702 .aio-icon-description'  data-responsive-json-new='{\"font-size\":\"desktop:16px;\",\"line-height\":\"\"}'  style=\"font-family:&#039;Open Sans&#039;;font-weight:500;color:#706f6f;\">+90 232 275 20 21<\/div> <!-- description --><\/div> <!-- aio-ibd-block --><\/div> <!-- aio-icon-box --><\/div> <!-- aio-icon-component --><div class=\"aio-icon-component  vc_custom_1527879918306   style_1\"><div id=\"Info-box-wrap-5561\" class=\"aio-icon-box left-icon\" style=\"\"  ><div class=\"aio-icon-left\"><div class=\"ult-just-icon-wrapper  \"><div class=\"align-icon\" style=\"text-align:center;\">\n<div class=\"aio-icon none \"  style=\"color:#0069b4;font-size:36px;display:inline-block;\">\n\t<i class=\"Defaults-envelope\"><\/i>\n<\/div><\/div><\/div><\/div><div class=\"aio-ibd-block\"><div class=\"aio-icon-description ult-responsive\"  data-ultimate-target='#Info-box-wrap-5561 .aio-icon-description'  data-responsive-json-new='{\"font-size\":\"desktop:16px;\",\"line-height\":\"\"}'  style=\"font-family:&#039;Open Sans&#039;;font-weight:500;color:#706f6f;\">info@vengrup.com<\/div> <!-- description --><\/div> <!-- aio-ibd-block --><\/div> <!-- aio-icon-box --><\/div> <!-- aio-icon-component -->[\/vc_column][vc_column width=&#8221;1\/2&#8243; css=&#8221;.vc_custom_1522849711515{margin-bottom: 35px !important;}&#8221;]<div id='wrap_map_69f24e6b367ae' class='ultimate-map-wrapper ult-adjust-bottom-margin ' style='margin:0px;padding:0px; height:400px;'><div id='map_69f24e6b367ae' data-map_override='0' class='ultimate_google_map wpb_content_element page_margin_top' style='width:100%;height:400px;'><\/div><\/div><script type='text\/javascript'>\r\n\t\t\t(function($) {\r\n  \t\t\t'use strict';\r\n\t\t\tvar map_map_69f24e6b367ae = null;\r\n\t\t\tvar coordinate_map_69f24e6b367ae;\r\n\t\t\tvar isDraggable = $(document).width() > 641 ? true : false;\r\n\t\t\ttry\r\n\t\t\t{\r\n\t\t\t\tvar map_map_69f24e6b367ae = null;\r\n\t\t\t\tvar coordinate_map_69f24e6b367ae;\r\n\t\t\t\tcoordinate_map_69f24e6b367ae=new google.maps.LatLng(38.235569, 27.298993);\r\n\t\t\t\tvar mapOptions=\r\n\t\t\t\t{\r\n\t\t\t\t\tzoom: 13,\r\n\t\t\t\t\tcenter: coordinate_map_69f24e6b367ae,\r\n\t\t\t\t\tscaleControl: true,\r\n\t\t\t\t\tstreetViewControl: false,\r\n\t\t\t\t\tmapTypeControl: false,\r\n\t\t\t\t\tpanControl: false,\r\n\t\t\t\t\tzoomControl: true,\r\n\t\t\t\t\tscrollwheel: true,\r\n\t\t\t\t\tdraggable: isDraggable,\r\n\t\t\t\t\tzoomControlOptions: {\r\n\t\t\t\t\t\tposition: google.maps.ControlPosition.RIGHT_BOTTOM\r\n\t\t\t\t\t},mapTypeId: google.maps.MapTypeId.ROADMAP,};var map_map_69f24e6b367ae = new google.maps.Map(document.getElementById('map_69f24e6b367ae'),mapOptions);\r\n\t\t\t\t\t\tvar x = 'infowindow_open_value';\r\n\t\t\t\t\t\tvar marker_map_69f24e6b367ae = new google.maps.Marker({\r\n\t\t\t\t\t\tposition: new google.maps.LatLng(38.235569, 27.298993),\r\n\t\t\t\t\t\tanimation:  google.maps.Animation.DROP,\r\n\t\t\t\t\t\tmap: map_map_69f24e6b367ae,\r\n\t\t\t\t\t\ticon: 'https:\/\/www.vengrup.com\/wp-content\/uploads\/2018\/06\/maps-ikon-vengrup.png'\r\n\t\t\t\t\t});\r\n\t\t\t\t\tgoogle.maps.event.addListener(marker_map_69f24e6b367ae, 'click', toggleBounce);}\r\n\t\t\tcatch(e){};\r\n\t\t\tjQuery(document).ready(function($){\r\n\t\t\t\tgoogle.maps.event.trigger(map_map_69f24e6b367ae, 'resize');\r\n\t\t\t\t$(window).resize(function(){\r\n\t\t\t\t\tgoogle.maps.event.trigger(map_map_69f24e6b367ae, 'resize');\r\n\t\t\t\t\tif(map_map_69f24e6b367ae!=null)\r\n\t\t\t\t\t\tmap_map_69f24e6b367ae.setCenter(coordinate_map_69f24e6b367ae);\r\n\t\t\t\t});\r\n\t\t\t\t$('.ui-tabs').bind('tabsactivate', function(event, ui) {\r\n\t\t\t\t   if($(this).find('.ultimate-map-wrapper').length > 0)\r\n\t\t\t\t\t{\r\n\t\t\t\t\t\tsetTimeout(function(){\r\n\t\t\t\t\t\t\t$(window).trigger('resize');\r\n\t\t\t\t\t\t},200);\r\n\t\t\t\t\t}\r\n\t\t\t\t});\r\n\t\t\t\t$('.ui-accordion').bind('accordionactivate', function(event, ui) {\r\n\t\t\t\t   if($(this).find('.ultimate-map-wrapper').length > 0)\r\n\t\t\t\t\t{\r\n\t\t\t\t\t\tsetTimeout(function(){\r\n\t\t\t\t\t\t\t$(window).trigger('resize');\r\n\t\t\t\t\t\t},200);\r\n\t\t\t\t\t}\r\n\t\t\t\t});\r\n\t\t\t\t$(window).load(function(){\r\n\t\t\t\t\tsetTimeout(function(){\r\n\t\t\t\t\t\t$(window).trigger('resize');\r\n\t\t\t\t\t},200);\r\n\t\t\t\t});\r\n\t\t\t\t$('.ult_exp_section').select(function(){\r\n\t\t\t\t\tif($(map_map_69f24e6b367ae).parents('.ult_exp_section'))\r\n\t\t\t\t\t{\r\n\t\t\t\t\t\tsetTimeout(function(){\r\n\t\t\t\t\t\t\t$(window).trigger('resize');\r\n\t\t\t\t\t\t},200);\r\n\t\t\t\t\t}\r\n\t\t\t\t});\r\n\t\t\t\t$(document).on('onUVCModalPopupOpen', function(){\r\n\t\t\t\t\tif($(map_map_69f24e6b367ae).parents('.ult_modal-content'))\r\n\t\t\t\t\t{\r\n\t\t\t\t\t\tsetTimeout(function(){\r\n\t\t\t\t\t\t\t$(window).trigger('resize');\r\n\t\t\t\t\t\t},200);\r\n\t\t\t\t\t}\r\n\t\t\t\t});\r\n\t\t\t\t$(document).on('click','.ult_tab_li',function(){\r\n\t\t\t\t\t$(window).trigger('resize');\r\n\t\t\t\t\tsetTimeout(function(){\r\n\t\t\t\t\t\t$(window).trigger('resize');\r\n\t\t\t\t\t},200);\r\n\t\t\t\t});\r\n\t\t\t});\r\n\t\t\tfunction toggleBounce() {\r\n\t\t\t  if (marker_map_69f24e6b367ae.getAnimation() != null) {\r\n\t\t\t\tmarker_map_69f24e6b367ae.setAnimation(null);\r\n\t\t\t  } else {\r\n\t\t\t\tmarker_map_69f24e6b367ae.setAnimation(google.maps.Animation.BOUNCE);\r\n\t\t\t  }\r\n\t\t\t}\r\n\t\t\t})(jQuery);\r\n\t\t\t<\/script>[\/vc_column][\/vc_row]<\/p>","protected":false},"excerpt":{"rendered":"<p>[vc_row full_width=&#8221;stretch_row&#8221;][vc_column width=&#8221;1\/2&#8243; css=&#8221;.vc_custom_1522849704000{margin-top: 0px !important;margin-bottom: 35px !important;}&#8221;][vc_custom_heading text=&#8221;VENGRUP \u0130KL\u0130MLEND\u0130RME MAK\u0130NA \u0130N\u015eAAT SAN. VE T\u0130C. LTD. \u015eT\u0130.&#8221; font_container=&#8221;tag:h2|font_size:18|text_align:left|color:%230069b4&#8243; google_fonts=&#8221;font_family:Raleway%3A100%2C200%2C300%2Cregular%2C500%2C600%2C700%2C800%2C900|font_style:600%20bold%20regular%3A600%3Anormal&#8221; css=&#8221;.vc_custom_1621335895201{margin-bottom: 15px !important;}&#8221;][\/vc_column][vc_column width=&#8221;1\/2&#8243; css=&#8221;.vc_custom_1522849711515{margin-bottom: 35px !important;}&#8221;][\/vc_column][\/vc_row]<\/p>\n","protected":false},"author":1,"featured_media":0,"parent":0,"menu_order":0,"comment_status":"closed","ping_status":"closed","template":"","meta":{"ngg_post_thumbnail":0,"footnotes":""},"_links":{"self":[{"href":"https:\/\/www.vengrup.com\/index.php?rest_route=\/wp\/v2\/pages\/765"}],"collection":[{"href":"https:\/\/www.vengrup.com\/index.php?rest_route=\/wp\/v2\/pages"}],"about":[{"href":"https:\/\/www.vengrup.com\/index.php?rest_route=\/wp\/v2\/types\/page"}],"author":[{"embeddable":true,"href":"https:\/\/www.vengrup.com\/index.php?rest_route=\/wp\/v2\/users\/1"}],"replies":[{"embeddable":true,"href":"https:\/\/www.vengrup.com\/index.php?rest_route=%2Fwp%2Fv2%2Fcomments&post=765"}],"version-history":[{"count":19,"href":"https:\/\/www.vengrup.com\/index.php?rest_route=\/wp\/v2\/pages\/765\/revisions"}],"predecessor-version":[{"id":2005,"href":"https:\/\/www.vengrup.com\/index.php?rest_route=\/wp\/v2\/pages\/765\/revisions\/2005"}],"wp:attachment":[{"href":"https:\/\/www.vengrup.com\/index.php?rest_route=%2Fwp%2Fv2%2Fmedia&parent=765"}],"curies":[{"name":"wp","href":"https:\/\/api.w.org\/{rel}","templated":true}]}}