{"id":918,"date":"2018-05-03T00:12:18","date_gmt":"2018-05-02T21:12:18","guid":{"rendered":"https:\/\/www.vengrup.com\/?page_id=918"},"modified":"2018-07-02T15:46:25","modified_gmt":"2018-07-02T12:46:25","slug":"kalite-politikamiz","status":"publish","type":"page","link":"https:\/\/www.vengrup.com\/?page_id=918","title":{"rendered":"Kalite Politikam\u0131z"},"content":{"rendered":"<p>[vc_row el_class=&#8221;mobil-no&#8221;][vc_column width=&#8221;1\/4&#8243;][vc_widget_sidebar show_bg=&#8221;false&#8221; sidebar_id=&#8221;sidebar_7&#8243; el_class=&#8221;ozel-sidebar&#8221;][vc_widget_sidebar show_bg=&#8221;false&#8221; sidebar_id=&#8221;sidebar_6&#8243;][\/vc_column][vc_column width=&#8221;3\/4&#8243;][vc_column_text]<\/p>\n<ul>\n<li>Bilinen \u00e7evre y\u00f6netim prensiplerini benimseyip uygulayarak do\u011fal ya\u015fam\u0131 koruyacak teknolojileri takip etmek,<\/li>\n<li>Yasal zorunluluklar\u0131n uygulanmas\u0131, do\u011fal kaynaklar\u0131n korunmas\u0131, hammadde ve enerjinin, \u00fcr\u00fcn kalitesini etkilemeden daha tasarruflu kullan\u0131lmas\u0131, \u00e7al\u0131\u015fanlar\u0131m\u0131z\u0131n \u00e7evre konusunda e\u011fitilmesi ve bilin\u00e7lendirilmesi,<\/li>\n<li>Ayr\u0131ca gelecek nesillere daha ya\u015fan\u0131labilir bir d\u00fcnya b\u0131rakabilmek i\u00e7in t\u00fcm imkan ve enerjimiz ile \u00fcretim yapmak,<\/li>\n<li>Uygulanmakta olan ve planlanan faaliyet ve hizmetlerimizin \u00e7evresel boyutlar\u0131 ile etkilerini do\u011fru olarak belirleyerek gerekli \u00f6nlemleri risk olu\u015fmadan temin etmek,<\/li>\n<li>Kaza ve ola\u011fan\u00fcst\u00fc durumlar sonucu olu\u015fabilecek kirlili\u011fe h\u0131zl\u0131 ve etkin \u015fekilde m\u00fcdahale edebilmek i\u00e7in acil durum m\u00fcdahale planlar\u0131 haz\u0131rlayarak, gerekli \u00f6nlemleri almak,<\/li>\n<li>Geli\u015ftirdi\u011fimiz ve \u00fcretti\u011fimiz t\u00fcm \u00fcr\u00fcnler i\u00e7in s\u00f6zle\u015fmelerde yer alan gerekleri ve m\u00fc\u015fteri isteklerini maksimum d\u00fczeyde sa\u011flamakt\u0131r. Bu temel prensip \u00e7er\u00e7evesinde s\u00fcrekli geli\u015fmeye a\u00e7\u0131k olan mevcut kalite y\u00f6netim sistemimizin gereklerini titizlikle uygulamak suretiyle g\u00fcvenilir ve m\u00fckemmel \u00fcr\u00fcn\u00fc yaratmak, uygunlu\u011funu do\u011frulamak ve m\u00fc\u015fteriye sunmak.<\/li>\n<\/ul>\n<p>&nbsp;<\/p>\n<p><strong>De\u011ferlerimiz;<\/strong><\/p>\n<ul>\n<li>M\u00fc\u015fteri Odakl\u0131l\u0131k<\/li>\n<li>G\u00fcvenilirlik<\/li>\n<li>Kalite<\/li>\n<li>\u015eeffafl\u0131k<\/li>\n<li>Tak\u0131m \u00c7al\u0131\u015fmas\u0131<\/li>\n<li>Liderlik<\/li>\n<li>\u0130nsana Sayg\u0131<\/li>\n<li>\u00c7\u00f6z\u00fcm Odakl\u0131l\u0131k<\/li>\n<li>Yarat\u0131c\u0131l\u0131\u011f\u0131 Destekleme<\/li>\n<li>A\u00e7\u0131k Fikirlilik<\/li>\n<li>\u0130\u015fbirli\u011fine A\u00e7\u0131kl\u0131k<\/li>\n<li>Sosyal Sorumluluk<\/li>\n<\/ul>\n<p>[\/vc_column_text][\/vc_column][\/vc_row][vc_row el_class=&#8221;desktop-no&#8221;][vc_column][vc_column_text]<\/p>\n<ul>\n<li>Bilinen \u00e7evre y\u00f6netim prensiplerini benimseyip uygulayarak do\u011fal ya\u015fam\u0131 koruyacak teknolojileri takip etmek,<\/li>\n<li>Yasal zorunluluklar\u0131n uygulanmas\u0131, do\u011fal kaynaklar\u0131n korunmas\u0131, hammadde ve enerjinin, \u00fcr\u00fcn kalitesini etkilemeden daha tasarruflu kullan\u0131lmas\u0131, \u00e7al\u0131\u015fanlar\u0131m\u0131z\u0131n \u00e7evre konusunda e\u011fitilmesi ve bilin\u00e7lendirilmesi,<\/li>\n<li>Ayr\u0131ca gelecek nesillere daha ya\u015fan\u0131labilir bir d\u00fcnya b\u0131rakabilmek i\u00e7in t\u00fcm imkan ve enerjimiz ile \u00fcretim yapmak,<\/li>\n<li>Uygulanmakta olan ve planlanan faaliyet ve hizmetlerimizin \u00e7evresel boyutlar\u0131 ile etkilerini do\u011fru olarak belirleyerek gerekli \u00f6nlemleri risk olu\u015fmadan temin etmek,<\/li>\n<li>Kaza ve ola\u011fan\u00fcst\u00fc durumlar sonucu olu\u015fabilecek kirlili\u011fe h\u0131zl\u0131 ve etkin \u015fekilde m\u00fcdahale edebilmek i\u00e7in acil durum m\u00fcdahale planlar\u0131 haz\u0131rlayarak, gerekli \u00f6nlemleri almak,<\/li>\n<li>Geli\u015ftirdi\u011fimiz ve \u00fcretti\u011fimiz t\u00fcm \u00fcr\u00fcnler i\u00e7in s\u00f6zle\u015fmelerde yer alan gerekleri ve m\u00fc\u015fteri isteklerini maksimum d\u00fczeyde sa\u011flamakt\u0131r. Bu temel prensip \u00e7er\u00e7evesinde s\u00fcrekli geli\u015fmeye a\u00e7\u0131k olan mevcut kalite y\u00f6netim sistemimizin gereklerini titizlikle uygulamak suretiyle g\u00fcvenilir ve m\u00fckemmel \u00fcr\u00fcn\u00fc yaratmak, uygunlu\u011funu do\u011frulamak ve m\u00fc\u015fteriye sunmak.<\/li>\n<\/ul>\n<p>&nbsp;<\/p>\n<p><strong>De\u011ferlerimiz;<\/strong><\/p>\n<ul>\n<li>M\u00fc\u015fteri Odakl\u0131l\u0131k<\/li>\n<li>G\u00fcvenilirlik<\/li>\n<li>Kalite<\/li>\n<li>\u015eeffafl\u0131k<\/li>\n<li>Tak\u0131m \u00c7al\u0131\u015fmas\u0131<\/li>\n<li>Liderlik<\/li>\n<li>\u0130nsana Sayg\u0131<\/li>\n<li>\u00c7\u00f6z\u00fcm Odakl\u0131l\u0131k<\/li>\n<li>Yarat\u0131c\u0131l\u0131\u011f\u0131 Destekleme<\/li>\n<li>A\u00e7\u0131k Fikirlilik<\/li>\n<li>\u0130\u015fbirli\u011fine A\u00e7\u0131kl\u0131k<\/li>\n<li>Sosyal Sorumluluk<\/li>\n<\/ul>\n<p>[\/vc_column_text][vc_widget_sidebar show_bg=&#8221;false&#8221; sidebar_id=&#8221;sidebar_7&#8243; el_class=&#8221;ozel-sidebar-mobil&#8221;][vc_widget_sidebar show_bg=&#8221;false&#8221; sidebar_id=&#8221;sidebar_6&#8243;][\/vc_column][\/vc_row]<\/p>","protected":false},"excerpt":{"rendered":"<p>[vc_row el_class=&#8221;mobil-no&#8221;][vc_column width=&#8221;1\/4&#8243;][vc_widget_sidebar show_bg=&#8221;false&#8221; sidebar_id=&#8221;sidebar_7&#8243; el_class=&#8221;ozel-sidebar&#8221;][vc_widget_sidebar show_bg=&#8221;false&#8221; sidebar_id=&#8221;sidebar_6&#8243;][\/vc_column][vc_column width=&#8221;3\/4&#8243;][vc_column_text] Bilinen \u00e7evre y\u00f6netim prensiplerini benimseyip uygulayarak do\u011fal ya\u015fam\u0131 koruyacak teknolojileri takip etmek, Yasal zorunluluklar\u0131n uygulanmas\u0131, do\u011fal kaynaklar\u0131n korunmas\u0131, hammadde ve enerjinin, \u00fcr\u00fcn kalitesini etkilemeden daha tasarruflu kullan\u0131lmas\u0131, \u00e7al\u0131\u015fanlar\u0131m\u0131z\u0131n \u00e7evre konusunda e\u011fitilmesi ve bilin\u00e7lendirilmesi, Ayr\u0131ca gelecek nesillere daha ya\u015fan\u0131labilir bir d\u00fcnya b\u0131rakabilmek i\u00e7in t\u00fcm imkan ve enerjimiz&hellip;<\/p>\n","protected":false},"author":1,"featured_media":0,"parent":685,"menu_order":0,"comment_status":"closed","ping_status":"closed","template":"","meta":{"ngg_post_thumbnail":0,"footnotes":""},"_links":{"self":[{"href":"https:\/\/www.vengrup.com\/index.php?rest_route=\/wp\/v2\/pages\/918"}],"collection":[{"href":"https:\/\/www.vengrup.com\/index.php?rest_route=\/wp\/v2\/pages"}],"about":[{"href":"https:\/\/www.vengrup.com\/index.php?rest_route=\/wp\/v2\/types\/page"}],"author":[{"embeddable":true,"href":"https:\/\/www.vengrup.com\/index.php?rest_route=\/wp\/v2\/users\/1"}],"replies":[{"embeddable":true,"href":"https:\/\/www.vengrup.com\/index.php?rest_route=%2Fwp%2Fv2%2Fcomments&post=918"}],"version-history":[{"count":10,"href":"https:\/\/www.vengrup.com\/index.php?rest_route=\/wp\/v2\/pages\/918\/revisions"}],"predecessor-version":[{"id":1964,"href":"https:\/\/www.vengrup.com\/index.php?rest_route=\/wp\/v2\/pages\/918\/revisions\/1964"}],"up":[{"embeddable":true,"href":"https:\/\/www.vengrup.com\/index.php?rest_route=\/wp\/v2\/pages\/685"}],"wp:attachment":[{"href":"https:\/\/www.vengrup.com\/index.php?rest_route=%2Fwp%2Fv2%2Fmedia&parent=918"}],"curies":[{"name":"wp","href":"https:\/\/api.w.org\/{rel}","templated":true}]}}